{"id":11315,"date":"2022-06-16T02:38:22","date_gmt":"2022-06-15T23:38:22","guid":{"rendered":"https:\/\/kurcaloglu.com\/?page_id=11315"},"modified":"2022-06-16T02:42:55","modified_gmt":"2022-06-15T23:42:55","slug":"makalaler-2","status":"publish","type":"page","link":"https:\/\/kurcaloglu.com\/en\/makalaler-2\/","title":{"rendered":"Makalaler &#8211; 2"},"content":{"rendered":"<div data-elementor-type=\"wp-page\" data-elementor-id=\"11315\" class=\"elementor elementor-11315\">\n\t\t\t\t\t\t<section class=\"elementor-section elementor-top-section elementor-element elementor-element-f606d3c elementor-section-boxed elementor-section-height-default elementor-section-height-default\" data-id=\"f606d3c\" data-element_type=\"section\">\n\t\t\t\t\t\t<div class=\"elementor-container elementor-column-gap-default\">\n\t\t\t\t\t<div class=\"elementor-column elementor-col-100 elementor-top-column elementor-element elementor-element-9685d46\" data-id=\"9685d46\" data-element_type=\"column\">\n\t\t\t<div class=\"elementor-widget-wrap elementor-element-populated\">\n\t\t\t\t\t\t<div class=\"elementor-element elementor-element-e54d112 elementor-widget elementor-widget-spacer\" data-id=\"e54d112\" data-element_type=\"widget\" data-widget_type=\"spacer.default\">\n\t\t\t\t<div class=\"elementor-widget-container\">\n\t\t\t\t\t<div class=\"elementor-spacer\">\n\t\t\t<div class=\"elementor-spacer-inner\"><\/div>\n\t\t<\/div>\n\t\t\t\t<\/div>\n\t\t\t\t<\/div>\n\t\t\t\t<div class=\"elementor-element elementor-element-1faf3cf elementor-widget elementor-widget-case-studies\" data-id=\"1faf3cf\" data-element_type=\"widget\" data-widget_type=\"case-studies.default\">\n\t\t\t\t<div class=\"elementor-widget-container\">\n\t\t\t\r\n\r\n<section class=\"case-study-wrap-layout2\">\r\n    <div class=\"container\">\r\n        <div class=\"row\">\r\n             \r\n            <div class=\"col-lg-3 col-md-4 col-sm-6 col-12 wow animated fadeInUp\" data-wow-delay=\"0.2s\">\r\n                <div class=\"case-study-box-layout2\">\r\n                    <div class=\"item-figure\">\r\n                        <a data-tilt href=\"https:\/\/kurcaloglu.com\/en\/yazilar\/genel-tatil-calisma-ucretleri\/\">\r\n                            <img fetchpriority=\"high\" decoding=\"async\" width=\"370\" height=\"478\" src=\"https:\/\/kurcaloglu.com\/wp-content\/uploads\/2020\/12\/is-hukuku-370x478.jpeg\" class=\"attachment-aeen-size-team2 size-aeen-size-team2\" alt=\"\" \/>                        <\/a>\r\n                    <\/div>\r\n                    <div class=\"item-content\">\r\n                        <h3 class=\"item-title\"><a href=\"https:\/\/kurcaloglu.com\/en\/yazilar\/genel-tatil-calisma-ucretleri\/\">Genel Tatil \u00c7al\u0131\u015fma \u00dccretleri<\/a><\/h3>             \r\n                                                <div class=\"item-sub-title\">   \r\n        <a href=\"https:\/\/kurcaloglu.com\/en\/aeen_case_study_category\/is-hukuku\/\">Labor Law<\/a> \r\n            <\/div>\r\n                                            <\/div>\r\n                <\/div>\r\n            <\/div>\r\n             \r\n            <div class=\"col-lg-3 col-md-4 col-sm-6 col-12 wow animated fadeInUp\" data-wow-delay=\"0.2s\">\r\n                <div class=\"case-study-box-layout2\">\r\n                    <div class=\"item-figure\">\r\n                        <a data-tilt href=\"https:\/\/kurcaloglu.com\/en\/yazilar\/icra-iflas-hukuku-acisindan-istihkak-davasi\/\">\r\n                            <img decoding=\"async\" width=\"370\" height=\"478\" src=\"https:\/\/kurcaloglu.com\/wp-content\/uploads\/2022\/06\/makale-370x478.png\" class=\"attachment-aeen-size-team2 size-aeen-size-team2\" alt=\"\" \/>                        <\/a>\r\n                    <\/div>\r\n                    <div class=\"item-content\">\r\n                        <h3 class=\"item-title\"><a href=\"https:\/\/kurcaloglu.com\/en\/yazilar\/icra-iflas-hukuku-acisindan-istihkak-davasi\/\">\u0130stihkak Davas\u0131\u200b<\/a><\/h3>             \r\n                                                <div class=\"item-sub-title\">   \r\n        <a href=\"https:\/\/kurcaloglu.com\/en\/aeen_case_study_category\/icra-iflas-hukuku\/\">Execution and Bankruptcy Law<\/a> \r\n            <\/div>\r\n                                            <\/div>\r\n                <\/div>\r\n            <\/div>\r\n             \r\n            <div class=\"col-lg-3 col-md-4 col-sm-6 col-12 wow animated fadeInUp\" data-wow-delay=\"0.2s\">\r\n                <div class=\"case-study-box-layout2\">\r\n                    <div class=\"item-figure\">\r\n                        <a data-tilt href=\"https:\/\/kurcaloglu.com\/en\/yazilar\/avukat-hukuki-danisma\/\">\r\n                            <img decoding=\"async\" width=\"370\" height=\"478\" src=\"https:\/\/kurcaloglu.com\/wp-content\/uploads\/2022\/06\/is-hukuku-370x478.png\" class=\"attachment-aeen-size-team2 size-aeen-size-team2\" alt=\"\" \/>                        <\/a>\r\n                    <\/div>\r\n                    <div class=\"item-content\">\r\n                        <h3 class=\"item-title\"><a href=\"https:\/\/kurcaloglu.com\/en\/yazilar\/avukat-hukuki-danisma\/\">Avukat Dan\u0131\u015fma<\/a><\/h3>             \r\n                                                <div class=\"item-sub-title\">   \r\n        <a href=\"https:\/\/kurcaloglu.com\/en\/aeen_case_study_category\/aile-hukuku\/\">Family and Divorce Law<\/a> \r\n        |       \r\n        <a href=\"https:\/\/kurcaloglu.com\/en\/aeen_case_study_category\/ceza-hukuku\/\">Criminal Law<\/a> \r\n        |       \r\n        <a href=\"https:\/\/kurcaloglu.com\/en\/aeen_case_study_category\/gayrimenkul-hukuku\/\">Real Estate Law<\/a> \r\n        |       \r\n        <a href=\"https:\/\/kurcaloglu.com\/en\/aeen_case_study_category\/genel\/\">General<\/a> \r\n        |       \r\n        <a href=\"https:\/\/kurcaloglu.com\/en\/aeen_case_study_category\/icra-iflas-hukuku\/\">Execution and Bankruptcy Law<\/a> \r\n        |       \r\n        <a href=\"https:\/\/kurcaloglu.com\/en\/aeen_case_study_category\/is-hukuku\/\">Labor Law<\/a> \r\n        |       \r\n        <a href=\"https:\/\/kurcaloglu.com\/en\/aeen_case_study_category\/miras-hukuku\/\">Inheritance Law<\/a> \r\n        |       \r\n        <a href=\"https:\/\/kurcaloglu.com\/en\/aeen_case_study_category\/sirketler-hukuku\/\">\u015eirketler ve Ticaretler Hukuku<\/a> \r\n        |       \r\n        <a href=\"https:\/\/kurcaloglu.com\/en\/aeen_case_study_category\/yabancilarhukuku\/\">Foreigners Law<\/a> \r\n            <\/div>\r\n                                            <\/div>\r\n                <\/div>\r\n            <\/div>\r\n             \r\n            <div class=\"col-lg-3 col-md-4 col-sm-6 col-12 wow animated fadeInUp\" data-wow-delay=\"0.2s\">\r\n                <div class=\"case-study-box-layout2\">\r\n                    <div class=\"item-figure\">\r\n                        <a data-tilt href=\"https:\/\/kurcaloglu.com\/en\/yazilar\/ceza-yargilanmasinda-ifade-ve-sorgu-nedir\/\">\r\n                            <img loading=\"lazy\" decoding=\"async\" width=\"370\" height=\"478\" src=\"https:\/\/kurcaloglu.com\/wp-content\/uploads\/2022\/06\/2-370x478.png\" class=\"attachment-aeen-size-team2 size-aeen-size-team2\" alt=\"\" \/>                        <\/a>\r\n                    <\/div>\r\n                    <div class=\"item-content\">\r\n                        <h3 class=\"item-title\"><a href=\"https:\/\/kurcaloglu.com\/en\/yazilar\/ceza-yargilanmasinda-ifade-ve-sorgu-nedir\/\">Ceza Yarg\u0131lanmas\u0131nda \u0130fade ve Sorgu Nedir ?<\/a><\/h3>             \r\n                                                <div class=\"item-sub-title\">   \r\n        <a href=\"https:\/\/kurcaloglu.com\/en\/aeen_case_study_category\/ceza-hukuku\/\">Criminal Law<\/a> \r\n        |       \r\n        <a href=\"https:\/\/kurcaloglu.com\/en\/aeen_case_study_category\/yabancilarhukuku\/\">Foreigners Law<\/a> \r\n            <\/div>\r\n                                            <\/div>\r\n                <\/div>\r\n            <\/div>\r\n             \r\n            <div class=\"col-lg-3 col-md-4 col-sm-6 col-12 wow animated fadeInUp\" data-wow-delay=\"0.2s\">\r\n                <div class=\"case-study-box-layout2\">\r\n                    <div class=\"item-figure\">\r\n                        <a data-tilt href=\"https:\/\/kurcaloglu.com\/en\/yazilar\/sirket-danismanligi-ve-avukatlik-hizmeti\/\">\r\n                            <img loading=\"lazy\" decoding=\"async\" width=\"370\" height=\"478\" src=\"https:\/\/kurcaloglu.com\/wp-content\/uploads\/2022\/10\/Sirket-avukat-370x478.jpg\" class=\"attachment-aeen-size-team2 size-aeen-size-team2\" alt=\"\" \/>                        <\/a>\r\n                    <\/div>\r\n                    <div class=\"item-content\">\r\n                        <h3 class=\"item-title\"><a href=\"https:\/\/kurcaloglu.com\/en\/yazilar\/sirket-danismanligi-ve-avukatlik-hizmeti\/\">Corporate Consultancy &amp; Legal Services<\/a><\/h3>             \r\n                                                <div class=\"item-sub-title\">   \r\n        <a href=\"https:\/\/kurcaloglu.com\/en\/aeen_case_study_category\/sirketler-hukuku\/\">\u015eirketler ve Ticaretler Hukuku<\/a> \r\n            <\/div>\r\n                                            <\/div>\r\n                <\/div>\r\n            <\/div>\r\n                    <\/div>\r\n    <\/div>\r\n<\/section>\t\t<\/div>\n\t\t\t\t<\/div>\n\t\t\t\t\t<\/div>\n\t\t<\/div>\n\t\t\t\t\t<\/div>\n\t\t<\/section>\n\t\t\t\t<\/div>","protected":false},"excerpt":{"rendered":"<p>7\/24 Acil Avukatl\u0131k Hizmetleri 7-24-avukatl\u0131k-hizmeti 7\/24 Acil Avukatl\u0131k Hizmetleri 7-24-avukatl\u0131k-hizmeti 7\/24 CEZA AVUKATI BAKIRK\u00d6Y 0850 308 0 888 7-24-avukatl\u0131k-hizmeti<\/p>","protected":false},"author":1,"featured_media":0,"parent":0,"menu_order":0,"comment_status":"closed","ping_status":"closed","template":"elementor_header_footer","meta":{"footnotes":""},"yoast_head":"<!-- This site is optimized with the Yoast SEO plugin v22.8 - https:\/\/yoast.com\/wordpress\/plugins\/seo\/ -->\n<title>Kur&ccedil;alo\u011flu Hukuk &amp; Partners- Makalaler - 2<\/title>\n<meta name=\"robots\" content=\"index, follow, max-snippet:-1, max-image-preview:large, max-video-preview:-1\" \/>\n<link rel=\"canonical\" href=\"https:\/\/kurcaloglu.com\/en\/makalaler-2\/\" \/>\n<meta property=\"og:locale\" content=\"en_GB\" \/>\n<meta property=\"og:type\" content=\"article\" \/>\n<meta property=\"og:title\" content=\"Kur&ccedil;alo\u011flu Hukuk &amp; Partners- Makalaler - 2\" \/>\n<meta property=\"og:description\" content=\"7\/24 Acil Avukatl\u0131k Hizmetleri 7-24-avukatl\u0131k-hizmeti 7\/24 Acil Avukatl\u0131k Hizmetleri 7-24-avukatl\u0131k-hizmeti 7\/24 CEZA AVUKATI BAKIRK\u00d6Y 0850 308 0 888 7-24-avukatl\u0131k-hizmeti\" \/>\n<meta property=\"og:url\" content=\"https:\/\/kurcaloglu.com\/en\/makalaler-2\/\" \/>\n<meta property=\"og:site_name\" content=\"Kur&ccedil;alo\u011flu Hukuk &amp; Partners\" \/>\n<meta property=\"article:publisher\" content=\"https:\/\/www.facebook.com\/profile.php?id=100090344741598\" \/>\n<meta property=\"article:modified_time\" content=\"2022-06-15T23:42:55+00:00\" \/>\n<meta name=\"twitter:card\" content=\"summary_large_image\" \/>\n<meta name=\"twitter:site\" content=\"@KurcalogluHukuk\" \/>\n<script type=\"application\/ld+json\" class=\"yoast-schema-graph\">{\"@context\":\"https:\/\/schema.org\",\"@graph\":[{\"@type\":\"WebPage\",\"@id\":\"https:\/\/kurcaloglu.com\/makalaler-2\/\",\"url\":\"https:\/\/kurcaloglu.com\/makalaler-2\/\",\"name\":\"Kur&ccedil;alo\u011flu Hukuk &amp; Partners- Makalaler - 2\",\"isPartOf\":{\"@id\":\"https:\/\/kurcaloglu.com\/#website\"},\"datePublished\":\"2022-06-15T23:38:22+00:00\",\"dateModified\":\"2022-06-15T23:42:55+00:00\",\"breadcrumb\":{\"@id\":\"https:\/\/kurcaloglu.com\/makalaler-2\/#breadcrumb\"},\"inLanguage\":\"en-GB\",\"potentialAction\":[{\"@type\":\"ReadAction\",\"target\":[\"https:\/\/kurcaloglu.com\/makalaler-2\/\"]}]},{\"@type\":\"BreadcrumbList\",\"@id\":\"https:\/\/kurcaloglu.com\/makalaler-2\/#breadcrumb\",\"itemListElement\":[{\"@type\":\"ListItem\",\"position\":1,\"name\":\"Anasayfa\",\"item\":\"https:\/\/kurcaloglu.com\/\"},{\"@type\":\"ListItem\",\"position\":2,\"name\":\"Makalaler &#8211; 2\"}]},{\"@type\":\"WebSite\",\"@id\":\"https:\/\/kurcaloglu.com\/#website\",\"url\":\"https:\/\/kurcaloglu.com\/\",\"name\":\"Kur\u00e7alo\u011flu Hukuk & Partners\",\"description\":\"Ceza hukuku- \u0130cra iflas hukuku, Miras hukuku, Bo\u015fanma hukuk, \u0130\u015f hukuku\",\"publisher\":{\"@id\":\"https:\/\/kurcaloglu.com\/#organization\"},\"alternateName\":\"Kur\u00e7alo\u011flu Hukuk & Partners\",\"potentialAction\":[{\"@type\":\"SearchAction\",\"target\":{\"@type\":\"EntryPoint\",\"urlTemplate\":\"https:\/\/kurcaloglu.com\/?s={search_term_string}\"},\"query-input\":\"required name=search_term_string\"}],\"inLanguage\":\"en-GB\"},{\"@type\":\"Organization\",\"@id\":\"https:\/\/kurcaloglu.com\/#organization\",\"name\":\"Kur\u00e7alo\u011flu Hukuk & Partners\",\"alternateName\":\"Kur\u00e7alo\u011flu Hukuk & Partners\",\"url\":\"https:\/\/kurcaloglu.com\/\",\"logo\":{\"@type\":\"ImageObject\",\"inLanguage\":\"en-GB\",\"@id\":\"https:\/\/kurcaloglu.com\/#\/schema\/logo\/image\/\",\"url\":\"https:\/\/kurcaloglu.com\/wp-content\/uploads\/2022\/04\/cropped-cropped-cropped-Adsiz-tasarim-1-2-1.png\",\"contentUrl\":\"https:\/\/kurcaloglu.com\/wp-content\/uploads\/2022\/04\/cropped-cropped-cropped-Adsiz-tasarim-1-2-1.png\",\"width\":245,\"height\":65,\"caption\":\"Kur\u00e7alo\u011flu Hukuk & Partners\"},\"image\":{\"@id\":\"https:\/\/kurcaloglu.com\/#\/schema\/logo\/image\/\"},\"sameAs\":[\"https:\/\/www.facebook.com\/profile.php?id=100090344741598\",\"https:\/\/x.com\/KurcalogluHukuk\",\"https:\/\/www.facebook.com\/kurcalogluhukuk&partners\",\"https:\/\/www.instagram.com\/kurcalogluhukuk&Partners\/?hl=tr\"]}]}<\/script>\n<!-- \/ Yoast SEO plugin. -->","yoast_head_json":{"title":"Kur&ccedil;alo\u011flu Hukuk &amp; Partners- Makalaler - 2","robots":{"index":"index","follow":"follow","max-snippet":"max-snippet:-1","max-image-preview":"max-image-preview:large","max-video-preview":"max-video-preview:-1"},"canonical":"https:\/\/kurcaloglu.com\/en\/makalaler-2\/","og_locale":"en_GB","og_type":"article","og_title":"Kur&ccedil;alo\u011flu Hukuk &amp; Partners- Makalaler - 2","og_description":"7\/24 Acil Avukatl\u0131k Hizmetleri 7-24-avukatl\u0131k-hizmeti 7\/24 Acil Avukatl\u0131k Hizmetleri 7-24-avukatl\u0131k-hizmeti 7\/24 CEZA AVUKATI BAKIRK\u00d6Y 0850 308 0 888 7-24-avukatl\u0131k-hizmeti","og_url":"https:\/\/kurcaloglu.com\/en\/makalaler-2\/","og_site_name":"Kur&ccedil;alo\u011flu Hukuk &amp; Partners","article_publisher":"https:\/\/www.facebook.com\/profile.php?id=100090344741598","article_modified_time":"2022-06-15T23:42:55+00:00","twitter_card":"summary_large_image","twitter_site":"@KurcalogluHukuk","schema":{"@context":"https:\/\/schema.org","@graph":[{"@type":"WebPage","@id":"https:\/\/kurcaloglu.com\/makalaler-2\/","url":"https:\/\/kurcaloglu.com\/makalaler-2\/","name":"Kur&ccedil;alo\u011flu Hukuk &amp; Partners- Makalaler - 2","isPartOf":{"@id":"https:\/\/kurcaloglu.com\/#website"},"datePublished":"2022-06-15T23:38:22+00:00","dateModified":"2022-06-15T23:42:55+00:00","breadcrumb":{"@id":"https:\/\/kurcaloglu.com\/makalaler-2\/#breadcrumb"},"inLanguage":"en-GB","potentialAction":[{"@type":"ReadAction","target":["https:\/\/kurcaloglu.com\/makalaler-2\/"]}]},{"@type":"BreadcrumbList","@id":"https:\/\/kurcaloglu.com\/makalaler-2\/#breadcrumb","itemListElement":[{"@type":"ListItem","position":1,"name":"Anasayfa","item":"https:\/\/kurcaloglu.com\/"},{"@type":"ListItem","position":2,"name":"Makalaler &#8211; 2"}]},{"@type":"WebSite","@id":"https:\/\/kurcaloglu.com\/#website","url":"https:\/\/kurcaloglu.com\/","name":"Kur\u00e7alo\u011flu Hukuk & Partners","description":"Ceza hukuku- \u0130cra iflas hukuku, Miras hukuku, Bo\u015fanma hukuk, \u0130\u015f hukuku","publisher":{"@id":"https:\/\/kurcaloglu.com\/#organization"},"alternateName":"Kur\u00e7alo\u011flu Hukuk & Partners","potentialAction":[{"@type":"SearchAction","target":{"@type":"EntryPoint","urlTemplate":"https:\/\/kurcaloglu.com\/?s={search_term_string}"},"query-input":"required name=search_term_string"}],"inLanguage":"en-GB"},{"@type":"Organization","@id":"https:\/\/kurcaloglu.com\/#organization","name":"Kur\u00e7alo\u011flu Hukuk & Partners","alternateName":"Kur\u00e7alo\u011flu Hukuk & Partners","url":"https:\/\/kurcaloglu.com\/","logo":{"@type":"ImageObject","inLanguage":"en-GB","@id":"https:\/\/kurcaloglu.com\/#\/schema\/logo\/image\/","url":"https:\/\/kurcaloglu.com\/wp-content\/uploads\/2022\/04\/cropped-cropped-cropped-Adsiz-tasarim-1-2-1.png","contentUrl":"https:\/\/kurcaloglu.com\/wp-content\/uploads\/2022\/04\/cropped-cropped-cropped-Adsiz-tasarim-1-2-1.png","width":245,"height":65,"caption":"Kur\u00e7alo\u011flu Hukuk & Partners"},"image":{"@id":"https:\/\/kurcaloglu.com\/#\/schema\/logo\/image\/"},"sameAs":["https:\/\/www.facebook.com\/profile.php?id=100090344741598","https:\/\/x.com\/KurcalogluHukuk","https:\/\/www.facebook.com\/kurcalogluhukuk&partners","https:\/\/www.instagram.com\/kurcalogluhukuk&Partners\/?hl=tr"]}]}},"_links":{"self":[{"href":"https:\/\/kurcaloglu.com\/en\/wp-json\/wp\/v2\/pages\/11315"}],"collection":[{"href":"https:\/\/kurcaloglu.com\/en\/wp-json\/wp\/v2\/pages"}],"about":[{"href":"https:\/\/kurcaloglu.com\/en\/wp-json\/wp\/v2\/types\/page"}],"author":[{"embeddable":true,"href":"https:\/\/kurcaloglu.com\/en\/wp-json\/wp\/v2\/users\/1"}],"replies":[{"embeddable":true,"href":"https:\/\/kurcaloglu.com\/en\/wp-json\/wp\/v2\/comments?post=11315"}],"version-history":[{"count":7,"href":"https:\/\/kurcaloglu.com\/en\/wp-json\/wp\/v2\/pages\/11315\/revisions"}],"predecessor-version":[{"id":11322,"href":"https:\/\/kurcaloglu.com\/en\/wp-json\/wp\/v2\/pages\/11315\/revisions\/11322"}],"wp:attachment":[{"href":"https:\/\/kurcaloglu.com\/en\/wp-json\/wp\/v2\/media?parent=11315"}],"curies":[{"name":"wp","href":"https:\/\/api.w.org\/{rel}","templated":true}]}}