{"id":13556,"date":"2022-09-06T18:05:54","date_gmt":"2022-09-06T15:05:54","guid":{"rendered":"https:\/\/kurcaloglu.com\/?page_id=13556"},"modified":"2022-09-06T18:08:57","modified_gmt":"2022-09-06T15:08:57","slug":"muris-tuketici-kredisi","status":"publish","type":"page","link":"https:\/\/kurcaloglu.com\/en\/muris-tuketici-kredisi\/","title":{"rendered":"Murisin Kulland\u0131\u011f\u0131 T\u00fcketici Kredisi"},"content":{"rendered":"<div data-elementor-type=\"wp-page\" data-elementor-id=\"13556\" class=\"elementor elementor-13556\">\n\t\t\t\t\t\t<section class=\"elementor-section elementor-top-section elementor-element elementor-element-b437a91 elementor-section-boxed elementor-section-height-default elementor-section-height-default\" data-id=\"b437a91\" data-element_type=\"section\">\n\t\t\t\t\t\t<div class=\"elementor-container elementor-column-gap-default\">\n\t\t\t\t\t<div class=\"elementor-column elementor-col-100 elementor-top-column elementor-element elementor-element-f1ee91d\" data-id=\"f1ee91d\" data-element_type=\"column\">\n\t\t\t<div class=\"elementor-widget-wrap elementor-element-populated\">\n\t\t\t\t\t\t<div class=\"elementor-element elementor-element-ff956ce elementor-widget elementor-widget-spacer\" data-id=\"ff956ce\" data-element_type=\"widget\" data-widget_type=\"spacer.default\">\n\t\t\t\t<div class=\"elementor-widget-container\">\n\t\t\t\t\t<div class=\"elementor-spacer\">\n\t\t\t<div class=\"elementor-spacer-inner\"><\/div>\n\t\t<\/div>\n\t\t\t\t<\/div>\n\t\t\t\t<\/div>\n\t\t\t\t\t<\/div>\n\t\t<\/div>\n\t\t\t\t\t<\/div>\n\t\t<\/section>\n\t\t\t\t<section class=\"elementor-section elementor-top-section elementor-element elementor-element-709e2b9 elementor-section-boxed elementor-section-height-default elementor-section-height-default\" data-id=\"709e2b9\" data-element_type=\"section\">\n\t\t\t\t\t\t<div class=\"elementor-container elementor-column-gap-default\">\n\t\t\t\t\t<div class=\"elementor-column elementor-col-100 elementor-top-column elementor-element elementor-element-66d93ea\" data-id=\"66d93ea\" data-element_type=\"column\">\n\t\t\t<div class=\"elementor-widget-wrap elementor-element-populated\">\n\t\t\t\t\t\t<div class=\"elementor-element elementor-element-26701fa elementor-widget elementor-widget-image\" data-id=\"26701fa\" data-element_type=\"widget\" data-widget_type=\"image.default\">\n\t\t\t\t<div class=\"elementor-widget-container\">\n\t\t\t\t\t\t\t\t\t\t\t\t\t<img fetchpriority=\"high\" decoding=\"async\" width=\"650\" height=\"344\" src=\"https:\/\/kurcaloglu.com\/wp-content\/uploads\/2022\/09\/650x344-tuketici-kredi-nedir-1485959631843.jpeg\" class=\"attachment-medium_large size-medium_large wp-image-13551\" alt=\"\" srcset=\"https:\/\/kurcaloglu.com\/wp-content\/uploads\/2022\/09\/650x344-tuketici-kredi-nedir-1485959631843.jpeg 650w, https:\/\/kurcaloglu.com\/wp-content\/uploads\/2022\/09\/650x344-tuketici-kredi-nedir-1485959631843-300x159.jpeg 300w\" sizes=\"(max-width: 650px) 100vw, 650px\" \/>\t\t\t\t\t\t\t\t\t\t\t\t\t<\/div>\n\t\t\t\t<\/div>\n\t\t\t\t\t<\/div>\n\t\t<\/div>\n\t\t\t\t\t<\/div>\n\t\t<\/section>\n\t\t\t\t<section class=\"elementor-section elementor-top-section elementor-element elementor-element-4ac46ad elementor-section-full_width elementor-section-height-default elementor-section-height-default\" data-id=\"4ac46ad\" data-element_type=\"section\">\n\t\t\t\t\t\t<div class=\"elementor-container elementor-column-gap-default\">\n\t\t\t\t\t<div class=\"elementor-column elementor-col-100 elementor-top-column elementor-element elementor-element-f0ff4b3\" data-id=\"f0ff4b3\" data-element_type=\"column\">\n\t\t\t<div class=\"elementor-widget-wrap elementor-element-populated\">\n\t\t\t\t\t\t<div class=\"elementor-element elementor-element-a8f0abf elementor-widget elementor-widget-heading\" data-id=\"a8f0abf\" data-element_type=\"widget\" data-widget_type=\"heading.default\">\n\t\t\t\t<div class=\"elementor-widget-container\">\n\t\t\t<h3 class=\"elementor-heading-title elementor-size-large\"><p style=\"color: rgb(0, 0, 0); line-height: 22px; margin-bottom: 0cm; direction: ltr; background: transparent; font-family: &quot;Arial&quot;, serif; font-size: 18pt; font-weight: 400; white-space: normal;\"><b style=\"background-color: transparent; font-family: &quot;Times New Roman&quot;, serif; font-size: 18pt;\">Yarg\u0131tay 13. HD., E.2016\/27243, K.2019\/4131;<\/b><br><\/p><\/h3>\t\t<\/div>\n\t\t\t\t<\/div>\n\t\t\t\t\t<\/div>\n\t\t<\/div>\n\t\t\t\t\t<\/div>\n\t\t<\/section>\n\t\t\t\t<section class=\"elementor-section elementor-top-section elementor-element elementor-element-0513fa5 elementor-section-full_width elementor-section-height-default elementor-section-height-default\" data-id=\"0513fa5\" data-element_type=\"section\">\n\t\t\t\t\t\t<div class=\"elementor-container elementor-column-gap-default\">\n\t\t\t\t\t<div class=\"elementor-column elementor-col-100 elementor-top-column elementor-element elementor-element-b74ed2a\" data-id=\"b74ed2a\" data-element_type=\"column\">\n\t\t\t<div class=\"elementor-widget-wrap elementor-element-populated\">\n\t\t\t\t\t\t<div class=\"elementor-element elementor-element-e643de6 elementor-widget elementor-widget-text-editor\" data-id=\"e643de6\" data-element_type=\"widget\" data-widget_type=\"text-editor.default\">\n\t\t\t\t<div class=\"elementor-widget-container\">\n\t\t\t\t\t\t\t<h5 class=\"western\"><span style=\"font-size: large;\"><b>Murisin Kulland\u0131\u011f\u0131 T\u00fcketici Kredisi Borcundan Dolay\u0131 Hayat Sigortas\u0131 Olmas\u0131na Ra\u011fmen Banka Do\u011frudan Miras\u00e7\u0131lara M\u00fcracaat Edemez.<\/b><\/span><\/h5><h5 class=\"western\">T.C<br \/>YARGITAY<br \/>13. HUKUK DA\u0130RES\u0130<\/h5><h5 class=\"western\"><br \/>ESAS NO: 2016\/27243<\/h5><h5 class=\"western\"><br \/>KARAR NO: 2019\/4131<\/h5><h5 class=\"western\"><br \/>KARAR TAR\u0130H\u0130: 28.03.2019<\/h5><h5 class=\"western\">MAHKEMES\u0130 : Asliye Hukuk Mahkemesi (T\u00fcketici Mahkemesi S\u0131fat\u0131yla)<\/h5><h5 class=\"western\">Taraflar aras\u0131ndaki itiraz\u0131n iptali davas\u0131n\u0131n yap\u0131lan yarg\u0131lamas\u0131 sonunda ilamda yaz\u0131l\u0131 nedenlerden dolay\u0131 davan\u0131n reddine y\u00f6nelik olarak verilen h\u00fckm\u00fcn s\u00fcresi i\u00e7inde davac\u0131 ve daval\u0131lar avukat\u0131nca temyiz edilmesi \u00fczerine dosya incelendi gere\u011fi konu\u015fulup d\u00fc\u015f\u00fcn\u00fcld\u00fc.<\/h5>\t\t\t\t\t\t<\/div>\n\t\t\t\t<\/div>\n\t\t\t\t\t<\/div>\n\t\t<\/div>\n\t\t\t\t\t<\/div>\n\t\t<\/section>\n\t\t\t\t<section class=\"elementor-section elementor-top-section elementor-element elementor-element-42f7f7e elementor-section-boxed elementor-section-height-default elementor-section-height-default\" data-id=\"42f7f7e\" data-element_type=\"section\">\n\t\t\t\t\t\t<div class=\"elementor-container elementor-column-gap-default\">\n\t\t\t\t\t<div class=\"elementor-column elementor-col-100 elementor-top-column elementor-element elementor-element-2047f55\" data-id=\"2047f55\" data-element_type=\"column\">\n\t\t\t<div class=\"elementor-widget-wrap elementor-element-populated\">\n\t\t\t\t\t\t<div class=\"elementor-element elementor-element-95b33c7 elementor-widget elementor-widget-heading\" data-id=\"95b33c7\" data-element_type=\"widget\" data-widget_type=\"heading.default\">\n\t\t\t\t<div class=\"elementor-widget-container\">\n\t\t\t<h1 class=\"elementor-heading-title elementor-size-default\"><p style=\"color: rgb(0, 0, 0); line-height: 16px; margin-bottom: 0cm; direction: ltr; background: transparent; font-family: &quot;Times New Roman&quot;, serif; font-size: 18pt; white-space: normal;\"><b>YARGITAY KARARI<\/b><span style=\"font-family: Bitter, serif; font-size: 46px; white-space: pre-wrap;\"><\/span><\/p><\/h1>\t\t<\/div>\n\t\t\t\t<\/div>\n\t\t\t\t\t<\/div>\n\t\t<\/div>\n\t\t\t\t\t<\/div>\n\t\t<\/section>\n\t\t\t\t<section class=\"elementor-section elementor-top-section elementor-element elementor-element-26ed444 elementor-section-boxed elementor-section-height-default elementor-section-height-default\" data-id=\"26ed444\" data-element_type=\"section\">\n\t\t\t\t\t\t<div class=\"elementor-container elementor-column-gap-default\">\n\t\t\t\t\t<div class=\"elementor-column elementor-col-100 elementor-top-column elementor-element elementor-element-76ad986\" data-id=\"76ad986\" data-element_type=\"column\">\n\t\t\t<div class=\"elementor-widget-wrap elementor-element-populated\">\n\t\t\t\t\t\t<div class=\"elementor-element elementor-element-e944016 elementor-widget elementor-widget-text-editor\" data-id=\"e944016\" data-element_type=\"widget\" data-widget_type=\"text-editor.default\">\n\t\t\t\t<div class=\"elementor-widget-container\">\n\t\t\t\t\t\t\t<h5 class=\"western\">Davac\u0131, daval\u0131lar\u0131n murisleri \u2026 ile imzalanan \u0130htiya\u00e7 \u2026 s\u00f6zle\u015fmesi neticesinde \u2026 kulland\u0131r\u0131lm\u0131\u015f oldu\u011funu, bor\u00e7lu \u2026\u2019\u0131n vefat\u0131 \u00fczerine, 29\/08\/2014 tarihinde, bor\u00e7lunun miras\u00e7\u0131lar\u0131na muacceliyet ihtarnamesi tebli\u011f edildi\u011fini, bakiye borcun 1 hafta i\u00e7erisinde \u00f6denmesi i\u00e7in s\u00fcre verildi\u011fini, verilen s\u00fcre i\u00e7erisinde bor\u00e7 \u00f6denmedi\u011finden borcun tahsili i\u00e7in murisin yasal miras\u00e7\u0131lar\u0131 hakk\u0131nda icra takibi ba\u015flat\u0131ld\u0131\u011f\u0131n\u0131, miras\u00e7\u0131lar\u0131n bu takibe itirazda bulundu\u011funu ileri s\u00fcrerek vaki itiraz\u0131n iptali ile icra inkar tazminat\u0131na h\u00fckmedilmesini istemi\u015ftir.<\/h5><h5 class=\"western\">Daval\u0131lar, davan\u0131n reddini dilemi\u015flerdir.<\/h5><h5 class=\"western\">Mahkemece, davan\u0131n reddine karar verilmi\u015f; h\u00fck\u00fcm, davac\u0131 ve daval\u0131lar taraf\u0131ndan temyiz edilmi\u015ftir.<\/h5><h5 class=\"western\"><b>1- <\/b>Dava, t\u00fcketici kredisinden do\u011fan alacak i\u00e7in ba\u015flat\u0131lan takibe vaki itiraz\u0131n iptali istemine ili\u015fkindir.<br \/>Davac\u0131 banka, daval\u0131lar\u0131n murislerine ait \u2026 borcunun tahsili amac\u0131yla ba\u015flat\u0131lan icra takibine yap\u0131lan itiraz\u0131n iptali isteminde bulunmu\u015f, daval\u0131 miras\u00e7\u0131lar ise, murislerinin kanser hastas\u0131 oldu\u011funun davac\u0131 banka taraf\u0131ndan bilindi\u011fini, \u2026 kullanan\u0131n ya\u015famsal riski kar\u015f\u0131s\u0131nda sigortaland\u0131\u011f\u0131n\u0131, riskin ger\u00e7ekle\u015fmi\u015f olmas\u0131 nedeniyle \u00f6denmeyen \u2026 borcunun sigorta \u015firketinden talep edilmesi gerekti\u011fini, murisleri \u2026\u2019\u0131n terekesinin borca bat\u0131k olmas\u0131ndan, yani aktif terekesi olmayan murisin miras\u0131n\u0131 ayr\u0131ca reddetmeye gerek olmad\u0131\u011f\u0131ndan, do\u011fal olarak murislerinin miras\u0131n\u0131 reddetmi\u015f say\u0131ld\u0131klar\u0131n\u0131, bu durumda bor\u00e7tan sorumlu olmad\u0131klar\u0131n\u0131 savunmu\u015flard\u0131r.<\/h5><h5 class=\"western\">Mahkemece, muris \u2026\u2019\u0131n 28\/02\/2014 tarihinde vefat etti\u011fi, dava konusu \u2026 s\u00f6zle\u015fmesine ba\u011fl\u0131 olarak d\u00fczenlenmi\u015f bulunan ve \u2026.11.2013-06.11.2017 tarihini kapsayan hayat sigortas\u0131n\u0131n teminat s\u00fcresi i\u00e7erisinde vefat\u0131n yani rizikonun ger\u00e7ekle\u015fti\u011fi, davac\u0131 bankan\u0131n poli\u00e7ede daini m\u00fcrtehin s\u0131fat\u0131 bulunmas\u0131 sebebiyle vefat tazminat\u0131n\u0131n dava d\u0131\u015f\u0131 sigorta \u015firketinden talep etme hakk\u0131n\u0131n davac\u0131 bankada bulundu\u011fu ancak kullan\u0131lmad\u0131\u011f\u0131, davac\u0131 bankan\u0131n sigorta \u015firketinden \u2026 bu vefat tazminat\u0131n\u0131 talep etmeden m\u00fcteveffa \u2026 miras\u00e7\u0131lar\u0131 hakk\u0131nda icra takibi ve dava ikamesinin TMK. 3. maddesinde bahse konu edilen iyiniyet kurallar\u0131na, \u2026 s\u00f6zle\u015fmesinin 13. maddesine ve incelenen di\u011fer mevzuata ayk\u0131r\u0131 bulundu\u011fu gerek\u00e7esiyle davan\u0131n reddine karar verilmi\u015ftir.<\/h5><h5 class=\"western\">Uyu\u015fmazl\u0131k kullan\u0131lan \u2026 borcundan dolay\u0131 hayat sigortas\u0131 olmas\u0131na ra\u011fmen miras\u00e7\u0131lara m\u00fcracaat edilip edilmeyece\u011fi noktas\u0131nda toplanmaktad\u0131r.<\/h5><h5 class=\"western\">Hemen belirtilmelidir ki, somut olayda hayat sigortas\u0131 yap\u0131ld\u0131\u011f\u0131 ve priminin \u00f6dendi\u011fi, murisin poli\u00e7eler \u00fczerinde banka lehine dain ve m\u00fcrtehin hakk\u0131 tesis etti\u011fi uyu\u015fmazl\u0131k konusu de\u011fildir. Davac\u0131 banka miras\u00e7\u0131lara kar\u015f\u0131 icra takibine ge\u00e7ti\u011fini ve daval\u0131lar\u0131n takibe haks\u0131z olarak itiraz ettiklerini beyan ederek eldeki davay\u0131 a\u00e7m\u0131\u015f ise de sigorta poli\u00e7elerinin \u00fczerinde davac\u0131 Banka\u2019n\u0131n ad\u0131na dain ve m\u00fcrtehin kayd\u0131 bulunaca\u011f\u0131 yaz\u0131l\u0131 olup sigorta \u015firketinin 01.08.2014 tarihli menfi yan\u0131t\u0131na kar\u015f\u0131 hukuki yollar davac\u0131 banka taraf\u0131ndan t\u00fcketilmeden miras\u00e7\u0131lara kar\u015f\u0131 takip ba\u015flat\u0131lmas\u0131 yerinde de\u011fildir. Mahkemece, bu husus g\u00f6zetilerek vaktinden evvel a\u00e7\u0131ld\u0131\u011f\u0131 anla\u015f\u0131lan davan\u0131n usulden reddi gerekirken, i\u015fin esas\u0131na girilerek yaz\u0131l\u0131 \u015fekilde h\u00fck\u00fcm tesisi usul ve yasaya ayk\u0131r\u0131 olup, h\u00fckm\u00fcn bozulmas\u0131n\u0131 gerektirir.<\/h5><h5 class=\"western\"><b>2- <\/b>Bozma nedenine g\u00f6re davac\u0131 ve daval\u0131lar\u0131n sair temyiz itirazlar\u0131n\u0131n incelenmesine bu a\u015famada gerek g\u00f6r\u00fclmemi\u015ftir.<\/h5>\t\t\t\t\t\t<\/div>\n\t\t\t\t<\/div>\n\t\t\t\t\t<\/div>\n\t\t<\/div>\n\t\t\t\t\t<\/div>\n\t\t<\/section>\n\t\t\t\t<section class=\"elementor-section elementor-top-section elementor-element elementor-element-e821106 elementor-section-boxed elementor-section-height-default elementor-section-height-default\" data-id=\"e821106\" data-element_type=\"section\">\n\t\t\t\t\t\t<div class=\"elementor-container elementor-column-gap-default\">\n\t\t\t\t\t<div class=\"elementor-column elementor-col-100 elementor-top-column elementor-element elementor-element-b1d6aad\" data-id=\"b1d6aad\" data-element_type=\"column\">\n\t\t\t<div class=\"elementor-widget-wrap elementor-element-populated\">\n\t\t\t\t\t\t<div class=\"elementor-element elementor-element-4c1d7f5 elementor-widget elementor-widget-text-editor\" data-id=\"4c1d7f5\" data-element_type=\"widget\" data-widget_type=\"text-editor.default\">\n\t\t\t\t<div class=\"elementor-widget-container\">\n\t\t\t\t\t\t\t<h4 class=\"western\"><u><b>SONU\u00c7: <\/b><\/u>Yukar\u0131da birinci bentte a\u00e7\u0131klanan nedenlerle h\u00fckm\u00fcn BOZULMASINA, ikinci bent gere\u011fince davac\u0131 ve daval\u0131lar\u0131n sair temyiz itirazlar\u0131n\u0131n incelenmesine yer olmad\u0131\u011f\u0131na, pe\u015fin al\u0131nan 29,20 TL harc\u0131n davac\u0131ya iadesine, HUMK\u2019nun 440\/I maddesi uyar\u0131nca tebli\u011fden itibaren \u2026 g\u00fcn i\u00e7erisinde karar d\u00fczeltme yolu a\u00e7\u0131k olmak \u00fczere, 28\/03\/2019 g\u00fcn\u00fcnde oy birli\u011fiyle karar verildi.<\/h4>\t\t\t\t\t\t<\/div>\n\t\t\t\t<\/div>\n\t\t\t\t\t<\/div>\n\t\t<\/div>\n\t\t\t\t\t<\/div>\n\t\t<\/section>\n\t\t\t\t<\/div>","protected":false},"excerpt":{"rendered":"<p>Yarg\u0131tay 13. HD., E.2016\/27243, K.2019\/4131; Murisin Kulland\u0131\u011f\u0131 T\u00fcketici Kredisi Borcundan Dolay\u0131 Hayat Sigortas\u0131 Olmas\u0131na Ra\u011fmen Banka Do\u011frudan Miras\u00e7\u0131lara M\u00fcracaat Edemez. T.CYARGITAY13. HUKUK DA\u0130RES\u0130 ESAS NO: 2016\/27243 KARAR NO: 2019\/4131 KARAR TAR\u0130H\u0130: 28.03.2019 MAHKEMES\u0130 : Asliye Hukuk Mahkemesi (T\u00fcketici Mahkemesi S\u0131fat\u0131yla) Taraflar aras\u0131ndaki itiraz\u0131n iptali davas\u0131n\u0131n yap\u0131lan yarg\u0131lamas\u0131 sonunda ilamda yaz\u0131l\u0131 nedenlerden dolay\u0131 davan\u0131n reddine y\u00f6nelik&#8230;<\/p>","protected":false},"author":1,"featured_media":0,"parent":0,"menu_order":0,"comment_status":"closed","ping_status":"closed","template":"","meta":{"footnotes":""},"yoast_head":"<!-- This site is optimized with the Yoast SEO plugin v22.8 - https:\/\/yoast.com\/wordpress\/plugins\/seo\/ -->\n<title>Kur&ccedil;alo\u011flu Hukuk &amp; Partners- Murisin Kulland\u0131\u011f\u0131 T\u00fcketici Kredisi<\/title>\n<meta name=\"robots\" content=\"index, follow, max-snippet:-1, max-image-preview:large, max-video-preview:-1\" \/>\n<link rel=\"canonical\" href=\"https:\/\/kurcaloglu.com\/en\/muris-tuketici-kredisi\/\" \/>\n<meta property=\"og:locale\" content=\"en_GB\" \/>\n<meta property=\"og:type\" content=\"article\" \/>\n<meta property=\"og:title\" content=\"Kur&ccedil;alo\u011flu Hukuk &amp; Partners- Murisin Kulland\u0131\u011f\u0131 T\u00fcketici Kredisi\" \/>\n<meta property=\"og:description\" content=\"Yarg\u0131tay 13. HD., E.2016\/27243, K.2019\/4131; Murisin Kulland\u0131\u011f\u0131 T\u00fcketici Kredisi Borcundan Dolay\u0131 Hayat Sigortas\u0131 Olmas\u0131na Ra\u011fmen Banka Do\u011frudan Miras\u00e7\u0131lara M\u00fcracaat Edemez. T.CYARGITAY13. HUKUK DA\u0130RES\u0130 ESAS NO: 2016\/27243 KARAR NO: 2019\/4131 KARAR TAR\u0130H\u0130: 28.03.2019 MAHKEMES\u0130 : Asliye Hukuk Mahkemesi (T\u00fcketici Mahkemesi S\u0131fat\u0131yla) Taraflar aras\u0131ndaki itiraz\u0131n iptali davas\u0131n\u0131n yap\u0131lan yarg\u0131lamas\u0131 sonunda ilamda yaz\u0131l\u0131 nedenlerden dolay\u0131 davan\u0131n reddine y\u00f6nelik...\" \/>\n<meta property=\"og:url\" content=\"https:\/\/kurcaloglu.com\/en\/muris-tuketici-kredisi\/\" \/>\n<meta property=\"og:site_name\" content=\"Kur&ccedil;alo\u011flu Hukuk &amp; Partners\" \/>\n<meta property=\"article:publisher\" content=\"https:\/\/www.facebook.com\/profile.php?id=100090344741598\" \/>\n<meta property=\"article:modified_time\" content=\"2022-09-06T15:08:57+00:00\" \/>\n<meta property=\"og:image\" content=\"https:\/\/kurcaloglu.com\/wp-content\/uploads\/2022\/09\/650x344-tuketici-kredi-nedir-1485959631843.jpeg\" \/>\n<meta name=\"twitter:card\" content=\"summary_large_image\" \/>\n<meta name=\"twitter:site\" content=\"@KurcalogluHukuk\" \/>\n<meta name=\"twitter:label1\" content=\"Estimated reading time\" \/>\n\t<meta name=\"twitter:data1\" content=\"4 minutes\" \/>\n<script type=\"application\/ld+json\" class=\"yoast-schema-graph\">{\"@context\":\"https:\/\/schema.org\",\"@graph\":[{\"@type\":\"WebPage\",\"@id\":\"https:\/\/kurcaloglu.com\/muris-tuketici-kredisi\/\",\"url\":\"https:\/\/kurcaloglu.com\/muris-tuketici-kredisi\/\",\"name\":\"Kur&ccedil;alo\u011flu Hukuk &amp; Partners- Murisin Kulland\u0131\u011f\u0131 T\u00fcketici Kredisi\",\"isPartOf\":{\"@id\":\"https:\/\/kurcaloglu.com\/#website\"},\"primaryImageOfPage\":{\"@id\":\"https:\/\/kurcaloglu.com\/muris-tuketici-kredisi\/#primaryimage\"},\"image\":{\"@id\":\"https:\/\/kurcaloglu.com\/muris-tuketici-kredisi\/#primaryimage\"},\"thumbnailUrl\":\"https:\/\/kurcaloglu.com\/wp-content\/uploads\/2022\/09\/650x344-tuketici-kredi-nedir-1485959631843.jpeg\",\"datePublished\":\"2022-09-06T15:05:54+00:00\",\"dateModified\":\"2022-09-06T15:08:57+00:00\",\"breadcrumb\":{\"@id\":\"https:\/\/kurcaloglu.com\/muris-tuketici-kredisi\/#breadcrumb\"},\"inLanguage\":\"en-GB\",\"potentialAction\":[{\"@type\":\"ReadAction\",\"target\":[\"https:\/\/kurcaloglu.com\/muris-tuketici-kredisi\/\"]}]},{\"@type\":\"ImageObject\",\"inLanguage\":\"en-GB\",\"@id\":\"https:\/\/kurcaloglu.com\/muris-tuketici-kredisi\/#primaryimage\",\"url\":\"https:\/\/kurcaloglu.com\/wp-content\/uploads\/2022\/09\/650x344-tuketici-kredi-nedir-1485959631843.jpeg\",\"contentUrl\":\"https:\/\/kurcaloglu.com\/wp-content\/uploads\/2022\/09\/650x344-tuketici-kredi-nedir-1485959631843.jpeg\"},{\"@type\":\"BreadcrumbList\",\"@id\":\"https:\/\/kurcaloglu.com\/muris-tuketici-kredisi\/#breadcrumb\",\"itemListElement\":[{\"@type\":\"ListItem\",\"position\":1,\"name\":\"Anasayfa\",\"item\":\"https:\/\/kurcaloglu.com\/\"},{\"@type\":\"ListItem\",\"position\":2,\"name\":\"Murisin Kulland\u0131\u011f\u0131 T\u00fcketici Kredisi\"}]},{\"@type\":\"WebSite\",\"@id\":\"https:\/\/kurcaloglu.com\/#website\",\"url\":\"https:\/\/kurcaloglu.com\/\",\"name\":\"Kur\u00e7alo\u011flu Hukuk & Partners\",\"description\":\"Ceza hukuku- \u0130cra iflas hukuku, Miras hukuku, Bo\u015fanma hukuk, \u0130\u015f hukuku\",\"publisher\":{\"@id\":\"https:\/\/kurcaloglu.com\/#organization\"},\"alternateName\":\"Kur\u00e7alo\u011flu Hukuk & Partners\",\"potentialAction\":[{\"@type\":\"SearchAction\",\"target\":{\"@type\":\"EntryPoint\",\"urlTemplate\":\"https:\/\/kurcaloglu.com\/?s={search_term_string}\"},\"query-input\":\"required name=search_term_string\"}],\"inLanguage\":\"en-GB\"},{\"@type\":\"Organization\",\"@id\":\"https:\/\/kurcaloglu.com\/#organization\",\"name\":\"Kur\u00e7alo\u011flu Hukuk & Partners\",\"alternateName\":\"Kur\u00e7alo\u011flu Hukuk & Partners\",\"url\":\"https:\/\/kurcaloglu.com\/\",\"logo\":{\"@type\":\"ImageObject\",\"inLanguage\":\"en-GB\",\"@id\":\"https:\/\/kurcaloglu.com\/#\/schema\/logo\/image\/\",\"url\":\"https:\/\/kurcaloglu.com\/wp-content\/uploads\/2022\/04\/cropped-cropped-cropped-Adsiz-tasarim-1-2-1.png\",\"contentUrl\":\"https:\/\/kurcaloglu.com\/wp-content\/uploads\/2022\/04\/cropped-cropped-cropped-Adsiz-tasarim-1-2-1.png\",\"width\":245,\"height\":65,\"caption\":\"Kur\u00e7alo\u011flu Hukuk & Partners\"},\"image\":{\"@id\":\"https:\/\/kurcaloglu.com\/#\/schema\/logo\/image\/\"},\"sameAs\":[\"https:\/\/www.facebook.com\/profile.php?id=100090344741598\",\"https:\/\/x.com\/KurcalogluHukuk\",\"https:\/\/www.facebook.com\/kurcalogluhukuk&partners\",\"https:\/\/www.instagram.com\/kurcalogluhukuk&Partners\/?hl=tr\"]}]}<\/script>\n<!-- \/ Yoast SEO plugin. -->","yoast_head_json":{"title":"Kur&ccedil;alo\u011flu Hukuk &amp; Partners- Murisin Kulland\u0131\u011f\u0131 T\u00fcketici Kredisi","robots":{"index":"index","follow":"follow","max-snippet":"max-snippet:-1","max-image-preview":"max-image-preview:large","max-video-preview":"max-video-preview:-1"},"canonical":"https:\/\/kurcaloglu.com\/en\/muris-tuketici-kredisi\/","og_locale":"en_GB","og_type":"article","og_title":"Kur&ccedil;alo\u011flu Hukuk &amp; Partners- Murisin Kulland\u0131\u011f\u0131 T\u00fcketici Kredisi","og_description":"Yarg\u0131tay 13. HD., E.2016\/27243, K.2019\/4131; Murisin Kulland\u0131\u011f\u0131 T\u00fcketici Kredisi Borcundan Dolay\u0131 Hayat Sigortas\u0131 Olmas\u0131na Ra\u011fmen Banka Do\u011frudan Miras\u00e7\u0131lara M\u00fcracaat Edemez. T.CYARGITAY13. HUKUK DA\u0130RES\u0130 ESAS NO: 2016\/27243 KARAR NO: 2019\/4131 KARAR TAR\u0130H\u0130: 28.03.2019 MAHKEMES\u0130 : Asliye Hukuk Mahkemesi (T\u00fcketici Mahkemesi S\u0131fat\u0131yla) Taraflar aras\u0131ndaki itiraz\u0131n iptali davas\u0131n\u0131n yap\u0131lan yarg\u0131lamas\u0131 sonunda ilamda yaz\u0131l\u0131 nedenlerden dolay\u0131 davan\u0131n reddine y\u00f6nelik...","og_url":"https:\/\/kurcaloglu.com\/en\/muris-tuketici-kredisi\/","og_site_name":"Kur&ccedil;alo\u011flu Hukuk &amp; Partners","article_publisher":"https:\/\/www.facebook.com\/profile.php?id=100090344741598","article_modified_time":"2022-09-06T15:08:57+00:00","og_image":[{"url":"https:\/\/kurcaloglu.com\/wp-content\/uploads\/2022\/09\/650x344-tuketici-kredi-nedir-1485959631843.jpeg"}],"twitter_card":"summary_large_image","twitter_site":"@KurcalogluHukuk","twitter_misc":{"Estimated reading time":"4 minutes"},"schema":{"@context":"https:\/\/schema.org","@graph":[{"@type":"WebPage","@id":"https:\/\/kurcaloglu.com\/muris-tuketici-kredisi\/","url":"https:\/\/kurcaloglu.com\/muris-tuketici-kredisi\/","name":"Kur&ccedil;alo\u011flu Hukuk &amp; Partners- Murisin Kulland\u0131\u011f\u0131 T\u00fcketici Kredisi","isPartOf":{"@id":"https:\/\/kurcaloglu.com\/#website"},"primaryImageOfPage":{"@id":"https:\/\/kurcaloglu.com\/muris-tuketici-kredisi\/#primaryimage"},"image":{"@id":"https:\/\/kurcaloglu.com\/muris-tuketici-kredisi\/#primaryimage"},"thumbnailUrl":"https:\/\/kurcaloglu.com\/wp-content\/uploads\/2022\/09\/650x344-tuketici-kredi-nedir-1485959631843.jpeg","datePublished":"2022-09-06T15:05:54+00:00","dateModified":"2022-09-06T15:08:57+00:00","breadcrumb":{"@id":"https:\/\/kurcaloglu.com\/muris-tuketici-kredisi\/#breadcrumb"},"inLanguage":"en-GB","potentialAction":[{"@type":"ReadAction","target":["https:\/\/kurcaloglu.com\/muris-tuketici-kredisi\/"]}]},{"@type":"ImageObject","inLanguage":"en-GB","@id":"https:\/\/kurcaloglu.com\/muris-tuketici-kredisi\/#primaryimage","url":"https:\/\/kurcaloglu.com\/wp-content\/uploads\/2022\/09\/650x344-tuketici-kredi-nedir-1485959631843.jpeg","contentUrl":"https:\/\/kurcaloglu.com\/wp-content\/uploads\/2022\/09\/650x344-tuketici-kredi-nedir-1485959631843.jpeg"},{"@type":"BreadcrumbList","@id":"https:\/\/kurcaloglu.com\/muris-tuketici-kredisi\/#breadcrumb","itemListElement":[{"@type":"ListItem","position":1,"name":"Anasayfa","item":"https:\/\/kurcaloglu.com\/"},{"@type":"ListItem","position":2,"name":"Murisin Kulland\u0131\u011f\u0131 T\u00fcketici Kredisi"}]},{"@type":"WebSite","@id":"https:\/\/kurcaloglu.com\/#website","url":"https:\/\/kurcaloglu.com\/","name":"Kur\u00e7alo\u011flu Hukuk & Partners","description":"Ceza hukuku- \u0130cra iflas hukuku, Miras hukuku, Bo\u015fanma hukuk, \u0130\u015f hukuku","publisher":{"@id":"https:\/\/kurcaloglu.com\/#organization"},"alternateName":"Kur\u00e7alo\u011flu Hukuk & Partners","potentialAction":[{"@type":"SearchAction","target":{"@type":"EntryPoint","urlTemplate":"https:\/\/kurcaloglu.com\/?s={search_term_string}"},"query-input":"required name=search_term_string"}],"inLanguage":"en-GB"},{"@type":"Organization","@id":"https:\/\/kurcaloglu.com\/#organization","name":"Kur\u00e7alo\u011flu Hukuk & Partners","alternateName":"Kur\u00e7alo\u011flu Hukuk & Partners","url":"https:\/\/kurcaloglu.com\/","logo":{"@type":"ImageObject","inLanguage":"en-GB","@id":"https:\/\/kurcaloglu.com\/#\/schema\/logo\/image\/","url":"https:\/\/kurcaloglu.com\/wp-content\/uploads\/2022\/04\/cropped-cropped-cropped-Adsiz-tasarim-1-2-1.png","contentUrl":"https:\/\/kurcaloglu.com\/wp-content\/uploads\/2022\/04\/cropped-cropped-cropped-Adsiz-tasarim-1-2-1.png","width":245,"height":65,"caption":"Kur\u00e7alo\u011flu Hukuk & Partners"},"image":{"@id":"https:\/\/kurcaloglu.com\/#\/schema\/logo\/image\/"},"sameAs":["https:\/\/www.facebook.com\/profile.php?id=100090344741598","https:\/\/x.com\/KurcalogluHukuk","https:\/\/www.facebook.com\/kurcalogluhukuk&partners","https:\/\/www.instagram.com\/kurcalogluhukuk&Partners\/?hl=tr"]}]}},"_links":{"self":[{"href":"https:\/\/kurcaloglu.com\/en\/wp-json\/wp\/v2\/pages\/13556"}],"collection":[{"href":"https:\/\/kurcaloglu.com\/en\/wp-json\/wp\/v2\/pages"}],"about":[{"href":"https:\/\/kurcaloglu.com\/en\/wp-json\/wp\/v2\/types\/page"}],"author":[{"embeddable":true,"href":"https:\/\/kurcaloglu.com\/en\/wp-json\/wp\/v2\/users\/1"}],"replies":[{"embeddable":true,"href":"https:\/\/kurcaloglu.com\/en\/wp-json\/wp\/v2\/comments?post=13556"}],"version-history":[{"count":5,"href":"https:\/\/kurcaloglu.com\/en\/wp-json\/wp\/v2\/pages\/13556\/revisions"}],"predecessor-version":[{"id":14174,"href":"https:\/\/kurcaloglu.com\/en\/wp-json\/wp\/v2\/pages\/13556\/revisions\/14174"}],"wp:attachment":[{"href":"https:\/\/kurcaloglu.com\/en\/wp-json\/wp\/v2\/media?parent=13556"}],"curies":[{"name":"wp","href":"https:\/\/api.w.org\/{rel}","templated":true}]}}