{"id":13569,"date":"2022-09-06T18:18:24","date_gmt":"2022-09-06T15:18:24","guid":{"rendered":"https:\/\/kurcaloglu.com\/?page_id=13569"},"modified":"2022-09-06T18:21:19","modified_gmt":"2022-09-06T15:21:19","slug":"alt-kata-sizan-su","status":"publish","type":"page","link":"https:\/\/kurcaloglu.com\/en\/alt-kata-sizan-su\/","title":{"rendered":"Balkon ve Banyosundan Alt Kattaki Daireye S\u0131zan Su"},"content":{"rendered":"<div data-elementor-type=\"wp-page\" data-elementor-id=\"13569\" class=\"elementor elementor-13569\">\n\t\t\t\t\t\t<section class=\"elementor-section elementor-top-section elementor-element elementor-element-b437a91 elementor-section-boxed elementor-section-height-default elementor-section-height-default\" data-id=\"b437a91\" data-element_type=\"section\">\n\t\t\t\t\t\t<div class=\"elementor-container elementor-column-gap-default\">\n\t\t\t\t\t<div class=\"elementor-column elementor-col-100 elementor-top-column elementor-element elementor-element-f1ee91d\" data-id=\"f1ee91d\" data-element_type=\"column\">\n\t\t\t<div class=\"elementor-widget-wrap elementor-element-populated\">\n\t\t\t\t\t\t<div class=\"elementor-element elementor-element-ff956ce elementor-widget elementor-widget-spacer\" data-id=\"ff956ce\" data-element_type=\"widget\" data-widget_type=\"spacer.default\">\n\t\t\t\t<div class=\"elementor-widget-container\">\n\t\t\t\t\t<div class=\"elementor-spacer\">\n\t\t\t<div class=\"elementor-spacer-inner\"><\/div>\n\t\t<\/div>\n\t\t\t\t<\/div>\n\t\t\t\t<\/div>\n\t\t\t\t\t<\/div>\n\t\t<\/div>\n\t\t\t\t\t<\/div>\n\t\t<\/section>\n\t\t\t\t<section class=\"elementor-section elementor-top-section elementor-element elementor-element-709e2b9 elementor-section-boxed elementor-section-height-default elementor-section-height-default\" data-id=\"709e2b9\" data-element_type=\"section\">\n\t\t\t\t\t\t<div class=\"elementor-container elementor-column-gap-default\">\n\t\t\t\t\t<div class=\"elementor-column elementor-col-100 elementor-top-column elementor-element elementor-element-66d93ea\" data-id=\"66d93ea\" data-element_type=\"column\">\n\t\t\t<div class=\"elementor-widget-wrap elementor-element-populated\">\n\t\t\t\t\t\t<div class=\"elementor-element elementor-element-26701fa elementor-widget elementor-widget-image\" data-id=\"26701fa\" data-element_type=\"widget\" data-widget_type=\"image.default\">\n\t\t\t\t<div class=\"elementor-widget-container\">\n\t\t\t\t\t\t\t\t\t\t\t\t\t<img fetchpriority=\"high\" decoding=\"async\" width=\"768\" height=\"576\" src=\"https:\/\/kurcaloglu.com\/wp-content\/uploads\/2022\/09\/ust-kattan-su-akmasi-1200x900-1-768x576.jpeg\" class=\"attachment-medium_large size-medium_large wp-image-13565\" alt=\"\" srcset=\"https:\/\/kurcaloglu.com\/wp-content\/uploads\/2022\/09\/ust-kattan-su-akmasi-1200x900-1-768x576.jpeg 768w, https:\/\/kurcaloglu.com\/wp-content\/uploads\/2022\/09\/ust-kattan-su-akmasi-1200x900-1-300x225.jpeg 300w, https:\/\/kurcaloglu.com\/wp-content\/uploads\/2022\/09\/ust-kattan-su-akmasi-1200x900-1-1024x768.jpeg 1024w, https:\/\/kurcaloglu.com\/wp-content\/uploads\/2022\/09\/ust-kattan-su-akmasi-1200x900-1.jpeg 1200w\" sizes=\"(max-width: 768px) 100vw, 768px\" \/>\t\t\t\t\t\t\t\t\t\t\t\t\t<\/div>\n\t\t\t\t<\/div>\n\t\t\t\t\t<\/div>\n\t\t<\/div>\n\t\t\t\t\t<\/div>\n\t\t<\/section>\n\t\t\t\t<section class=\"elementor-section elementor-top-section elementor-element elementor-element-4ac46ad elementor-section-full_width elementor-section-height-default elementor-section-height-default\" data-id=\"4ac46ad\" data-element_type=\"section\">\n\t\t\t\t\t\t<div class=\"elementor-container elementor-column-gap-default\">\n\t\t\t\t\t<div class=\"elementor-column elementor-col-100 elementor-top-column elementor-element elementor-element-f0ff4b3\" data-id=\"f0ff4b3\" data-element_type=\"column\">\n\t\t\t<div class=\"elementor-widget-wrap elementor-element-populated\">\n\t\t\t\t\t\t<div class=\"elementor-element elementor-element-a8f0abf elementor-widget elementor-widget-heading\" data-id=\"a8f0abf\" data-element_type=\"widget\" data-widget_type=\"heading.default\">\n\t\t\t\t<div class=\"elementor-widget-container\">\n\t\t\t<h3 class=\"elementor-heading-title elementor-size-large\"><p style=\"color: rgb(0, 0, 0); line-height: 16px; margin-bottom: 0cm; direction: ltr; background: transparent; font-family: &quot;Times New Roman&quot;, serif; font-size: 16pt; font-weight: 600; white-space: normal;\">Yarg\u0131tay 20. HD, Esas: 2019\/1851, Karar: 2020 \/ 581<span style=\"font-family: Lora, serif; font-size: 29px; font-weight: 600; white-space: pre-wrap;\"><\/span><\/p><\/h3>\t\t<\/div>\n\t\t\t\t<\/div>\n\t\t\t\t\t<\/div>\n\t\t<\/div>\n\t\t\t\t\t<\/div>\n\t\t<\/section>\n\t\t\t\t<section class=\"elementor-section elementor-top-section elementor-element elementor-element-0513fa5 elementor-section-full_width elementor-section-height-default elementor-section-height-default\" data-id=\"0513fa5\" data-element_type=\"section\">\n\t\t\t\t\t\t<div class=\"elementor-container elementor-column-gap-extended\">\n\t\t\t\t\t<div class=\"elementor-column elementor-col-100 elementor-top-column elementor-element elementor-element-b74ed2a\" data-id=\"b74ed2a\" data-element_type=\"column\">\n\t\t\t<div class=\"elementor-widget-wrap elementor-element-populated\">\n\t\t\t\t\t\t<div class=\"elementor-element elementor-element-e643de6 elementor-widget elementor-widget-text-editor\" data-id=\"e643de6\" data-element_type=\"widget\" data-widget_type=\"text-editor.default\">\n\t\t\t\t<div class=\"elementor-widget-container\">\n\t\t\t\t\t\t\t<h5 class=\"western\">Balkon ve banyosundan alt kattaki daireye su s\u0131zan ancak tamirini yapt\u0131rmayan ki\u015finin kom\u015fusuna tazminat \u00f6demesi, akan balkon ve banyoyu tamir ettirmesi gerekir.<\/h5><h5 class=\"western\"><b>T.C.<\/b><\/h5><h5 class=\"western\"><b>YARGITAY<\/b><\/h5><h5 class=\"western\"><b>20. HUKUK DA\u0130RES\u0130<\/b><\/h5><h5 class=\"western\"><b>E. 2019\/1851<\/b><\/h5><h5 class=\"western\"><b>K. 2020\/581<\/b><\/h5><h5 class=\"western\"><b>T. 10.2.2020<\/b><\/h5><h5 class=\"western\"><u><b>DAVA :<\/b><\/u> Taraflar aras\u0131ndaki davan\u0131n yap\u0131lan duru\u015fmas\u0131 sonunda kurulan h\u00fckm\u00fcn Yarg\u0131tayca incelenmesi daval\u0131 taraf\u0131ndan istenilmekle, s\u00fcresinde oldu\u011fu anla\u015f\u0131lan temyiz dilek\u00e7esinin kabul\u00fcne karar verildikten sonra dosya incelendi, gere\u011fi d\u00fc\u015f\u00fcn\u00fcld\u00fc:<\/h5>\t\t\t\t\t\t<\/div>\n\t\t\t\t<\/div>\n\t\t\t\t\t<\/div>\n\t\t<\/div>\n\t\t\t\t\t<\/div>\n\t\t<\/section>\n\t\t\t\t<section class=\"elementor-section elementor-top-section elementor-element elementor-element-42f7f7e elementor-section-boxed elementor-section-height-default elementor-section-height-default\" data-id=\"42f7f7e\" data-element_type=\"section\">\n\t\t\t\t\t\t<div class=\"elementor-container elementor-column-gap-default\">\n\t\t\t\t\t<div class=\"elementor-column elementor-col-100 elementor-top-column elementor-element elementor-element-2047f55\" data-id=\"2047f55\" data-element_type=\"column\">\n\t\t\t<div class=\"elementor-widget-wrap elementor-element-populated\">\n\t\t\t\t\t\t<div class=\"elementor-element elementor-element-95b33c7 elementor-widget elementor-widget-heading\" data-id=\"95b33c7\" data-element_type=\"widget\" data-widget_type=\"heading.default\">\n\t\t\t\t<div class=\"elementor-widget-container\">\n\t\t\t<h1 class=\"elementor-heading-title elementor-size-default\"><p style=\"color: rgb(0, 0, 0); line-height: 16px; margin-bottom: 0cm; direction: ltr; background: transparent; font-family: &quot;Times New Roman&quot;, serif; font-size: 16pt; white-space: normal;\"><b>YARGITAY KARARI<\/b><span style=\"font-family: Bitter, serif; font-size: 46px; white-space: pre-wrap;\"><\/span><\/p><\/h1>\t\t<\/div>\n\t\t\t\t<\/div>\n\t\t\t\t\t<\/div>\n\t\t<\/div>\n\t\t\t\t\t<\/div>\n\t\t<\/section>\n\t\t\t\t<section class=\"elementor-section elementor-top-section elementor-element elementor-element-e6f8a22 elementor-section-boxed elementor-section-height-default elementor-section-height-default\" data-id=\"e6f8a22\" data-element_type=\"section\">\n\t\t\t\t\t\t<div class=\"elementor-container elementor-column-gap-default\">\n\t\t\t\t\t<div class=\"elementor-column elementor-col-100 elementor-top-column elementor-element elementor-element-4ccedf4\" data-id=\"4ccedf4\" data-element_type=\"column\">\n\t\t\t<div class=\"elementor-widget-wrap elementor-element-populated\">\n\t\t\t\t\t\t<div class=\"elementor-element elementor-element-3062ea9 elementor-widget elementor-widget-text-editor\" data-id=\"3062ea9\" data-element_type=\"widget\" data-widget_type=\"text-editor.default\">\n\t\t\t\t<div class=\"elementor-widget-container\">\n\t\t\t\t\t\t\t<h5 class=\"western\">Dava dilek\u00e7esinde, davac\u0131n\u0131n \u00fcst kat kom\u015fusu 11 numaral\u0131 daire sahibi daval\u0131 \u2026\u2019\u0131n balkon ve banyosundan gelen s\u0131z\u0131nt\u0131lar nedeniyle dairesinin zarar g\u00f6rd\u00fc\u011f\u00fc, zararlar\u0131n tespiti i\u00e7in Bak\u0131rk\u00f6y 8. Sulh Hukuk Mahkemesi\u2019nin 2012\/8 De\u011fi\u015fik i\u015f say\u0131l\u0131 dosyas\u0131nda tespit yapt\u0131rd\u0131\u011f\u0131n\u0131 bu nedenle verilen zararlar\u0131n toplam\u0131 1.168,20.-TL maddi tazminat ile 1.000,00.-TL manevi tazminata h\u00fck\u00fcm edilmesi istenilmi\u015ftir.<\/h5><h5 class=\"western\">Bak\u0131rk\u00f6y 6. Asliye Hukuk Mahkemesi 17\/9\/2013 tarihli karar\u0131 ile \u201cA\u00e7\u0131lan maddi tazminat talebinin 850,00.-TL\u2019sinin kabul\u00fcyle dava tarihinden itibaren i\u015fletilecek yasal faizi ile birlikte daval\u0131dan al\u0131n\u0131p, davac\u0131ya verilmesine, davac\u0131n\u0131n fazlaya ili\u015fkin talebinin reddine, davac\u0131n\u0131n istemi\u015f oldu\u011fu manevi tazminat\u0131n tamam\u0131n\u0131n reddine karar verilmi\u015f, ilgili h\u00fckm\u00fcn taraf vekillerince temyiz edilmesi \u00fczerine Yarg\u0131tay 18. Hukuk Dairesinin 2014\/9551 E. \u2013 2014\/16828 K. say\u0131l\u0131 ilam\u0131 ile \u201cManevi tazminat istemi y\u00f6n\u00fcnden; dosyadaki yaz\u0131lara, karar\u0131n dayand\u0131\u011f\u0131 kan\u0131tlar ile yasal gerektirici nedenlere g\u00f6re, yerinde g\u00f6r\u00fclmeyen temyiz itirazlar\u0131n\u0131n reddi ile usule ve kanuna uygun olan h\u00fckm\u00fcn onanmas\u0131na, maddi tazminat ve onar\u0131m yap\u0131lmas\u0131na dair talep y\u00f6n\u00fcnden; dava, daval\u0131ya ait ba\u011f\u0131ms\u0131z b\u00f6l\u00fcm\u00fcnden, davac\u0131ya ait ba\u011f\u0131ms\u0131z b\u00f6l\u00fcme su s\u0131zmas\u0131 nedeniyle olu\u015fan zarar\u0131n tahsili ve onar\u0131m istemine ili\u015fkindir. Taraflar aras\u0131ndaki uyu\u015fmazl\u0131k 634 Say\u0131l\u0131 Kat M\u00fclkiyeti Kanunu h\u00fck\u00fcmlerinden kaynaklanmaktad\u0131r. 634 Say\u0131l\u0131 Kat M\u00fclkiyeti Kanununun Ek 1. maddesinde, bu Kanunun uygulanmas\u0131ndan do\u011facak her t\u00fcrl\u00fc anla\u015fmazl\u0131\u011f\u0131n -de\u011ferine bak\u0131lmaks\u0131z\u0131n- sulh hukuk mahkemesinde \u00e7\u00f6z\u00fcmlenece\u011fi h\u00fckme ba\u011flanm\u0131\u015ft\u0131r. Buna g\u00f6re mahkemece kat m\u00fclkiyetinden kaynaklanan maddi tazminat istemi ve onar\u0131m yap\u0131lmas\u0131 konusundaki davan\u0131n tefrik edilip g\u00f6revsizlik karar\u0131 verilerek dosyas\u0131n\u0131n g\u00f6revli ve yetkili sulh hukuk mahkemesine g\u00f6nderilmesi gerekirken bu istem y\u00f6n\u00fcnden de i\u015fin esas\u0131 hakk\u0131nda h\u00fck\u00fcm kurulmas\u0131 do\u011fru g\u00f6r\u00fclmedi\u011finden\u201d h\u00fckm\u00fcn bozulmas\u0131na karar vermi\u015ftir.<\/h5><h5 class=\"western\">Bak\u0131rk\u00f6y 6. Asliye Hukuk Mahkemesi 18\/06\/2015 tarihli g\u00f6revsizlik karar\u0131ndan sonra yarg\u0131lamaya devam eden Bak\u0131rk\u00f6y 2. Sulh Hukuk Mahkemesince davan\u0131n kab\u00fcl\u00fc ile; 1.168,20.-TL\u2019nin dava tarihinden itibaren i\u015fletilecek yasal faizi ile birlikte daval\u0131dan tahsili ile davac\u0131ya verilmesine, davac\u0131ya ait balkon ve banyodaki rutubetlerin, d\u00f6k\u00fclmelerin ve kararmalar\u0131n daval\u0131n\u0131n dairesinden kaynakland\u0131\u011f\u0131 anla\u015f\u0131lmakla daval\u0131n\u0131n balkonunu do\u011frama korkuluklar\u0131 ile balkon \u00e7\u0131k\u0131nt\u0131s\u0131 aras\u0131ndaki k\u0131lcal bo\u015fluklar\u0131n su ge\u00e7irmez likit izolasyon malzemeleri ile dolgusunu yapt\u0131rmas\u0131na, bu i\u015flem i\u00e7in daval\u0131ya 1 i\u015f g\u00fcn\u00fc s\u00fcre verilmesine,<\/h5><h5 class=\"western\">daval\u0131n\u0131n dairesinin banyosunda bulunan k\u00fcvetin s\u00f6k\u00fclerek seramik kaplamalar\u0131n ve derzlerin yenilenmesi ve daha sonra akrilik k\u00fcvetin monte edilmesi i\u00e7in daval\u0131ya 2 i\u015f g\u00fcn\u00fc s\u00fcre verilmesine karar verilmi\u015f, h\u00fck\u00fcm daval\u0131 taraf\u0131ndan temyiz edilmi\u015ftir.<\/h5><h5 class=\"western\">Dava tazminat ve hakimin m\u00fcdahalesi istemine ili\u015fkindir.<\/h5>\t\t\t\t\t\t<\/div>\n\t\t\t\t<\/div>\n\t\t\t\t\t<\/div>\n\t\t<\/div>\n\t\t\t\t\t<\/div>\n\t\t<\/section>\n\t\t\t\t<section class=\"elementor-section elementor-top-section elementor-element elementor-element-7cc13f2 elementor-section-boxed elementor-section-height-default elementor-section-height-default\" data-id=\"7cc13f2\" data-element_type=\"section\">\n\t\t\t\t\t\t<div class=\"elementor-container elementor-column-gap-default\">\n\t\t\t\t\t<div class=\"elementor-column elementor-col-100 elementor-top-column elementor-element elementor-element-c536aa3\" data-id=\"c536aa3\" data-element_type=\"column\">\n\t\t\t<div class=\"elementor-widget-wrap elementor-element-populated\">\n\t\t\t\t\t\t<div class=\"elementor-element elementor-element-f4a1a3f elementor-widget elementor-widget-text-editor\" data-id=\"f4a1a3f\" data-element_type=\"widget\" data-widget_type=\"text-editor.default\">\n\t\t\t\t<div class=\"elementor-widget-container\">\n\t\t\t\t\t\t\t<h4 class=\"western\"><i><b>SONU\u00c7 :<\/b><\/i><\/h4><h4 class=\"western\"><b>1-<\/b> 5219 ve 5236 Say\u0131l\u0131 kanunlar ile HUMK\u2019n\u0131n 427. maddesinde \u00f6ng\u00f6r\u00fclen kesinlik s\u0131n\u0131r\u0131 01.01.2017 tarihinden itibaren 2.270 TL\u2019ye \u00e7\u0131kar\u0131lm\u0131\u015ft\u0131r.<\/h4><h4 class=\"western\">Temyize konu maddi tazminat miktar\u0131 1168,20.-TL olup, HUMK\u2019n\u0131n 5219 Say\u0131l\u0131 Kanun ile de\u011fi\u015fik 427. maddesinin ikinci f\u0131kras\u0131 uyar\u0131nca miktar veya de\u011feri 2.270,00.-TL\u2019yi ge\u00e7meyen kararlar kesin oldu\u011fundan miktar y\u00f6n\u00fcnden temyiz dilek\u00e7esinin REDD\u0130NE<\/h4><h4 class=\"western\"><b>2-<\/b> Daval\u0131n\u0131n m\u00fcdahalenin \u00f6nlenmesi bak\u0131m\u0131ndan yapt\u0131\u011f\u0131 temyiz itirazlar\u0131na gelince; Dosyadaki yaz\u0131lara, karar\u0131n bozmaya uygun olmas\u0131na ve gere\u011fi yerine getirilerek ta\u015f\u0131nmazda gerekli \u00f6nlemlerin al\u0131nmas\u0131na ve yaz\u0131l\u0131 oldu\u011fu \u015fekilde davan\u0131n kabul\u00fcne karar verilmesinde bir isabetsizlik bulunmamas\u0131na g\u00f6re, yerinde g\u00f6r\u00fclmeyen b\u00fct\u00fcn temyiz itirazlar\u0131n\u0131n reddi ile usule ve kanuna uygun olan h\u00fckm\u00fcn ONANMASINA 10\/02\/2020 g\u00fcn\u00fc oybirli\u011fiyle karar verildi.<\/h4>\t\t\t\t\t\t<\/div>\n\t\t\t\t<\/div>\n\t\t\t\t\t<\/div>\n\t\t<\/div>\n\t\t\t\t\t<\/div>\n\t\t<\/section>\n\t\t\t\t<\/div>","protected":false},"excerpt":{"rendered":"<p>Yarg\u0131tay 20. HD, Esas: 2019\/1851, Karar: 2020 \/ 581 Balkon ve banyosundan alt kattaki daireye su s\u0131zan ancak tamirini yapt\u0131rmayan ki\u015finin kom\u015fusuna tazminat \u00f6demesi, akan balkon ve banyoyu tamir ettirmesi gerekir. T.C. YARGITAY 20. HUKUK DA\u0130RES\u0130 E. 2019\/1851 K. 2020\/581 T. 10.2.2020 DAVA : Taraflar aras\u0131ndaki davan\u0131n yap\u0131lan duru\u015fmas\u0131 sonunda kurulan h\u00fckm\u00fcn Yarg\u0131tayca incelenmesi daval\u0131&#8230;<\/p>","protected":false},"author":1,"featured_media":0,"parent":0,"menu_order":0,"comment_status":"closed","ping_status":"closed","template":"","meta":{"footnotes":""},"yoast_head":"<!-- This site is optimized with the Yoast SEO plugin v22.8 - https:\/\/yoast.com\/wordpress\/plugins\/seo\/ -->\n<title>Kur&ccedil;alo\u011flu Hukuk &amp; Partners- Balkon ve Banyosundan Alt Kattaki Daireye S\u0131zan Su<\/title>\n<meta name=\"robots\" content=\"index, follow, max-snippet:-1, max-image-preview:large, max-video-preview:-1\" \/>\n<link rel=\"canonical\" href=\"https:\/\/kurcaloglu.com\/en\/alt-kata-sizan-su\/\" \/>\n<meta property=\"og:locale\" content=\"en_GB\" \/>\n<meta property=\"og:type\" content=\"article\" \/>\n<meta property=\"og:title\" content=\"Kur&ccedil;alo\u011flu Hukuk &amp; Partners- Balkon ve Banyosundan Alt Kattaki Daireye S\u0131zan Su\" \/>\n<meta property=\"og:description\" content=\"Yarg\u0131tay 20. HD, Esas: 2019\/1851, Karar: 2020 \/ 581 Balkon ve banyosundan alt kattaki daireye su s\u0131zan ancak tamirini yapt\u0131rmayan ki\u015finin kom\u015fusuna tazminat \u00f6demesi, akan balkon ve banyoyu tamir ettirmesi gerekir. T.C. YARGITAY 20. HUKUK DA\u0130RES\u0130 E. 2019\/1851 K. 2020\/581 T. 10.2.2020 DAVA : Taraflar aras\u0131ndaki davan\u0131n yap\u0131lan duru\u015fmas\u0131 sonunda kurulan h\u00fckm\u00fcn Yarg\u0131tayca incelenmesi daval\u0131...\" \/>\n<meta property=\"og:url\" content=\"https:\/\/kurcaloglu.com\/en\/alt-kata-sizan-su\/\" \/>\n<meta property=\"og:site_name\" content=\"Kur&ccedil;alo\u011flu Hukuk &amp; Partners\" \/>\n<meta property=\"article:publisher\" content=\"https:\/\/www.facebook.com\/profile.php?id=100090344741598\" \/>\n<meta property=\"article:modified_time\" content=\"2022-09-06T15:21:19+00:00\" \/>\n<meta property=\"og:image\" content=\"https:\/\/kurcaloglu.com\/wp-content\/uploads\/2022\/09\/ust-kattan-su-akmasi-1200x900-1-768x576.jpeg\" \/>\n<meta name=\"twitter:card\" content=\"summary_large_image\" \/>\n<meta name=\"twitter:site\" content=\"@KurcalogluHukuk\" \/>\n<meta name=\"twitter:label1\" content=\"Estimated reading time\" \/>\n\t<meta name=\"twitter:data1\" content=\"4 minutes\" \/>\n<script type=\"application\/ld+json\" class=\"yoast-schema-graph\">{\"@context\":\"https:\/\/schema.org\",\"@graph\":[{\"@type\":\"WebPage\",\"@id\":\"https:\/\/kurcaloglu.com\/alt-kata-sizan-su\/\",\"url\":\"https:\/\/kurcaloglu.com\/alt-kata-sizan-su\/\",\"name\":\"Kur&ccedil;alo\u011flu Hukuk &amp; Partners- Balkon ve Banyosundan Alt Kattaki Daireye S\u0131zan Su\",\"isPartOf\":{\"@id\":\"https:\/\/kurcaloglu.com\/#website\"},\"primaryImageOfPage\":{\"@id\":\"https:\/\/kurcaloglu.com\/alt-kata-sizan-su\/#primaryimage\"},\"image\":{\"@id\":\"https:\/\/kurcaloglu.com\/alt-kata-sizan-su\/#primaryimage\"},\"thumbnailUrl\":\"https:\/\/kurcaloglu.com\/wp-content\/uploads\/2022\/09\/ust-kattan-su-akmasi-1200x900-1-768x576.jpeg\",\"datePublished\":\"2022-09-06T15:18:24+00:00\",\"dateModified\":\"2022-09-06T15:21:19+00:00\",\"breadcrumb\":{\"@id\":\"https:\/\/kurcaloglu.com\/alt-kata-sizan-su\/#breadcrumb\"},\"inLanguage\":\"en-GB\",\"potentialAction\":[{\"@type\":\"ReadAction\",\"target\":[\"https:\/\/kurcaloglu.com\/alt-kata-sizan-su\/\"]}]},{\"@type\":\"ImageObject\",\"inLanguage\":\"en-GB\",\"@id\":\"https:\/\/kurcaloglu.com\/alt-kata-sizan-su\/#primaryimage\",\"url\":\"https:\/\/kurcaloglu.com\/wp-content\/uploads\/2022\/09\/ust-kattan-su-akmasi-1200x900-1-768x576.jpeg\",\"contentUrl\":\"https:\/\/kurcaloglu.com\/wp-content\/uploads\/2022\/09\/ust-kattan-su-akmasi-1200x900-1-768x576.jpeg\"},{\"@type\":\"BreadcrumbList\",\"@id\":\"https:\/\/kurcaloglu.com\/alt-kata-sizan-su\/#breadcrumb\",\"itemListElement\":[{\"@type\":\"ListItem\",\"position\":1,\"name\":\"Anasayfa\",\"item\":\"https:\/\/kurcaloglu.com\/\"},{\"@type\":\"ListItem\",\"position\":2,\"name\":\"Balkon ve Banyosundan Alt Kattaki Daireye S\u0131zan Su\"}]},{\"@type\":\"WebSite\",\"@id\":\"https:\/\/kurcaloglu.com\/#website\",\"url\":\"https:\/\/kurcaloglu.com\/\",\"name\":\"Kur\u00e7alo\u011flu Hukuk & Partners\",\"description\":\"Ceza hukuku- \u0130cra iflas hukuku, Miras hukuku, Bo\u015fanma hukuk, \u0130\u015f hukuku\",\"publisher\":{\"@id\":\"https:\/\/kurcaloglu.com\/#organization\"},\"alternateName\":\"Kur\u00e7alo\u011flu Hukuk & Partners\",\"potentialAction\":[{\"@type\":\"SearchAction\",\"target\":{\"@type\":\"EntryPoint\",\"urlTemplate\":\"https:\/\/kurcaloglu.com\/?s={search_term_string}\"},\"query-input\":\"required name=search_term_string\"}],\"inLanguage\":\"en-GB\"},{\"@type\":\"Organization\",\"@id\":\"https:\/\/kurcaloglu.com\/#organization\",\"name\":\"Kur\u00e7alo\u011flu Hukuk & Partners\",\"alternateName\":\"Kur\u00e7alo\u011flu Hukuk & Partners\",\"url\":\"https:\/\/kurcaloglu.com\/\",\"logo\":{\"@type\":\"ImageObject\",\"inLanguage\":\"en-GB\",\"@id\":\"https:\/\/kurcaloglu.com\/#\/schema\/logo\/image\/\",\"url\":\"https:\/\/kurcaloglu.com\/wp-content\/uploads\/2022\/04\/cropped-cropped-cropped-Adsiz-tasarim-1-2-1.png\",\"contentUrl\":\"https:\/\/kurcaloglu.com\/wp-content\/uploads\/2022\/04\/cropped-cropped-cropped-Adsiz-tasarim-1-2-1.png\",\"width\":245,\"height\":65,\"caption\":\"Kur\u00e7alo\u011flu Hukuk & Partners\"},\"image\":{\"@id\":\"https:\/\/kurcaloglu.com\/#\/schema\/logo\/image\/\"},\"sameAs\":[\"https:\/\/www.facebook.com\/profile.php?id=100090344741598\",\"https:\/\/x.com\/KurcalogluHukuk\",\"https:\/\/www.facebook.com\/kurcalogluhukuk&partners\",\"https:\/\/www.instagram.com\/kurcalogluhukuk&Partners\/?hl=tr\"]}]}<\/script>\n<!-- \/ Yoast SEO plugin. -->","yoast_head_json":{"title":"Kur&ccedil;alo\u011flu Hukuk &amp; Partners- Balkon ve Banyosundan Alt Kattaki Daireye S\u0131zan Su","robots":{"index":"index","follow":"follow","max-snippet":"max-snippet:-1","max-image-preview":"max-image-preview:large","max-video-preview":"max-video-preview:-1"},"canonical":"https:\/\/kurcaloglu.com\/en\/alt-kata-sizan-su\/","og_locale":"en_GB","og_type":"article","og_title":"Kur&ccedil;alo\u011flu Hukuk &amp; Partners- Balkon ve Banyosundan Alt Kattaki Daireye S\u0131zan Su","og_description":"Yarg\u0131tay 20. HD, Esas: 2019\/1851, Karar: 2020 \/ 581 Balkon ve banyosundan alt kattaki daireye su s\u0131zan ancak tamirini yapt\u0131rmayan ki\u015finin kom\u015fusuna tazminat \u00f6demesi, akan balkon ve banyoyu tamir ettirmesi gerekir. T.C. YARGITAY 20. HUKUK DA\u0130RES\u0130 E. 2019\/1851 K. 2020\/581 T. 10.2.2020 DAVA : Taraflar aras\u0131ndaki davan\u0131n yap\u0131lan duru\u015fmas\u0131 sonunda kurulan h\u00fckm\u00fcn Yarg\u0131tayca incelenmesi daval\u0131...","og_url":"https:\/\/kurcaloglu.com\/en\/alt-kata-sizan-su\/","og_site_name":"Kur&ccedil;alo\u011flu Hukuk &amp; Partners","article_publisher":"https:\/\/www.facebook.com\/profile.php?id=100090344741598","article_modified_time":"2022-09-06T15:21:19+00:00","og_image":[{"url":"https:\/\/kurcaloglu.com\/wp-content\/uploads\/2022\/09\/ust-kattan-su-akmasi-1200x900-1-768x576.jpeg"}],"twitter_card":"summary_large_image","twitter_site":"@KurcalogluHukuk","twitter_misc":{"Estimated reading time":"4 minutes"},"schema":{"@context":"https:\/\/schema.org","@graph":[{"@type":"WebPage","@id":"https:\/\/kurcaloglu.com\/alt-kata-sizan-su\/","url":"https:\/\/kurcaloglu.com\/alt-kata-sizan-su\/","name":"Kur&ccedil;alo\u011flu Hukuk &amp; Partners- Balkon ve Banyosundan Alt Kattaki Daireye S\u0131zan Su","isPartOf":{"@id":"https:\/\/kurcaloglu.com\/#website"},"primaryImageOfPage":{"@id":"https:\/\/kurcaloglu.com\/alt-kata-sizan-su\/#primaryimage"},"image":{"@id":"https:\/\/kurcaloglu.com\/alt-kata-sizan-su\/#primaryimage"},"thumbnailUrl":"https:\/\/kurcaloglu.com\/wp-content\/uploads\/2022\/09\/ust-kattan-su-akmasi-1200x900-1-768x576.jpeg","datePublished":"2022-09-06T15:18:24+00:00","dateModified":"2022-09-06T15:21:19+00:00","breadcrumb":{"@id":"https:\/\/kurcaloglu.com\/alt-kata-sizan-su\/#breadcrumb"},"inLanguage":"en-GB","potentialAction":[{"@type":"ReadAction","target":["https:\/\/kurcaloglu.com\/alt-kata-sizan-su\/"]}]},{"@type":"ImageObject","inLanguage":"en-GB","@id":"https:\/\/kurcaloglu.com\/alt-kata-sizan-su\/#primaryimage","url":"https:\/\/kurcaloglu.com\/wp-content\/uploads\/2022\/09\/ust-kattan-su-akmasi-1200x900-1-768x576.jpeg","contentUrl":"https:\/\/kurcaloglu.com\/wp-content\/uploads\/2022\/09\/ust-kattan-su-akmasi-1200x900-1-768x576.jpeg"},{"@type":"BreadcrumbList","@id":"https:\/\/kurcaloglu.com\/alt-kata-sizan-su\/#breadcrumb","itemListElement":[{"@type":"ListItem","position":1,"name":"Anasayfa","item":"https:\/\/kurcaloglu.com\/"},{"@type":"ListItem","position":2,"name":"Balkon ve Banyosundan Alt Kattaki Daireye S\u0131zan Su"}]},{"@type":"WebSite","@id":"https:\/\/kurcaloglu.com\/#website","url":"https:\/\/kurcaloglu.com\/","name":"Kur\u00e7alo\u011flu Hukuk & Partners","description":"Ceza hukuku- \u0130cra iflas hukuku, Miras hukuku, Bo\u015fanma hukuk, \u0130\u015f hukuku","publisher":{"@id":"https:\/\/kurcaloglu.com\/#organization"},"alternateName":"Kur\u00e7alo\u011flu Hukuk & Partners","potentialAction":[{"@type":"SearchAction","target":{"@type":"EntryPoint","urlTemplate":"https:\/\/kurcaloglu.com\/?s={search_term_string}"},"query-input":"required name=search_term_string"}],"inLanguage":"en-GB"},{"@type":"Organization","@id":"https:\/\/kurcaloglu.com\/#organization","name":"Kur\u00e7alo\u011flu Hukuk & Partners","alternateName":"Kur\u00e7alo\u011flu Hukuk & Partners","url":"https:\/\/kurcaloglu.com\/","logo":{"@type":"ImageObject","inLanguage":"en-GB","@id":"https:\/\/kurcaloglu.com\/#\/schema\/logo\/image\/","url":"https:\/\/kurcaloglu.com\/wp-content\/uploads\/2022\/04\/cropped-cropped-cropped-Adsiz-tasarim-1-2-1.png","contentUrl":"https:\/\/kurcaloglu.com\/wp-content\/uploads\/2022\/04\/cropped-cropped-cropped-Adsiz-tasarim-1-2-1.png","width":245,"height":65,"caption":"Kur\u00e7alo\u011flu Hukuk & Partners"},"image":{"@id":"https:\/\/kurcaloglu.com\/#\/schema\/logo\/image\/"},"sameAs":["https:\/\/www.facebook.com\/profile.php?id=100090344741598","https:\/\/x.com\/KurcalogluHukuk","https:\/\/www.facebook.com\/kurcalogluhukuk&partners","https:\/\/www.instagram.com\/kurcalogluhukuk&Partners\/?hl=tr"]}]}},"_links":{"self":[{"href":"https:\/\/kurcaloglu.com\/en\/wp-json\/wp\/v2\/pages\/13569"}],"collection":[{"href":"https:\/\/kurcaloglu.com\/en\/wp-json\/wp\/v2\/pages"}],"about":[{"href":"https:\/\/kurcaloglu.com\/en\/wp-json\/wp\/v2\/types\/page"}],"author":[{"embeddable":true,"href":"https:\/\/kurcaloglu.com\/en\/wp-json\/wp\/v2\/users\/1"}],"replies":[{"embeddable":true,"href":"https:\/\/kurcaloglu.com\/en\/wp-json\/wp\/v2\/comments?post=13569"}],"version-history":[{"count":4,"href":"https:\/\/kurcaloglu.com\/en\/wp-json\/wp\/v2\/pages\/13569\/revisions"}],"predecessor-version":[{"id":13576,"href":"https:\/\/kurcaloglu.com\/en\/wp-json\/wp\/v2\/pages\/13569\/revisions\/13576"}],"wp:attachment":[{"href":"https:\/\/kurcaloglu.com\/en\/wp-json\/wp\/v2\/media?parent=13569"}],"curies":[{"name":"wp","href":"https:\/\/api.w.org\/{rel}","templated":true}]}}