{"id":13650,"date":"2022-09-06T20:02:25","date_gmt":"2022-09-06T17:02:25","guid":{"rendered":"https:\/\/kurcaloglu.com\/?page_id=13650"},"modified":"2023-06-20T22:54:04","modified_gmt":"2023-06-20T19:54:04","slug":"gayrimenkul-hukuku-yargitay","status":"publish","type":"page","link":"https:\/\/kurcaloglu.com\/en\/ictihatlar1\/gayrimenkul-hukuku-yargitay\/","title":{"rendered":"Real Estate Law"},"content":{"rendered":"<h2>Portal<\/h2>\n<h3>yarg\u0131tay kararlar\u0131<\/h3>\n<p><i>\u2606<\/i><i>\u2606<\/i><i>\u2606<\/i><i>\u2606<\/i><i>\u2606<\/i> 5\/5<br \/>\n<a href=\"https:\/\/kurcaloglu.com\/en\/faaliyet-alani\/is-hukuku\/is-hukuku-2\/\" role=\"button\"><br \/>\nLabor Law<br \/>\n<\/a><br \/>\n<a href=\"https:\/\/kurcaloglu.com\/en\/yargitay-kararlari\/aile-ve-bosanma-hukuku\/\" role=\"button\"><br \/>\nFamily and Divorce Law<br \/>\n<\/a><br \/>\n<a href=\"https:\/\/kurcaloglu.com\/en\/yargitay-kararlari\/ceza-hukuku-yargitay\/\" role=\"button\"><br \/>\nCriminal Law<br \/>\n<\/a><br \/>\n<a href=\"https:\/\/kurcaloglu.com\/en\/yargitay-kararlari\/icra-iflas-hukuku-yargitay\/\" role=\"button\"><br \/>\nExecution and Bankruptcy Law<br \/>\n<\/a><br \/>\n<a href=\"https:\/\/kurcaloglu.com\/en\/yargitay-kararlari\/gayrimenkul-hukuku-yargitay\/\" role=\"button\"><br \/>\nReal Estate Law<br \/>\n<\/a><br \/>\n<a href=\"https:\/\/kurcaloglu.com\/en\/yargitay-kararlari\/miras-hukuku-yargitay\/\" role=\"button\"><br \/>\nInheritance Law<br \/>\n<\/a><br \/>\n<a href=\"https:\/\/kurcaloglu.com\/en\/yargitay-kararlari\/sirketler-ticaret-hukuku-yarg\u0131tay\/\" role=\"button\"><br \/>\nCompany and Commercial Law<br \/>\n<\/a><br \/>\n<a href=\"https:\/\/kurcaloglu.com\/en\/yargitay-kararlari\/yabancilar-hukuku-yargitay\/\" role=\"button\"><br \/>\nForeigners Law<br \/>\n<\/a><br \/>\n<a href=\"https:\/\/kurcaloglu.com\/en\/yargitay-kararlari\/genel-yargitay\/\" role=\"button\"><br \/>\nGeneral<br \/>\n<\/a><\/p>\n<figure><a href=\"https:\/\/kurcaloglu.com\/en\/alt-kata-sizan-su\/\"><img loading=\"lazy\" decoding=\"async\" width=\"768\" height=\"576\" src=\"https:\/\/kurcaloglu.com\/wp-content\/uploads\/2022\/09\/ust-kattan-su-akmasi-1200x900-1-768x576.jpeg\" alt=\"\"><\/a><\/figure>\n<h2><a href=\"https:\/\/kurcaloglu.com\/en\/alt-kata-sizan-su\/\">Balkon ve Banyodan Alt Daireye S\u0131zan Su<\/a><\/h2>\n<p>Balkon ve banyosundan alt kattaki daireye su s\u0131zan ancak tamirini yapt\u0131rmayan ki\u015finin kom\u015fusuna tazminat \u00f6demesi, akan balkon ve banyoyu tamir ettirmesi gerekir.<\/p>","protected":false},"excerpt":{"rendered":"<p>Bilgi Portal\u0131 yarg\u0131tay kararlar\u0131 \u2606\u2606\u2606\u2606\u2606 5\/5 \u0130\u015f Hukuku Aile ve Bo\u015fanma Hukuku Ceza Hukuku \u0130cra \u0130flas Hukuku Gayrimenkul Hukuku Miras Hukuku \u015eirketler ve Ticaret Hukuku Yabanc\u0131lar Hukuku Genel Balkon ve Banyodan Alt Daireye S\u0131zan Su Balkon ve banyosundan alt kattaki daireye su s\u0131zan ancak tamirini yapt\u0131rmayan ki\u015finin kom\u015fusuna tazminat \u00f6demesi, akan balkon ve banyoyu tamir&#8230;<\/p>","protected":false},"author":1,"featured_media":0,"parent":13375,"menu_order":0,"comment_status":"closed","ping_status":"closed","template":"","meta":{"footnotes":""},"yoast_head":"<!-- This site is optimized with the Yoast SEO plugin v22.8 - https:\/\/yoast.com\/wordpress\/plugins\/seo\/ -->\n<title>Kur&ccedil;alo\u011flu Hukuk &amp; Partners- Gayrimenkul Hukuku<\/title>\n<meta name=\"robots\" content=\"index, follow, max-snippet:-1, max-image-preview:large, max-video-preview:-1\" \/>\n<link rel=\"canonical\" href=\"https:\/\/kurcaloglu.com\/en\/ictihatlar1\/gayrimenkul-hukuku-yargitay\/\" \/>\n<meta property=\"og:locale\" content=\"en_GB\" \/>\n<meta property=\"og:type\" content=\"article\" \/>\n<meta property=\"og:title\" content=\"Kur&ccedil;alo\u011flu Hukuk &amp; Partners- Gayrimenkul Hukuku\" \/>\n<meta property=\"og:description\" content=\"Bilgi Portal\u0131 yarg\u0131tay kararlar\u0131 \u2606\u2606\u2606\u2606\u2606 5\/5 \u0130\u015f Hukuku Aile ve Bo\u015fanma Hukuku Ceza Hukuku \u0130cra \u0130flas Hukuku Gayrimenkul Hukuku Miras Hukuku \u015eirketler ve Ticaret Hukuku Yabanc\u0131lar Hukuku Genel Balkon ve Banyodan Alt Daireye S\u0131zan Su Balkon ve banyosundan alt kattaki daireye su s\u0131zan ancak tamirini yapt\u0131rmayan ki\u015finin kom\u015fusuna tazminat \u00f6demesi, akan balkon ve banyoyu tamir...\" \/>\n<meta property=\"og:url\" content=\"https:\/\/kurcaloglu.com\/en\/ictihatlar1\/gayrimenkul-hukuku-yargitay\/\" \/>\n<meta property=\"og:site_name\" content=\"Kur&ccedil;alo\u011flu Hukuk &amp; Partners\" \/>\n<meta property=\"article:publisher\" content=\"https:\/\/www.facebook.com\/profile.php?id=100090344741598\" \/>\n<meta property=\"article:modified_time\" content=\"2023-06-20T19:54:04+00:00\" \/>\n<meta property=\"og:image\" content=\"https:\/\/kurcaloglu.com\/wp-content\/uploads\/2022\/09\/ust-kattan-su-akmasi-1200x900-1-768x576.jpeg\" \/>\n<meta name=\"twitter:card\" content=\"summary_large_image\" \/>\n<meta name=\"twitter:site\" content=\"@KurcalogluHukuk\" \/>\n<meta name=\"twitter:label1\" content=\"Estimated reading time\" \/>\n\t<meta name=\"twitter:data1\" content=\"1 minute\" \/>\n<script type=\"application\/ld+json\" class=\"yoast-schema-graph\">{\"@context\":\"https:\/\/schema.org\",\"@graph\":[{\"@type\":\"WebPage\",\"@id\":\"https:\/\/kurcaloglu.com\/ictihatlar1\/gayrimenkul-hukuku-yargitay\/\",\"url\":\"https:\/\/kurcaloglu.com\/ictihatlar1\/gayrimenkul-hukuku-yargitay\/\",\"name\":\"Kur&ccedil;alo\u011flu Hukuk &amp; Partners- Gayrimenkul Hukuku\",\"isPartOf\":{\"@id\":\"https:\/\/kurcaloglu.com\/#website\"},\"primaryImageOfPage\":{\"@id\":\"https:\/\/kurcaloglu.com\/ictihatlar1\/gayrimenkul-hukuku-yargitay\/#primaryimage\"},\"image\":{\"@id\":\"https:\/\/kurcaloglu.com\/ictihatlar1\/gayrimenkul-hukuku-yargitay\/#primaryimage\"},\"thumbnailUrl\":\"https:\/\/kurcaloglu.com\/wp-content\/uploads\/2022\/09\/ust-kattan-su-akmasi-1200x900-1-768x576.jpeg\",\"datePublished\":\"2022-09-06T17:02:25+00:00\",\"dateModified\":\"2023-06-20T19:54:04+00:00\",\"breadcrumb\":{\"@id\":\"https:\/\/kurcaloglu.com\/ictihatlar1\/gayrimenkul-hukuku-yargitay\/#breadcrumb\"},\"inLanguage\":\"en-GB\",\"potentialAction\":[{\"@type\":\"ReadAction\",\"target\":[\"https:\/\/kurcaloglu.com\/ictihatlar1\/gayrimenkul-hukuku-yargitay\/\"]}]},{\"@type\":\"ImageObject\",\"inLanguage\":\"en-GB\",\"@id\":\"https:\/\/kurcaloglu.com\/ictihatlar1\/gayrimenkul-hukuku-yargitay\/#primaryimage\",\"url\":\"https:\/\/kurcaloglu.com\/wp-content\/uploads\/2022\/09\/ust-kattan-su-akmasi-1200x900-1-768x576.jpeg\",\"contentUrl\":\"https:\/\/kurcaloglu.com\/wp-content\/uploads\/2022\/09\/ust-kattan-su-akmasi-1200x900-1-768x576.jpeg\"},{\"@type\":\"BreadcrumbList\",\"@id\":\"https:\/\/kurcaloglu.com\/ictihatlar1\/gayrimenkul-hukuku-yargitay\/#breadcrumb\",\"itemListElement\":[{\"@type\":\"ListItem\",\"position\":1,\"name\":\"Anasayfa\",\"item\":\"https:\/\/kurcaloglu.com\/\"},{\"@type\":\"ListItem\",\"position\":2,\"name\":\"\u0130\u00e7tihatlar\",\"item\":\"https:\/\/kurcaloglu.com\/ictihatlar1\/\"},{\"@type\":\"ListItem\",\"position\":3,\"name\":\"Gayrimenkul Hukuku\"}]},{\"@type\":\"WebSite\",\"@id\":\"https:\/\/kurcaloglu.com\/#website\",\"url\":\"https:\/\/kurcaloglu.com\/\",\"name\":\"Kur\u00e7alo\u011flu Hukuk & Partners\",\"description\":\"Ceza hukuku- \u0130cra iflas hukuku, Miras hukuku, Bo\u015fanma hukuk, \u0130\u015f hukuku\",\"publisher\":{\"@id\":\"https:\/\/kurcaloglu.com\/#organization\"},\"alternateName\":\"Kur\u00e7alo\u011flu Hukuk & Partners\",\"potentialAction\":[{\"@type\":\"SearchAction\",\"target\":{\"@type\":\"EntryPoint\",\"urlTemplate\":\"https:\/\/kurcaloglu.com\/?s={search_term_string}\"},\"query-input\":\"required name=search_term_string\"}],\"inLanguage\":\"en-GB\"},{\"@type\":\"Organization\",\"@id\":\"https:\/\/kurcaloglu.com\/#organization\",\"name\":\"Kur\u00e7alo\u011flu Hukuk & Partners\",\"alternateName\":\"Kur\u00e7alo\u011flu Hukuk & Partners\",\"url\":\"https:\/\/kurcaloglu.com\/\",\"logo\":{\"@type\":\"ImageObject\",\"inLanguage\":\"en-GB\",\"@id\":\"https:\/\/kurcaloglu.com\/#\/schema\/logo\/image\/\",\"url\":\"https:\/\/kurcaloglu.com\/wp-content\/uploads\/2022\/04\/cropped-cropped-cropped-Adsiz-tasarim-1-2-1.png\",\"contentUrl\":\"https:\/\/kurcaloglu.com\/wp-content\/uploads\/2022\/04\/cropped-cropped-cropped-Adsiz-tasarim-1-2-1.png\",\"width\":245,\"height\":65,\"caption\":\"Kur\u00e7alo\u011flu Hukuk & Partners\"},\"image\":{\"@id\":\"https:\/\/kurcaloglu.com\/#\/schema\/logo\/image\/\"},\"sameAs\":[\"https:\/\/www.facebook.com\/profile.php?id=100090344741598\",\"https:\/\/x.com\/KurcalogluHukuk\",\"https:\/\/www.facebook.com\/kurcalogluhukuk&partners\",\"https:\/\/www.instagram.com\/kurcalogluhukuk&Partners\/?hl=tr\"]}]}<\/script>\n<!-- \/ Yoast SEO plugin. -->","yoast_head_json":{"title":"Kur&ccedil;alo\u011flu Hukuk &amp; Partners- Gayrimenkul Hukuku","robots":{"index":"index","follow":"follow","max-snippet":"max-snippet:-1","max-image-preview":"max-image-preview:large","max-video-preview":"max-video-preview:-1"},"canonical":"https:\/\/kurcaloglu.com\/en\/ictihatlar1\/gayrimenkul-hukuku-yargitay\/","og_locale":"en_GB","og_type":"article","og_title":"Kur&ccedil;alo\u011flu Hukuk &amp; Partners- Gayrimenkul Hukuku","og_description":"Bilgi Portal\u0131 yarg\u0131tay kararlar\u0131 \u2606\u2606\u2606\u2606\u2606 5\/5 \u0130\u015f Hukuku Aile ve Bo\u015fanma Hukuku Ceza Hukuku \u0130cra \u0130flas Hukuku Gayrimenkul Hukuku Miras Hukuku \u015eirketler ve Ticaret Hukuku Yabanc\u0131lar Hukuku Genel Balkon ve Banyodan Alt Daireye S\u0131zan Su Balkon ve banyosundan alt kattaki daireye su s\u0131zan ancak tamirini yapt\u0131rmayan ki\u015finin kom\u015fusuna tazminat \u00f6demesi, akan balkon ve banyoyu tamir...","og_url":"https:\/\/kurcaloglu.com\/en\/ictihatlar1\/gayrimenkul-hukuku-yargitay\/","og_site_name":"Kur&ccedil;alo\u011flu Hukuk &amp; Partners","article_publisher":"https:\/\/www.facebook.com\/profile.php?id=100090344741598","article_modified_time":"2023-06-20T19:54:04+00:00","og_image":[{"url":"https:\/\/kurcaloglu.com\/wp-content\/uploads\/2022\/09\/ust-kattan-su-akmasi-1200x900-1-768x576.jpeg"}],"twitter_card":"summary_large_image","twitter_site":"@KurcalogluHukuk","twitter_misc":{"Estimated reading time":"1 minute"},"schema":{"@context":"https:\/\/schema.org","@graph":[{"@type":"WebPage","@id":"https:\/\/kurcaloglu.com\/ictihatlar1\/gayrimenkul-hukuku-yargitay\/","url":"https:\/\/kurcaloglu.com\/ictihatlar1\/gayrimenkul-hukuku-yargitay\/","name":"Kur&ccedil;alo\u011flu Hukuk &amp; Partners- Gayrimenkul Hukuku","isPartOf":{"@id":"https:\/\/kurcaloglu.com\/#website"},"primaryImageOfPage":{"@id":"https:\/\/kurcaloglu.com\/ictihatlar1\/gayrimenkul-hukuku-yargitay\/#primaryimage"},"image":{"@id":"https:\/\/kurcaloglu.com\/ictihatlar1\/gayrimenkul-hukuku-yargitay\/#primaryimage"},"thumbnailUrl":"https:\/\/kurcaloglu.com\/wp-content\/uploads\/2022\/09\/ust-kattan-su-akmasi-1200x900-1-768x576.jpeg","datePublished":"2022-09-06T17:02:25+00:00","dateModified":"2023-06-20T19:54:04+00:00","breadcrumb":{"@id":"https:\/\/kurcaloglu.com\/ictihatlar1\/gayrimenkul-hukuku-yargitay\/#breadcrumb"},"inLanguage":"en-GB","potentialAction":[{"@type":"ReadAction","target":["https:\/\/kurcaloglu.com\/ictihatlar1\/gayrimenkul-hukuku-yargitay\/"]}]},{"@type":"ImageObject","inLanguage":"en-GB","@id":"https:\/\/kurcaloglu.com\/ictihatlar1\/gayrimenkul-hukuku-yargitay\/#primaryimage","url":"https:\/\/kurcaloglu.com\/wp-content\/uploads\/2022\/09\/ust-kattan-su-akmasi-1200x900-1-768x576.jpeg","contentUrl":"https:\/\/kurcaloglu.com\/wp-content\/uploads\/2022\/09\/ust-kattan-su-akmasi-1200x900-1-768x576.jpeg"},{"@type":"BreadcrumbList","@id":"https:\/\/kurcaloglu.com\/ictihatlar1\/gayrimenkul-hukuku-yargitay\/#breadcrumb","itemListElement":[{"@type":"ListItem","position":1,"name":"Anasayfa","item":"https:\/\/kurcaloglu.com\/"},{"@type":"ListItem","position":2,"name":"\u0130\u00e7tihatlar","item":"https:\/\/kurcaloglu.com\/ictihatlar1\/"},{"@type":"ListItem","position":3,"name":"Gayrimenkul Hukuku"}]},{"@type":"WebSite","@id":"https:\/\/kurcaloglu.com\/#website","url":"https:\/\/kurcaloglu.com\/","name":"Kur\u00e7alo\u011flu Hukuk & Partners","description":"Ceza hukuku- \u0130cra iflas hukuku, Miras hukuku, Bo\u015fanma hukuk, \u0130\u015f hukuku","publisher":{"@id":"https:\/\/kurcaloglu.com\/#organization"},"alternateName":"Kur\u00e7alo\u011flu Hukuk & Partners","potentialAction":[{"@type":"SearchAction","target":{"@type":"EntryPoint","urlTemplate":"https:\/\/kurcaloglu.com\/?s={search_term_string}"},"query-input":"required name=search_term_string"}],"inLanguage":"en-GB"},{"@type":"Organization","@id":"https:\/\/kurcaloglu.com\/#organization","name":"Kur\u00e7alo\u011flu Hukuk & Partners","alternateName":"Kur\u00e7alo\u011flu Hukuk & Partners","url":"https:\/\/kurcaloglu.com\/","logo":{"@type":"ImageObject","inLanguage":"en-GB","@id":"https:\/\/kurcaloglu.com\/#\/schema\/logo\/image\/","url":"https:\/\/kurcaloglu.com\/wp-content\/uploads\/2022\/04\/cropped-cropped-cropped-Adsiz-tasarim-1-2-1.png","contentUrl":"https:\/\/kurcaloglu.com\/wp-content\/uploads\/2022\/04\/cropped-cropped-cropped-Adsiz-tasarim-1-2-1.png","width":245,"height":65,"caption":"Kur\u00e7alo\u011flu Hukuk & Partners"},"image":{"@id":"https:\/\/kurcaloglu.com\/#\/schema\/logo\/image\/"},"sameAs":["https:\/\/www.facebook.com\/profile.php?id=100090344741598","https:\/\/x.com\/KurcalogluHukuk","https:\/\/www.facebook.com\/kurcalogluhukuk&partners","https:\/\/www.instagram.com\/kurcalogluhukuk&Partners\/?hl=tr"]}]}},"_links":{"self":[{"href":"https:\/\/kurcaloglu.com\/en\/wp-json\/wp\/v2\/pages\/13650"}],"collection":[{"href":"https:\/\/kurcaloglu.com\/en\/wp-json\/wp\/v2\/pages"}],"about":[{"href":"https:\/\/kurcaloglu.com\/en\/wp-json\/wp\/v2\/types\/page"}],"author":[{"embeddable":true,"href":"https:\/\/kurcaloglu.com\/en\/wp-json\/wp\/v2\/users\/1"}],"replies":[{"embeddable":true,"href":"https:\/\/kurcaloglu.com\/en\/wp-json\/wp\/v2\/comments?post=13650"}],"version-history":[{"count":8,"href":"https:\/\/kurcaloglu.com\/en\/wp-json\/wp\/v2\/pages\/13650\/revisions"}],"predecessor-version":[{"id":15897,"href":"https:\/\/kurcaloglu.com\/en\/wp-json\/wp\/v2\/pages\/13650\/revisions\/15897"}],"up":[{"embeddable":true,"href":"https:\/\/kurcaloglu.com\/en\/wp-json\/wp\/v2\/pages\/13375"}],"wp:attachment":[{"href":"https:\/\/kurcaloglu.com\/en\/wp-json\/wp\/v2\/media?parent=13650"}],"curies":[{"name":"wp","href":"https:\/\/api.w.org\/{rel}","templated":true}]}}