{"id":16629,"date":"2024-12-23T00:51:08","date_gmt":"2024-12-22T21:51:08","guid":{"rendered":"https:\/\/kurcaloglu.com\/?page_id=16629"},"modified":"2024-12-30T20:10:58","modified_gmt":"2024-12-30T17:10:58","slug":"infaz-hesaplama","status":"publish","type":"page","link":"https:\/\/kurcaloglu.com\/en\/infaz-hesaplama\/","title":{"rendered":"\u0130nfaz Hesaplama"},"content":{"rendered":"<div data-elementor-type=\"wp-page\" data-elementor-id=\"16629\" class=\"elementor elementor-16629\">\n\t\t\t\t\t\t<section class=\"elementor-section elementor-top-section elementor-element elementor-element-ad885b3 elementor-section-boxed elementor-section-height-default elementor-section-height-default\" data-id=\"ad885b3\" data-element_type=\"section\">\n\t\t\t\t\t\t<div class=\"elementor-container elementor-column-gap-default\">\n\t\t\t\t\t<div class=\"elementor-column elementor-col-100 elementor-top-column elementor-element elementor-element-863976b\" data-id=\"863976b\" data-element_type=\"column\">\n\t\t\t<div class=\"elementor-widget-wrap elementor-element-populated\">\n\t\t\t\t\t\t<div class=\"elementor-element elementor-element-ef6d524 elementor-widget elementor-widget-spacer\" data-id=\"ef6d524\" data-element_type=\"widget\" data-widget_type=\"spacer.default\">\n\t\t\t\t<div class=\"elementor-widget-container\">\n\t\t\t\t\t<div class=\"elementor-spacer\">\n\t\t\t<div class=\"elementor-spacer-inner\"><\/div>\n\t\t<\/div>\n\t\t\t\t<\/div>\n\t\t\t\t<\/div>\n\t\t\t\t<div class=\"elementor-element elementor-element-020dc26 elementor-widget elementor-widget-shortcode\" data-id=\"020dc26\" data-element_type=\"widget\" data-widget_type=\"shortcode.default\">\n\t\t\t\t<div class=\"elementor-widget-container\">\n\t\t\t\t\t<div class=\"elementor-shortcode\"><style>@media (max-width:480px){#cp_calculatedfieldsf_pform_1{min-height:2320px;}}@media (max-width:1024px){#cp_calculatedfieldsf_pform_1{min-height:1432px;}}@media (min-width:1024px){#cp_calculatedfieldsf_pform_1{min-height:1436px;}}<\/style><form name=\"cp_calculatedfieldsf_pform_1\" id=\"cp_calculatedfieldsf_pform_1\" action=\"https:\/\/kurcaloglu.com\/en\/infaz-hesaplama\/\" method=\"post\" enctype=\"multipart\/form-data\" onsubmit=\"return fbuilderjQuery.fbuilder.doValidate(this);\" class=\"cff-form  cp_cff_13\"  dir=\"ltr\" data-nonce=\"481f6178ec\" data-trp-original-action=\"https:\/\/kurcaloglu.com\/en\/infaz-hesaplama\/\">\n<input type=\"hidden\" name=\"cp_calculatedfieldsf_pform_psequence\" value=\"_1\" \/>\n<input type=\"hidden\" name=\"cp_calculatedfieldsf_id\" value=\"6\" \/>\n<input type=\"hidden\" name=\"cp_ref_page\" value=\"https:\/\/kurcaloglu.com\" \/>\n<pre style=\"display:none !important;\"><script type=\"text\/javascript\">form_structure_1=[[{\"form_identifier\":\"\",\"name\":\"fieldname3\",\"fieldlayout\":\"default\",\"shortlabel\":\"\",\"index\":0,\"ftype\":\"fradio\",\"userhelp\":\"\",\"audiotutorial\":\"\",\"userhelpTooltip\":false,\"tooltipIcon\":false,\"csslayout\":\"\",\"advanced\":{\"css\":{\"container\":{\"label\":\"Field container div tag\",\"rules\":{}},\"label\":{\"label\":\"Field label\",\"rules\":{}},\"input\":{\"label\":\"Input tag\",\"rules\":{}},\"help\":{\"label\":\"Instructions for users\",\"rules\":{}},\"choice\":{\"label\":\"Choice text\",\"rules\":{}}}},\"title\":\"SU\\u00c7U SE\\u00c7\\u0130N\\u0130Z:\",\"layout\":\"one_column\",\"required\":true,\"exclude\":false,\"accept_html\":false,\"readonly\":false,\"toSubmit\":\"text\",\"choiceSelected\":\"\",\"showDep\":false,\"untickAccepted\":true,\"onoff\":0,\"choices\":[\"Adi Su\\u00e7lar (A\\u015fa\\u011f\\u0131daki su\\u00e7lar d\\u0131\\u015f\\u0131ndaki t\\u00fcm su\\u00e7lar)\",\"Kasten \\u00d6ld\\u00fcrme (TCK 81, 82, 83)\",\" Neticesi Sebebiyle A\\u011f\\u0131rla\\u015fm\\u0131\\u015f Yaralama (Y\\u00fczde S\\u00fcrekli De\\u011fi\\u015fikli\\u011fe Sebebiyet Verme) (TCK 86, 87\\\/2-d)\",\"E\\u015fe veya \\u00dcstsoya-altsoya veya Karde\\u015fe ya da Savunmas\\u0131z Ki\\u015fiye Kar\\u015f\\u0131 Kasten Yaralama ve Neticesi Sebebiyle A\\u011f\\u0131rla\\u015fm\\u0131\\u015f Yaralama (TCK 86\\\/3-a-b, 87\\\/1,2)\",\"\\u0130\\u015fkence ve Eziyet (TCK 94,95,96)\",\" Basit Cinsel Sald\\u0131r\\u0131 (TCK 102\\\/1)\",\"Nitelikli Cinsel Sald\\u0131r\\u0131 (TCK 102\\\/2)\",\"\\u00c7ocu\\u011fun Cinsel \\u0130stismar\\u0131 (TCK 103)\",\" Re\\u015fit Olmayanla Cinsel \\u0130li\\u015fki (TCK 104\\\/1)\",\"Re\\u015fit Olmayanla Cinsel \\u0130li\\u015fki Su\\u00e7unun Nitelikli Hali (TCK 104\\\/2)\",\"Cinsel Taciz (TCK 105)\",\" Ter\\u00f6r Su\\u00e7u(3713 sy. yasa kapsam\\u0131ndaki su\\u00e7lar)\",\" \\u00d6zel Hayata Kar\\u015f\\u0131 Su\\u00e7lar (TCK 132 - 138 aras\\u0131)\",\"Uyu\\u015fturucu Ticareti (TCK 188)\",\" \\u00d6rg\\u00fct Su\\u00e7lar\\u0131 (TCK 220. md)\",\"Devletin G\\u00fcvenli\\u011fine Kar\\u015f\\u0131 Su\\u00e7lar (TCK 302 - 339 aras\\u0131)\",\"M\\u0130T Kanunu Kapsam\\u0131ndaki Su\\u00e7lar (2937 say\\u0131l\\u0131 kanun kapsam\\u0131nda i\\u015flenen)\"],\"choicesVal\":[\"Adi Su\\u00e7lar (A\\u015fa\\u011f\\u0131daki su\\u00e7lar d\\u0131\\u015f\\u0131ndaki t\\u00fcm su\\u00e7lar)\",\"Kasten \\u00d6ld\\u00fcrme (TCK 81, 82, 83)\",\" Neticesi Sebebiyle A\\u011f\\u0131rla\\u015fm\\u0131\\u015f Yaralama (Y\\u00fczde S\\u00fcrekli De\\u011fi\\u015fikli\\u011fe Sebebiyet Verme) (TCK 86, 87\\\/2-d)\",\"E\\u015fe veya \\u00dcstsoya-altsoya veya Karde\\u015fe ya da Savunmas\\u0131z Ki\\u015fiye Kar\\u015f\\u0131 Kasten Yaralama ve Neticesi Sebebiyle A\\u011f\\u0131rla\\u015fm\\u0131\\u015f Yaralama (TCK 86\\\/3-a-b, 87\\\/1,2)\",\"\\u0130\\u015fkence ve Eziyet (TCK 94,95,96)\",\" Basit Cinsel Sald\\u0131r\\u0131 (TCK 102\\\/1)\",\"Nitelikli Cinsel Sald\\u0131r\\u0131 (TCK 102\\\/2)\",\"\\u00c7ocu\\u011fun Cinsel \\u0130stismar\\u0131 (TCK 103)\",\" Re\\u015fit Olmayanla Cinsel \\u0130li\\u015fki (TCK 104\\\/1)\",\"Re\\u015fit Olmayanla Cinsel \\u0130li\\u015fki Su\\u00e7unun Nitelikli Hali (TCK 104\\\/2)\",\"Cinsel Taciz (TCK 105)\",\" Ter\\u00f6r Su\\u00e7u(3713 sy. yasa kapsam\\u0131ndaki su\\u00e7lar)\",\" \\u00d6zel Hayata Kar\\u015f\\u0131 Su\\u00e7lar (TCK 132 - 138 aras\\u0131)\",\"Uyu\\u015fturucu Ticareti (TCK 188)\",\" \\u00d6rg\\u00fct Su\\u00e7lar\\u0131 (TCK 220. md)\",\"Devletin G\\u00fcvenli\\u011fine Kar\\u015f\\u0131 Su\\u00e7lar (TCK 302 - 339 aras\\u0131)\",\"M\\u0130T Kanunu Kapsam\\u0131ndaki Su\\u00e7lar (2937 say\\u0131l\\u0131 kanun kapsam\\u0131nda i\\u015flenen)\"],\"choicesDep\":[[],[],[],[],[],[],[],[],[],[],[],[],[],[],[],[],[]],\"fBuild\":{},\"parent\":\"\"},{\"form_identifier\":\"\",\"name\":\"fieldname4\",\"fieldlayout\":\"default\",\"shortlabel\":\"\",\"index\":1,\"ftype\":\"fdate\",\"userhelp\":\"\",\"audiotutorial\":\"\",\"userhelpTooltip\":false,\"tooltipIcon\":false,\"csslayout\":\"\",\"advanced\":{\"css\":{\"container\":{\"label\":\"Field container div tag\",\"rules\":{}},\"label\":{\"label\":\"Field label\",\"rules\":{}},\"input\":{\"label\":\"Input tag\",\"rules\":{}},\"help\":{\"label\":\"Instructions for users\",\"rules\":{}},\"date\":{\"label\":\"Date field\",\"rules\":{}},\"hour\":{\"label\":\"Hours selector\",\"rules\":{}},\"minute\":{\"label\":\"Minutes selector\",\"rules\":{}},\"ampm\":{\"label\":\"AM\\\/PM selector\",\"rules\":{}}}},\"title\":\"SU\\u00c7 TAR\\u0130H\\u0130N\\u0130 G\\u0130R\\u0130N\\u0130Z:\",\"predefined\":\"\",\"predefinedClick\":false,\"size\":\"small\",\"required\":true,\"exclude\":false,\"readonly\":false,\"disableKeyboardOnMobile\":false,\"dformat\":\"dd\\\/mm\\\/yyyy\",\"dseparator\":\".\",\"tformat\":\"24\",\"showDropdown\":false,\"dropdownRange\":\"-10:+10\",\"minDate\":\"\",\"maxDate\":\"\",\"invalidDates\":\"\",\"validDates\":\"\",\"mondayFirstDay\":false,\"alwaysVisible\":false,\"minHour\":0,\"maxHour\":23,\"minMinute\":0,\"maxMinute\":59,\"stepHour\":1,\"stepMinute\":1,\"showDatepicker\":true,\"showTimepicker\":false,\"ariaHourLabel\":\"hours\",\"ariaMinuteLabel\":\"minutes\",\"ariaAMPMLabel\":\"am or pm\",\"currentDate\":0,\"defaultDate\":\"\",\"defaultTime\":\"\",\"working_dates\":[true,true,true,true,true,true,true],\"formats\":[\"mm\\\/dd\\\/yyyy\",\"dd\\\/mm\\\/yyyy\",\"yyyy\\\/mm\\\/dd\",\"yyyy\\\/dd\\\/mm\"],\"separators\":[\"\\\/\",\"-\",\".\"],\"errorMssg\":\"\",\"fBuild\":{},\"parent\":\"\"},{\"form_identifier\":\"\",\"name\":\"fieldname5\",\"fieldlayout\":\"default\",\"shortlabel\":\"\",\"index\":2,\"ftype\":\"fdate\",\"userhelp\":\"\",\"audiotutorial\":\"\",\"userhelpTooltip\":false,\"tooltipIcon\":false,\"csslayout\":\"\",\"advanced\":{\"css\":{\"container\":{\"label\":\"Field container div tag\",\"rules\":{}},\"label\":{\"label\":\"Field label\",\"rules\":{}},\"input\":{\"label\":\"Input tag\",\"rules\":{}},\"help\":{\"label\":\"Instructions for users\",\"rules\":{}},\"date\":{\"label\":\"Date field\",\"rules\":{}},\"hour\":{\"label\":\"Hours selector\",\"rules\":{}},\"minute\":{\"label\":\"Minutes selector\",\"rules\":{}},\"ampm\":{\"label\":\"AM\\\/PM selector\",\"rules\":{}}}},\"title\":\"DO\\u011eUM TAR\\u0130H\\u0130N\\u0130Z\\u0130 G\\u0130R\\u0130N\\u0130Z:\",\"predefined\":\"\",\"predefinedClick\":false,\"size\":\"small\",\"required\":true,\"exclude\":false,\"readonly\":false,\"disableKeyboardOnMobile\":false,\"dformat\":\"dd\\\/mm\\\/yyyy\",\"dseparator\":\".\",\"tformat\":\"24\",\"showDropdown\":false,\"dropdownRange\":\"-10:+10\",\"minDate\":\"\",\"maxDate\":\"\",\"invalidDates\":\"\",\"validDates\":\"\",\"mondayFirstDay\":false,\"alwaysVisible\":false,\"minHour\":0,\"maxHour\":23,\"minMinute\":0,\"maxMinute\":59,\"stepHour\":1,\"stepMinute\":1,\"showDatepicker\":true,\"showTimepicker\":false,\"ariaHourLabel\":\"hours\",\"ariaMinuteLabel\":\"minutes\",\"ariaAMPMLabel\":\"am or pm\",\"currentDate\":0,\"defaultDate\":\"\",\"defaultTime\":\"\",\"working_dates\":[true,true,true,true,true,true,true],\"formats\":[\"mm\\\/dd\\\/yyyy\",\"dd\\\/mm\\\/yyyy\",\"yyyy\\\/mm\\\/dd\",\"yyyy\\\/dd\\\/mm\"],\"separators\":[\"\\\/\",\"-\",\".\"],\"errorMssg\":\"\",\"fBuild\":{},\"parent\":\"\"},{\"form_identifier\":\"\",\"name\":\"fieldname6\",\"fieldlayout\":\"default\",\"shortlabel\":\"\",\"index\":3,\"ftype\":\"fradio\",\"userhelp\":\"\",\"audiotutorial\":\"\",\"userhelpTooltip\":false,\"tooltipIcon\":false,\"csslayout\":\"\",\"advanced\":{\"css\":{\"container\":{\"label\":\"Field container div tag\",\"rules\":{}},\"label\":{\"label\":\"Field label\",\"rules\":{}},\"input\":{\"label\":\"Input tag\",\"rules\":{}},\"help\":{\"label\":\"Instructions for users\",\"rules\":{}},\"choice\":{\"label\":\"Choice text\",\"rules\":{}}}},\"title\":\"CEZA T\\u00dcR\\u00dc:\",\"layout\":\"three_column\",\"required\":true,\"exclude\":false,\"accept_html\":false,\"readonly\":false,\"toSubmit\":\"text\",\"choiceSelected\":\"\",\"showDep\":false,\"untickAccepted\":true,\"onoff\":0,\"choices\":[\"S\\u00fcreli Hapis Cezas\\u0131\",\"A\\u011f\\u0131rla\\u015ft\\u0131r\\u0131lm\\u0131\\u015f M\\u00fcebbet Hapis Cezas\\u0131\",\"M\\u00fcebbet Hapis Cezas\\u0131\"],\"choicesVal\":[\"S\\u00fcreli Hapis Cezas\\u0131\",\"A\\u011f\\u0131rla\\u015ft\\u0131r\\u0131lm\\u0131\\u015f M\\u00fcebbet Hapis Cezas\\u0131\",\"M\\u00fcebbet Hapis Cezas\\u0131\"],\"choicesDep\":[[],[],[]],\"fBuild\":{},\"parent\":\"\"},{\"form_identifier\":\"\",\"name\":\"fieldname7\",\"fieldlayout\":\"default\",\"shortlabel\":\"\",\"index\":4,\"ftype\":\"fradio\",\"userhelp\":\"\",\"audiotutorial\":\"\",\"userhelpTooltip\":false,\"tooltipIcon\":false,\"csslayout\":\"\",\"advanced\":{\"css\":{\"container\":{\"label\":\"Field container div tag\",\"rules\":{}},\"label\":{\"label\":\"Field label\",\"rules\":{}},\"input\":{\"label\":\"Input tag\",\"rules\":{}},\"help\":{\"label\":\"Instructions for users\",\"rules\":{}},\"choice\":{\"label\":\"Choice text\",\"rules\":{}}}},\"title\":\"Mahsup (Tutukluluk\\\/H\\u00fck\\u00fcml\\u00fcl\\u00fck S\\u00fcresi):\",\"layout\":\"two_column\",\"required\":true,\"exclude\":false,\"accept_html\":false,\"readonly\":false,\"toSubmit\":\"text\",\"choiceSelected\":\"\",\"showDep\":false,\"untickAccepted\":true,\"onoff\":0,\"choices\":[\"Yok\",\"Var\"],\"choicesVal\":[\"Yok\",\"Var\"],\"choicesDep\":[[],[]],\"fBuild\":{},\"parent\":\"\"},{\"form_identifier\":\"\",\"name\":\"fieldname11\",\"fieldlayout\":\"default\",\"shortlabel\":\"\",\"index\":5,\"ftype\":\"fdiv\",\"userhelp\":\"\",\"audiotutorial\":\"\",\"userhelpTooltip\":false,\"tooltipIcon\":false,\"csslayout\":\"\",\"advanced\":{\"css\":{\"container\":{\"label\":\"Field container div tag\",\"rules\":{}},\"label\":{\"label\":\"Field label\",\"rules\":{}},\"input\":{\"label\":\"Input tag\",\"rules\":{}},\"help\":{\"label\":\"Instructions for users\",\"rules\":{}}}},\"fields\":[],\"columns\":1,\"rearrange\":0,\"title\":\"div\",\"_developerNotes\":\"\",\"collapsed\":false,\"fBuild\":{},\"parent\":\"\"},{\"form_identifier\":\"\",\"name\":\"fieldname8\",\"fieldlayout\":\"default\",\"shortlabel\":\"\",\"index\":6,\"ftype\":\"fnumber\",\"userhelp\":\"\",\"audiotutorial\":\"\",\"userhelpTooltip\":false,\"tooltipIcon\":false,\"csslayout\":\"\",\"advanced\":{\"css\":{\"container\":{\"label\":\"Field container div tag\",\"rules\":{}},\"label\":{\"label\":\"Field label\",\"rules\":{}},\"input\":{\"label\":\"Input tag\",\"rules\":{}},\"help\":{\"label\":\"Instructions for users\",\"rules\":{}},\"spinner_left\":{\"label\":\"Left spinner\",\"rules\":{}},\"spinner_right\":{\"label\":\"Right spinner\",\"rules\":{}}}},\"title\":\"Varsa Mahsup (Tutukluluk\\\/H\\u00fck\\u00fcml\\u00fcl\\u00fck S\\u00fcresi):\",\"predefined\":\"\",\"predefinedClick\":false,\"required\":false,\"exclude\":false,\"readonly\":false,\"numberpad\":true,\"spinner\":false,\"size\":\"small\",\"prefix\":\"\",\"postfix\":\"\",\"thousandSeparator\":\"\",\"decimalSymbol\":\".\",\"min\":\"0\",\"max\":\"100\",\"step\":\"\",\"formatDynamically\":false,\"twoDecimals\":false,\"dformat\":\"digits\",\"formats\":[\"digits\",\"number\",\"percent\"],\"fBuild\":{},\"parent\":\"\"},{\"form_identifier\":\"\",\"name\":\"fieldname9\",\"fieldlayout\":\"default\",\"shortlabel\":\"\",\"index\":7,\"ftype\":\"fradio\",\"userhelp\":\"\",\"audiotutorial\":\"\",\"userhelpTooltip\":false,\"tooltipIcon\":false,\"csslayout\":\"\",\"advanced\":{\"css\":{\"container\":{\"label\":\"Field container div tag\",\"rules\":{}},\"label\":{\"label\":\"Field label\",\"rules\":{}},\"input\":{\"label\":\"Input tag\",\"rules\":{}},\"help\":{\"label\":\"Instructions for users\",\"rules\":{}},\"choice\":{\"label\":\"Choice text\",\"rules\":{}}}},\"title\":\"Tekerr\\u00fcre Esas Sab\\u0131ka Kayd\\u0131:\",\"layout\":\"two_column\",\"required\":true,\"exclude\":false,\"accept_html\":false,\"readonly\":false,\"toSubmit\":\"text\",\"choiceSelected\":\"\",\"showDep\":false,\"untickAccepted\":true,\"onoff\":0,\"choices\":[\"Yok\",\"Var\"],\"choicesVal\":[\"Yok\",\"Var\"],\"choicesDep\":[[],[]],\"fBuild\":{},\"parent\":\"\"},{\"form_identifier\":\"\",\"name\":\"fieldname10\",\"fieldlayout\":\"default\",\"shortlabel\":\"H\\u00fck\\u00fcml\\u00fcn\\u00fcn Varsa \\u00d6zel Durumunu Se\\u00e7iniz:\",\"index\":8,\"ftype\":\"fradio\",\"userhelp\":\"\",\"audiotutorial\":\"\",\"userhelpTooltip\":false,\"tooltipIcon\":false,\"csslayout\":\"\",\"advanced\":{\"css\":{\"container\":{\"label\":\"Field container div tag\",\"rules\":{}},\"label\":{\"label\":\"Field label\",\"rules\":{}},\"input\":{\"label\":\"Input tag\",\"rules\":{}},\"help\":{\"label\":\"Instructions for users\",\"rules\":{}},\"choice\":{\"label\":\"Choice text\",\"rules\":{}}}},\"title\":\"Tekerr\\u00fcre Esas Sab\\u0131ka Kayd\\u0131:\",\"layout\":\"two_column\",\"required\":false,\"exclude\":false,\"accept_html\":false,\"readonly\":false,\"toSubmit\":\"text\",\"choiceSelected\":\"\",\"showDep\":false,\"untickAccepted\":true,\"onoff\":1,\"choices\":[\"0-6 ya\\u015f aral\\u0131\\u011f\\u0131nda \\u00e7ocu\\u011fu bulunan kad\\u0131n h\\u00fck\\u00fcml\\u00fc\",\"A\\u011f\\u0131r hastal\\u0131k, engellilik veya ya\\u015fl\\u0131l\\u0131k nedeniyle hayat\\u0131n\\u0131 tek ba\\u015f\\u0131na s\\u00fcrd\\u00fcremeyen h\\u00fck\\u00fcml\\u00fc (Sa\\u011fl\\u0131k Kurulu ya da Adli T\\u0131p Kurumu raporu gerektirir.)\"],\"choicesVal\":[\"0-6 ya\\u015f aral\\u0131\\u011f\\u0131nda \\u00e7ocu\\u011fu bulunan kad\\u0131n h\\u00fck\\u00fcml\\u00fc\",\"A\\u011f\\u0131r hastal\\u0131k, engellilik veya ya\\u015fl\\u0131l\\u0131k nedeniyle hayat\\u0131n\\u0131 tek ba\\u015f\\u0131na s\\u00fcrd\\u00fcremeyen h\\u00fck\\u00fcml\\u00fc (Sa\\u011fl\\u0131k Kurulu ya da Adli T\\u0131p Kurumu raporu gerektirir.)\"],\"choicesDep\":[[],[]],\"fBuild\":{},\"parent\":\"\"},{\"form_identifier\":\"\",\"name\":\"fieldname12\",\"fieldlayout\":\"default\",\"shortlabel\":\"\",\"index\":9,\"ftype\":\"fButton\",\"userhelp\":\"\",\"audiotutorial\":\"\",\"userhelpTooltip\":false,\"tooltipIcon\":false,\"csslayout\":\"\",\"advanced\":{\"css\":{\"container\":{\"label\":\"Field container div tag\",\"rules\":{}},\"label\":{\"label\":\"Field label\",\"rules\":{}},\"input\":{\"label\":\"Input tag\",\"rules\":{}},\"help\":{\"label\":\"Instructions for users\",\"rules\":{}},\"button\":{\"label\":\"Button\",\"rules\":{}},\"button_hover\":{\"label\":\"Button hover\",\"rules\":{}}}},\"sType\":\"calculate\",\"sValue\":\"\\u0130nfaz Hesapla\",\"sOnclick\":\"\",\"sOnmousedown\":\"\",\"sLoading\":false,\"sMultipage\":false,\"fBuild\":{},\"parent\":\"\"},{\"form_identifier\":\"\",\"name\":\"fieldname13\",\"fieldlayout\":\"default\",\"shortlabel\":\"\",\"index\":10,\"ftype\":\"fpopup\",\"userhelp\":\"\",\"audiotutorial\":\"\",\"userhelpTooltip\":false,\"tooltipIcon\":false,\"csslayout\":\"\",\"advanced\":{\"css\":{\"container\":{\"label\":\"Field container div tag\",\"rules\":{}},\"label\":{\"label\":\"Field label\",\"rules\":{}},\"header\":{\"label\":\"Header area\",\"rules\":{}},\"close\":{\"label\":\"Close button\",\"rules\":{}},\"content\":{\"label\":\"Content area\",\"rules\":{}}}},\"fields\":[],\"columns\":1,\"rearrange\":0,\"title\":\"\",\"titletag\":\"P\",\"_developerNotes\":\"\",\"open_onload\":false,\"open_onclick\":\"fieldname12\",\"close_button\":true,\"modal\":true,\"dragging\":false,\"resizing\":false,\"position\":\"center\",\"width\":\"360px\",\"height\":\"360px\",\"collapsed\":false,\"fBuild\":{},\"parent\":\"\"}],{\"0\":{\"title\":\"\",\"titletag\":\"H2\",\"textalign\":\"default\",\"headertextcolor\":\"\",\"description\":\"\",\"formlayout\":\"top_aligned\",\"formtemplate\":\"cp_cff_13\",\"evalequations\":1,\"evalequations_delay\":0,\"evalequationsevent\":2,\"direction\":\"ltr\",\"loading_animation\":0,\"autocomplete\":1,\"persistence\":0,\"animate_form\":0,\"animation_effect\":\"fade\",\"customstyles\":\"\",\"advanced\":{\"css\":{\"title\":{\"label\":\"Form title\",\"rules\":{}},\"description\":{\"label\":\"Form description\",\"rules\":{}},\"form\":{\"label\":\"Form area\",\"rules\":{}},\"buttons\":{\"label\":\"Form context buttons (Next page, Previous page, Submit)\",\"rules\":{}},\"buttons_hover\":{\"label\":\"Form context buttons hover\",\"rules\":{}}}}},\"formid\":\"cp_calculatedfieldsf_pform_1\"}];<\/script><\/pre>\n<div id=\"fbuilder\">\n\t\t<div id=\"fbuilder_1\">\n\t\t<div id=\"formheader_1\"><\/div>\n\t\t<div id=\"fieldlist_1\"><\/div>\n\t\t<div class=\"clearer\"><\/div>\n\t<\/div>\n<\/div>\n\t<div class=\"clearer\"><\/div>\n\t<input type=\"hidden\" id=\"_cpcff_public_nonce\" name=\"_cpcff_public_nonce\" value=\"6279401550\" \/><input type=\"hidden\" name=\"_wp_http_referer\" value=\"\/en\/wp-json\/wp\/v2\/pages\/16629\" \/><input type=\"hidden\" name=\"trp-form-language\" value=\"en\"\/><\/form>\n\t<\/div>\n\t\t\t\t<\/div>\n\t\t\t\t<\/div>\n\t\t\t\t\t<\/div>\n\t\t<\/div>\n\t\t\t\t\t<\/div>\n\t\t<\/section>\n\t\t\t\t<\/div>","protected":false},"excerpt":{"rendered":"","protected":false},"author":5,"featured_media":0,"parent":0,"menu_order":0,"comment_status":"closed","ping_status":"closed","template":"","meta":{"footnotes":""},"yoast_head":"<!-- This site is optimized with the Yoast SEO plugin v22.8 - https:\/\/yoast.com\/wordpress\/plugins\/seo\/ -->\n<title>Kur&ccedil;alo\u011flu Hukuk &amp; Partners - \u0130nfaz Hesaplama<\/title>\n<meta name=\"robots\" content=\"index, follow, max-snippet:-1, max-image-preview:large, max-video-preview:-1\" \/>\n<link rel=\"canonical\" href=\"https:\/\/kurcaloglu.com\/en\/infaz-hesaplama\/\" \/>\n<meta property=\"og:locale\" content=\"en_GB\" \/>\n<meta property=\"og:type\" content=\"article\" \/>\n<meta property=\"og:title\" content=\"Kur&ccedil;alo\u011flu Hukuk &amp; Partners - \u0130nfaz Hesaplama\" \/>\n<meta property=\"og:url\" content=\"https:\/\/kurcaloglu.com\/en\/infaz-hesaplama\/\" \/>\n<meta property=\"og:site_name\" content=\"Kur&ccedil;alo\u011flu Hukuk &amp; Partners\" \/>\n<meta property=\"article:publisher\" content=\"https:\/\/www.facebook.com\/profile.php?id=100090344741598\" \/>\n<meta property=\"article:modified_time\" content=\"2024-12-30T17:10:58+00:00\" \/>\n<meta name=\"twitter:card\" content=\"summary_large_image\" \/>\n<meta name=\"twitter:site\" content=\"@KurcalogluHukuk\" \/>\n<script type=\"application\/ld+json\" class=\"yoast-schema-graph\">{\"@context\":\"https:\/\/schema.org\",\"@graph\":[{\"@type\":\"WebPage\",\"@id\":\"https:\/\/kurcaloglu.com\/infaz-hesaplama\/\",\"url\":\"https:\/\/kurcaloglu.com\/infaz-hesaplama\/\",\"name\":\"Kur&ccedil;alo\u011flu Hukuk &amp; Partners - \u0130nfaz Hesaplama\",\"isPartOf\":{\"@id\":\"https:\/\/kurcaloglu.com\/#website\"},\"datePublished\":\"2024-12-22T21:51:08+00:00\",\"dateModified\":\"2024-12-30T17:10:58+00:00\",\"breadcrumb\":{\"@id\":\"https:\/\/kurcaloglu.com\/infaz-hesaplama\/#breadcrumb\"},\"inLanguage\":\"en-GB\",\"potentialAction\":[{\"@type\":\"ReadAction\",\"target\":[\"https:\/\/kurcaloglu.com\/infaz-hesaplama\/\"]}]},{\"@type\":\"BreadcrumbList\",\"@id\":\"https:\/\/kurcaloglu.com\/infaz-hesaplama\/#breadcrumb\",\"itemListElement\":[{\"@type\":\"ListItem\",\"position\":1,\"name\":\"Anasayfa\",\"item\":\"https:\/\/kurcaloglu.com\/\"},{\"@type\":\"ListItem\",\"position\":2,\"name\":\"\u0130nfaz Hesaplama\"}]},{\"@type\":\"WebSite\",\"@id\":\"https:\/\/kurcaloglu.com\/#website\",\"url\":\"https:\/\/kurcaloglu.com\/\",\"name\":\"Kur\u00e7alo\u011flu Hukuk & Partners\",\"description\":\"Ceza hukuku- \u0130cra iflas hukuku, Miras hukuku, Bo\u015fanma hukuk, \u0130\u015f hukuku\",\"publisher\":{\"@id\":\"https:\/\/kurcaloglu.com\/#organization\"},\"alternateName\":\"Kur\u00e7alo\u011flu Hukuk & Partners\",\"potentialAction\":[{\"@type\":\"SearchAction\",\"target\":{\"@type\":\"EntryPoint\",\"urlTemplate\":\"https:\/\/kurcaloglu.com\/?s={search_term_string}\"},\"query-input\":\"required name=search_term_string\"}],\"inLanguage\":\"en-GB\"},{\"@type\":\"Organization\",\"@id\":\"https:\/\/kurcaloglu.com\/#organization\",\"name\":\"Kur\u00e7alo\u011flu Hukuk & Partners\",\"alternateName\":\"Kur\u00e7alo\u011flu Hukuk & Partners\",\"url\":\"https:\/\/kurcaloglu.com\/\",\"logo\":{\"@type\":\"ImageObject\",\"inLanguage\":\"en-GB\",\"@id\":\"https:\/\/kurcaloglu.com\/#\/schema\/logo\/image\/\",\"url\":\"https:\/\/kurcaloglu.com\/wp-content\/uploads\/2022\/04\/cropped-cropped-cropped-Adsiz-tasarim-1-2-1.png\",\"contentUrl\":\"https:\/\/kurcaloglu.com\/wp-content\/uploads\/2022\/04\/cropped-cropped-cropped-Adsiz-tasarim-1-2-1.png\",\"width\":245,\"height\":65,\"caption\":\"Kur\u00e7alo\u011flu Hukuk & Partners\"},\"image\":{\"@id\":\"https:\/\/kurcaloglu.com\/#\/schema\/logo\/image\/\"},\"sameAs\":[\"https:\/\/www.facebook.com\/profile.php?id=100090344741598\",\"https:\/\/x.com\/KurcalogluHukuk\",\"https:\/\/www.facebook.com\/kurcalogluhukuk&partners\",\"https:\/\/www.instagram.com\/kurcalogluhukuk&Partners\/?hl=tr\"]}]}<\/script>\n<!-- \/ Yoast SEO plugin. -->","yoast_head_json":{"title":"Kur&ccedil;alo\u011flu Hukuk &amp; Partners - \u0130nfaz Hesaplama","robots":{"index":"index","follow":"follow","max-snippet":"max-snippet:-1","max-image-preview":"max-image-preview:large","max-video-preview":"max-video-preview:-1"},"canonical":"https:\/\/kurcaloglu.com\/en\/infaz-hesaplama\/","og_locale":"en_GB","og_type":"article","og_title":"Kur&ccedil;alo\u011flu Hukuk &amp; Partners - \u0130nfaz Hesaplama","og_url":"https:\/\/kurcaloglu.com\/en\/infaz-hesaplama\/","og_site_name":"Kur&ccedil;alo\u011flu Hukuk &amp; Partners","article_publisher":"https:\/\/www.facebook.com\/profile.php?id=100090344741598","article_modified_time":"2024-12-30T17:10:58+00:00","twitter_card":"summary_large_image","twitter_site":"@KurcalogluHukuk","schema":{"@context":"https:\/\/schema.org","@graph":[{"@type":"WebPage","@id":"https:\/\/kurcaloglu.com\/infaz-hesaplama\/","url":"https:\/\/kurcaloglu.com\/infaz-hesaplama\/","name":"Kur&ccedil;alo\u011flu Hukuk &amp; Partners - \u0130nfaz Hesaplama","isPartOf":{"@id":"https:\/\/kurcaloglu.com\/#website"},"datePublished":"2024-12-22T21:51:08+00:00","dateModified":"2024-12-30T17:10:58+00:00","breadcrumb":{"@id":"https:\/\/kurcaloglu.com\/infaz-hesaplama\/#breadcrumb"},"inLanguage":"en-GB","potentialAction":[{"@type":"ReadAction","target":["https:\/\/kurcaloglu.com\/infaz-hesaplama\/"]}]},{"@type":"BreadcrumbList","@id":"https:\/\/kurcaloglu.com\/infaz-hesaplama\/#breadcrumb","itemListElement":[{"@type":"ListItem","position":1,"name":"Anasayfa","item":"https:\/\/kurcaloglu.com\/"},{"@type":"ListItem","position":2,"name":"\u0130nfaz Hesaplama"}]},{"@type":"WebSite","@id":"https:\/\/kurcaloglu.com\/#website","url":"https:\/\/kurcaloglu.com\/","name":"Kur\u00e7alo\u011flu Hukuk & Partners","description":"Ceza hukuku- \u0130cra iflas hukuku, Miras hukuku, Bo\u015fanma hukuk, \u0130\u015f hukuku","publisher":{"@id":"https:\/\/kurcaloglu.com\/#organization"},"alternateName":"Kur\u00e7alo\u011flu Hukuk & Partners","potentialAction":[{"@type":"SearchAction","target":{"@type":"EntryPoint","urlTemplate":"https:\/\/kurcaloglu.com\/?s={search_term_string}"},"query-input":"required name=search_term_string"}],"inLanguage":"en-GB"},{"@type":"Organization","@id":"https:\/\/kurcaloglu.com\/#organization","name":"Kur\u00e7alo\u011flu Hukuk & Partners","alternateName":"Kur\u00e7alo\u011flu Hukuk & Partners","url":"https:\/\/kurcaloglu.com\/","logo":{"@type":"ImageObject","inLanguage":"en-GB","@id":"https:\/\/kurcaloglu.com\/#\/schema\/logo\/image\/","url":"https:\/\/kurcaloglu.com\/wp-content\/uploads\/2022\/04\/cropped-cropped-cropped-Adsiz-tasarim-1-2-1.png","contentUrl":"https:\/\/kurcaloglu.com\/wp-content\/uploads\/2022\/04\/cropped-cropped-cropped-Adsiz-tasarim-1-2-1.png","width":245,"height":65,"caption":"Kur\u00e7alo\u011flu Hukuk & Partners"},"image":{"@id":"https:\/\/kurcaloglu.com\/#\/schema\/logo\/image\/"},"sameAs":["https:\/\/www.facebook.com\/profile.php?id=100090344741598","https:\/\/x.com\/KurcalogluHukuk","https:\/\/www.facebook.com\/kurcalogluhukuk&partners","https:\/\/www.instagram.com\/kurcalogluhukuk&Partners\/?hl=tr"]}]}},"_links":{"self":[{"href":"https:\/\/kurcaloglu.com\/en\/wp-json\/wp\/v2\/pages\/16629"}],"collection":[{"href":"https:\/\/kurcaloglu.com\/en\/wp-json\/wp\/v2\/pages"}],"about":[{"href":"https:\/\/kurcaloglu.com\/en\/wp-json\/wp\/v2\/types\/page"}],"author":[{"embeddable":true,"href":"https:\/\/kurcaloglu.com\/en\/wp-json\/wp\/v2\/users\/5"}],"replies":[{"embeddable":true,"href":"https:\/\/kurcaloglu.com\/en\/wp-json\/wp\/v2\/comments?post=16629"}],"version-history":[{"count":7,"href":"https:\/\/kurcaloglu.com\/en\/wp-json\/wp\/v2\/pages\/16629\/revisions"}],"predecessor-version":[{"id":16636,"href":"https:\/\/kurcaloglu.com\/en\/wp-json\/wp\/v2\/pages\/16629\/revisions\/16636"}],"wp:attachment":[{"href":"https:\/\/kurcaloglu.com\/en\/wp-json\/wp\/v2\/media?parent=16629"}],"curies":[{"name":"wp","href":"https:\/\/api.w.org\/{rel}","templated":true}]}}