{"id":976,"date":"2020-12-08T04:17:08","date_gmt":"2020-12-08T04:17:08","guid":{"rendered":"http:\/\/kurcaloglu.com\/?page_id=976"},"modified":"2021-02-08T05:32:20","modified_gmt":"2021-02-08T05:32:20","slug":"gallery","status":"publish","type":"page","link":"https:\/\/kurcaloglu.com\/en\/gallery\/","title":{"rendered":"Gallery"},"content":{"rendered":"<div data-elementor-type=\"wp-page\" data-elementor-id=\"976\" class=\"elementor elementor-976\">\n\t\t\t\t\t\t<section class=\"elementor-section elementor-top-section elementor-element elementor-element-eec20bc elementor-section-boxed elementor-section-height-default elementor-section-height-default\" data-id=\"eec20bc\" data-element_type=\"section\" data-settings=\"{&quot;background_background&quot;:&quot;classic&quot;}\">\n\t\t\t\t\t\t<div class=\"elementor-container elementor-column-gap-default\">\n\t\t\t\t\t<div class=\"elementor-column elementor-col-100 elementor-top-column elementor-element elementor-element-7644380\" data-id=\"7644380\" data-element_type=\"column\">\n\t\t\t<div class=\"elementor-widget-wrap elementor-element-populated\">\n\t\t\t\t\t\t<div class=\"elementor-element elementor-element-14c5a51 elementor-widget elementor-widget-rt-gallery\" data-id=\"14c5a51\" data-element_type=\"widget\" data-widget_type=\"rt-gallery.default\">\n\t\t\t\t<div class=\"elementor-widget-container\">\n\t\t\t\n<section class=\"gallery-wrap-layout1\">\n\t<div class=\"container\">\n\t\t<div class=\"row masonry-items zoom-gallery\">\n\t\t\t\t\t\t<div class=\"col-lg-4 col-sm-6 col-12 masonry-item gallery-item wow animated fadeInUp\" data-wow-delay=\"0.2s\">\n\t\t\t\t\t\t\t\t<div class=\"gallery-box-layout1\">\n\t\t\t\t\t<a href=\"http:\/\/kurcaloglu.com\/wp-content\/uploads\/2020\/12\/gallery1.jpg\" data-elementor-open-lightbox=\"yes\" data-elementor-lightbox-slideshow=\"1\" data-elementor-lightbox-title=\"Gallery\">\n\t\t\t\t\t\t\t\t\t\t\t<\/a>\n\t\t\t\t<\/div>\n\t\t\t\t\t\t\t<\/div>\n\t\t\t\t\t\t<div class=\"col-lg-4 col-sm-6 col-12 masonry-item gallery-item wow animated fadeInUp\" data-wow-delay=\"0.4s\">\n\t\t\t\t\t\t\t\t<div class=\"gallery-box-layout1\">\n\t\t\t\t\t<a href=\"http:\/\/kurcaloglu.com\/wp-content\/uploads\/2020\/12\/gallery2.jpg\" data-elementor-open-lightbox=\"yes\" data-elementor-lightbox-slideshow=\"1\" data-elementor-lightbox-title=\"Gallery\">\n\t\t\t\t\t\t\t\t\t\t\t<\/a>\n\t\t\t\t<\/div>\n\t\t\t\t\t\t\t<\/div>\n\t\t\t\t\t\t<div class=\"col-lg-4 col-sm-6 col-12 masonry-item gallery-item wow animated fadeInUp\" data-wow-delay=\"0.6s\">\n\t\t\t\t\t\t\t\t<div class=\"gallery-box-layout1\">\n\t\t\t\t\t<a href=\"http:\/\/kurcaloglu.com\/wp-content\/uploads\/2020\/12\/gallery3.jpg\" data-elementor-open-lightbox=\"yes\" data-elementor-lightbox-slideshow=\"1\" data-elementor-lightbox-title=\"Gallery\">\n\t\t\t\t\t\t\t\t\t\t\t<\/a>\n\t\t\t\t<\/div>\n\t\t\t\t\t\t\t<\/div>\n\t\t\t\t\t\t<div class=\"col-lg-4 col-sm-6 col-12 masonry-item gallery-item wow animated fadeInUp\" data-wow-delay=\"0.2s\">\n\t\t\t\t\t\t\t\t<div class=\"gallery-box-layout1\">\n\t\t\t\t\t<a href=\"http:\/\/kurcaloglu.com\/wp-content\/uploads\/2020\/12\/gallery4.jpg\" data-elementor-open-lightbox=\"yes\" data-elementor-lightbox-slideshow=\"1\" data-elementor-lightbox-title=\"Gallery\">\n\t\t\t\t\t\t\t\t\t\t\t<\/a>\n\t\t\t\t<\/div>\n\t\t\t\t\t\t\t<\/div>\n\t\t\t\t\t\t<div class=\"col-lg-4 col-sm-6 col-12 masonry-item gallery-item wow animated fadeInUp\" data-wow-delay=\"0.4s\">\n\t\t\t\t\t\t\t\t<div class=\"gallery-box-layout1\">\n\t\t\t\t\t<a href=\"http:\/\/kurcaloglu.com\/wp-content\/uploads\/2020\/12\/gallery5.jpg\" data-elementor-open-lightbox=\"yes\" data-elementor-lightbox-slideshow=\"1\" data-elementor-lightbox-title=\"Gallery\">\n\t\t\t\t\t\t\t\t\t\t\t<\/a>\n\t\t\t\t<\/div>\n\t\t\t\t\t\t\t<\/div>\n\t\t\t\t\t\t<div class=\"col-lg-4 col-sm-6 col-12 masonry-item gallery-item wow animated fadeInUp\" data-wow-delay=\"0.6s\">\n\t\t\t\t\t\t\t\t<div class=\"gallery-box-layout1\">\n\t\t\t\t\t<a href=\"http:\/\/kurcaloglu.com\/wp-content\/uploads\/2020\/12\/gallery6.jpg\" data-elementor-open-lightbox=\"yes\" data-elementor-lightbox-slideshow=\"1\" data-elementor-lightbox-title=\"Gallery\">\n\t\t\t\t\t\t\t\t\t\t\t<\/a>\n\t\t\t\t<\/div>\n\t\t\t\t\t\t\t<\/div>\n\t\t\t\t\t\t<div class=\"col-lg-4 col-sm-6 col-12 masonry-item gallery-item wow animated fadeInUp\" data-wow-delay=\"0.4s\">\n\t\t\t\t\t\t\t\t<div class=\"gallery-box-layout1\">\n\t\t\t\t\t<a href=\"http:\/\/kurcaloglu.com\/wp-content\/uploads\/2020\/12\/gallery7.jpg\" data-elementor-open-lightbox=\"yes\" data-elementor-lightbox-slideshow=\"1\" data-elementor-lightbox-title=\"Gallery\">\n\t\t\t\t\t\t\t\t\t\t\t<\/a>\n\t\t\t\t<\/div>\n\t\t\t\t\t\t\t<\/div>\n\t\t\t\t\t\t<div class=\"col-lg-4 col-sm-6 col-12 masonry-item gallery-item wow animated fadeInUp\" data-wow-delay=\"0.2s\">\n\t\t\t\t\t\t\t\t<div class=\"gallery-box-layout1\">\n\t\t\t\t\t<a href=\"http:\/\/kurcaloglu.com\/wp-content\/uploads\/2020\/12\/gallery10.jpg\" data-elementor-open-lightbox=\"yes\" data-elementor-lightbox-slideshow=\"1\" data-elementor-lightbox-title=\"Gallery\">\n\t\t\t\t\t\t\t\t\t\t\t<\/a>\n\t\t\t\t<\/div>\n\t\t\t\t\t\t\t<\/div>\n\t\t\t\t\t\t<div class=\"col-lg-4 col-sm-6 col-12 masonry-item gallery-item wow animated fadeInUp\" data-wow-delay=\"0.6s\">\n\t\t\t\t\t\t\t\t<div class=\"gallery-box-layout1\">\n\t\t\t\t\t<a href=\"http:\/\/kurcaloglu.com\/wp-content\/uploads\/2020\/12\/gallery8.jpg\" data-elementor-open-lightbox=\"yes\" data-elementor-lightbox-slideshow=\"1\" data-elementor-lightbox-title=\"Gallery\">\n\t\t\t\t\t\t\t\t\t\t\t<\/a>\n\t\t\t\t<\/div>\n\t\t\t\t\t\t\t<\/div>\n\t\t\t\t\t\t<div class=\"col-lg-4 col-sm-6 col-12 masonry-item gallery-item wow animated fadeInUp\" data-wow-delay=\"0.2s\">\n\t\t\t\t\t\t\t\t<div class=\"gallery-box-layout1\">\n\t\t\t\t\t<a href=\"http:\/\/kurcaloglu.com\/wp-content\/uploads\/2020\/12\/gallery9.jpg\" data-elementor-open-lightbox=\"yes\" data-elementor-lightbox-slideshow=\"1\" data-elementor-lightbox-title=\"Gallery\">\n\t\t\t\t\t\t\t\t\t\t\t<\/a>\n\t\t\t\t<\/div>\n\t\t\t\t\t\t\t<\/div>\n\t\t\t\t\t<\/div>\n\t<\/div>\n<\/section>\t\t<\/div>\n\t\t\t\t<\/div>\n\t\t\t\t\t<\/div>\n\t\t<\/div>\n\t\t\t\t\t<\/div>\n\t\t<\/section>\n\t\t\t\t<\/div>","protected":false},"excerpt":{"rendered":"","protected":false},"author":1,"featured_media":0,"parent":0,"menu_order":0,"comment_status":"closed","ping_status":"closed","template":"templates\/blank.php","meta":{"footnotes":""},"yoast_head":"<!-- This site is optimized with the Yoast SEO plugin v22.8 - https:\/\/yoast.com\/wordpress\/plugins\/seo\/ -->\n<title>Kur&ccedil;alo\u011flu Hukuk &amp; Partners- Gallery<\/title>\n<meta name=\"robots\" content=\"index, follow, max-snippet:-1, max-image-preview:large, max-video-preview:-1\" \/>\n<link rel=\"canonical\" href=\"https:\/\/kurcaloglu.com\/en\/gallery\/\" \/>\n<meta property=\"og:locale\" content=\"en_GB\" \/>\n<meta property=\"og:type\" content=\"article\" \/>\n<meta property=\"og:title\" content=\"Kur&ccedil;alo\u011flu Hukuk &amp; Partners- Gallery\" \/>\n<meta property=\"og:url\" content=\"https:\/\/kurcaloglu.com\/en\/gallery\/\" \/>\n<meta property=\"og:site_name\" content=\"Kur&ccedil;alo\u011flu Hukuk &amp; Partners\" \/>\n<meta property=\"article:publisher\" content=\"https:\/\/www.facebook.com\/profile.php?id=100090344741598\" \/>\n<meta property=\"article:modified_time\" content=\"2021-02-08T05:32:20+00:00\" \/>\n<meta property=\"og:image\" content=\"http:\/\/kurcaloglu.com\/wp-content\/uploads\/2020\/12\/gallery1.jpg\" \/>\n<meta name=\"twitter:card\" content=\"summary_large_image\" \/>\n<meta name=\"twitter:site\" content=\"@KurcalogluHukuk\" \/>\n<script type=\"application\/ld+json\" class=\"yoast-schema-graph\">{\"@context\":\"https:\/\/schema.org\",\"@graph\":[{\"@type\":\"WebPage\",\"@id\":\"https:\/\/kurcaloglu.com\/gallery\/\",\"url\":\"https:\/\/kurcaloglu.com\/gallery\/\",\"name\":\"Kur&ccedil;alo\u011flu Hukuk &amp; Partners- Gallery\",\"isPartOf\":{\"@id\":\"https:\/\/kurcaloglu.com\/#website\"},\"primaryImageOfPage\":{\"@id\":\"https:\/\/kurcaloglu.com\/gallery\/#primaryimage\"},\"image\":{\"@id\":\"https:\/\/kurcaloglu.com\/gallery\/#primaryimage\"},\"thumbnailUrl\":\"http:\/\/kurcaloglu.com\/wp-content\/uploads\/2020\/12\/gallery1.jpg\",\"datePublished\":\"2020-12-08T04:17:08+00:00\",\"dateModified\":\"2021-02-08T05:32:20+00:00\",\"breadcrumb\":{\"@id\":\"https:\/\/kurcaloglu.com\/gallery\/#breadcrumb\"},\"inLanguage\":\"en-GB\",\"potentialAction\":[{\"@type\":\"ReadAction\",\"target\":[\"https:\/\/kurcaloglu.com\/gallery\/\"]}]},{\"@type\":\"ImageObject\",\"inLanguage\":\"en-GB\",\"@id\":\"https:\/\/kurcaloglu.com\/gallery\/#primaryimage\",\"url\":\"http:\/\/kurcaloglu.com\/wp-content\/uploads\/2020\/12\/gallery1.jpg\",\"contentUrl\":\"http:\/\/kurcaloglu.com\/wp-content\/uploads\/2020\/12\/gallery1.jpg\"},{\"@type\":\"BreadcrumbList\",\"@id\":\"https:\/\/kurcaloglu.com\/gallery\/#breadcrumb\",\"itemListElement\":[{\"@type\":\"ListItem\",\"position\":1,\"name\":\"Anasayfa\",\"item\":\"https:\/\/kurcaloglu.com\/\"},{\"@type\":\"ListItem\",\"position\":2,\"name\":\"Gallery\"}]},{\"@type\":\"WebSite\",\"@id\":\"https:\/\/kurcaloglu.com\/#website\",\"url\":\"https:\/\/kurcaloglu.com\/\",\"name\":\"Kur\u00e7alo\u011flu Hukuk & Partners\",\"description\":\"Ceza hukuku- \u0130cra iflas hukuku, Miras hukuku, Bo\u015fanma hukuk, \u0130\u015f hukuku\",\"publisher\":{\"@id\":\"https:\/\/kurcaloglu.com\/#organization\"},\"alternateName\":\"Kur\u00e7alo\u011flu Hukuk & Partners\",\"potentialAction\":[{\"@type\":\"SearchAction\",\"target\":{\"@type\":\"EntryPoint\",\"urlTemplate\":\"https:\/\/kurcaloglu.com\/?s={search_term_string}\"},\"query-input\":\"required name=search_term_string\"}],\"inLanguage\":\"en-GB\"},{\"@type\":\"Organization\",\"@id\":\"https:\/\/kurcaloglu.com\/#organization\",\"name\":\"Kur\u00e7alo\u011flu Hukuk & Partners\",\"alternateName\":\"Kur\u00e7alo\u011flu Hukuk & Partners\",\"url\":\"https:\/\/kurcaloglu.com\/\",\"logo\":{\"@type\":\"ImageObject\",\"inLanguage\":\"en-GB\",\"@id\":\"https:\/\/kurcaloglu.com\/#\/schema\/logo\/image\/\",\"url\":\"https:\/\/kurcaloglu.com\/wp-content\/uploads\/2022\/04\/cropped-cropped-cropped-Adsiz-tasarim-1-2-1.png\",\"contentUrl\":\"https:\/\/kurcaloglu.com\/wp-content\/uploads\/2022\/04\/cropped-cropped-cropped-Adsiz-tasarim-1-2-1.png\",\"width\":245,\"height\":65,\"caption\":\"Kur\u00e7alo\u011flu Hukuk & Partners\"},\"image\":{\"@id\":\"https:\/\/kurcaloglu.com\/#\/schema\/logo\/image\/\"},\"sameAs\":[\"https:\/\/www.facebook.com\/profile.php?id=100090344741598\",\"https:\/\/x.com\/KurcalogluHukuk\",\"https:\/\/www.facebook.com\/kurcalogluhukuk&partners\",\"https:\/\/www.instagram.com\/kurcalogluhukuk&Partners\/?hl=tr\"]}]}<\/script>\n<!-- \/ Yoast SEO plugin. -->","yoast_head_json":{"title":"Kur&ccedil;alo\u011flu Hukuk &amp; Partners- Gallery","robots":{"index":"index","follow":"follow","max-snippet":"max-snippet:-1","max-image-preview":"max-image-preview:large","max-video-preview":"max-video-preview:-1"},"canonical":"https:\/\/kurcaloglu.com\/en\/gallery\/","og_locale":"en_GB","og_type":"article","og_title":"Kur&ccedil;alo\u011flu Hukuk &amp; Partners- Gallery","og_url":"https:\/\/kurcaloglu.com\/en\/gallery\/","og_site_name":"Kur&ccedil;alo\u011flu Hukuk &amp; Partners","article_publisher":"https:\/\/www.facebook.com\/profile.php?id=100090344741598","article_modified_time":"2021-02-08T05:32:20+00:00","og_image":[{"url":"http:\/\/kurcaloglu.com\/wp-content\/uploads\/2020\/12\/gallery1.jpg"}],"twitter_card":"summary_large_image","twitter_site":"@KurcalogluHukuk","schema":{"@context":"https:\/\/schema.org","@graph":[{"@type":"WebPage","@id":"https:\/\/kurcaloglu.com\/gallery\/","url":"https:\/\/kurcaloglu.com\/gallery\/","name":"Kur&ccedil;alo\u011flu Hukuk &amp; Partners- Gallery","isPartOf":{"@id":"https:\/\/kurcaloglu.com\/#website"},"primaryImageOfPage":{"@id":"https:\/\/kurcaloglu.com\/gallery\/#primaryimage"},"image":{"@id":"https:\/\/kurcaloglu.com\/gallery\/#primaryimage"},"thumbnailUrl":"http:\/\/kurcaloglu.com\/wp-content\/uploads\/2020\/12\/gallery1.jpg","datePublished":"2020-12-08T04:17:08+00:00","dateModified":"2021-02-08T05:32:20+00:00","breadcrumb":{"@id":"https:\/\/kurcaloglu.com\/gallery\/#breadcrumb"},"inLanguage":"en-GB","potentialAction":[{"@type":"ReadAction","target":["https:\/\/kurcaloglu.com\/gallery\/"]}]},{"@type":"ImageObject","inLanguage":"en-GB","@id":"https:\/\/kurcaloglu.com\/gallery\/#primaryimage","url":"http:\/\/kurcaloglu.com\/wp-content\/uploads\/2020\/12\/gallery1.jpg","contentUrl":"http:\/\/kurcaloglu.com\/wp-content\/uploads\/2020\/12\/gallery1.jpg"},{"@type":"BreadcrumbList","@id":"https:\/\/kurcaloglu.com\/gallery\/#breadcrumb","itemListElement":[{"@type":"ListItem","position":1,"name":"Anasayfa","item":"https:\/\/kurcaloglu.com\/"},{"@type":"ListItem","position":2,"name":"Gallery"}]},{"@type":"WebSite","@id":"https:\/\/kurcaloglu.com\/#website","url":"https:\/\/kurcaloglu.com\/","name":"Kur\u00e7alo\u011flu Hukuk & Partners","description":"Ceza hukuku- \u0130cra iflas hukuku, Miras hukuku, Bo\u015fanma hukuk, \u0130\u015f hukuku","publisher":{"@id":"https:\/\/kurcaloglu.com\/#organization"},"alternateName":"Kur\u00e7alo\u011flu Hukuk & Partners","potentialAction":[{"@type":"SearchAction","target":{"@type":"EntryPoint","urlTemplate":"https:\/\/kurcaloglu.com\/?s={search_term_string}"},"query-input":"required name=search_term_string"}],"inLanguage":"en-GB"},{"@type":"Organization","@id":"https:\/\/kurcaloglu.com\/#organization","name":"Kur\u00e7alo\u011flu Hukuk & Partners","alternateName":"Kur\u00e7alo\u011flu Hukuk & Partners","url":"https:\/\/kurcaloglu.com\/","logo":{"@type":"ImageObject","inLanguage":"en-GB","@id":"https:\/\/kurcaloglu.com\/#\/schema\/logo\/image\/","url":"https:\/\/kurcaloglu.com\/wp-content\/uploads\/2022\/04\/cropped-cropped-cropped-Adsiz-tasarim-1-2-1.png","contentUrl":"https:\/\/kurcaloglu.com\/wp-content\/uploads\/2022\/04\/cropped-cropped-cropped-Adsiz-tasarim-1-2-1.png","width":245,"height":65,"caption":"Kur\u00e7alo\u011flu Hukuk & Partners"},"image":{"@id":"https:\/\/kurcaloglu.com\/#\/schema\/logo\/image\/"},"sameAs":["https:\/\/www.facebook.com\/profile.php?id=100090344741598","https:\/\/x.com\/KurcalogluHukuk","https:\/\/www.facebook.com\/kurcalogluhukuk&partners","https:\/\/www.instagram.com\/kurcalogluhukuk&Partners\/?hl=tr"]}]}},"_links":{"self":[{"href":"https:\/\/kurcaloglu.com\/en\/wp-json\/wp\/v2\/pages\/976"}],"collection":[{"href":"https:\/\/kurcaloglu.com\/en\/wp-json\/wp\/v2\/pages"}],"about":[{"href":"https:\/\/kurcaloglu.com\/en\/wp-json\/wp\/v2\/types\/page"}],"author":[{"embeddable":true,"href":"https:\/\/kurcaloglu.com\/en\/wp-json\/wp\/v2\/users\/1"}],"replies":[{"embeddable":true,"href":"https:\/\/kurcaloglu.com\/en\/wp-json\/wp\/v2\/comments?post=976"}],"version-history":[{"count":0,"href":"https:\/\/kurcaloglu.com\/en\/wp-json\/wp\/v2\/pages\/976\/revisions"}],"wp:attachment":[{"href":"https:\/\/kurcaloglu.com\/en\/wp-json\/wp\/v2\/media?parent=976"}],"curies":[{"name":"wp","href":"https:\/\/api.w.org\/{rel}","templated":true}]}}