{"id":13690,"date":"2022-09-10T18:37:39","date_gmt":"2022-09-10T15:37:39","guid":{"rendered":"https:\/\/kurcaloglu.com\/?page_id=13690"},"modified":"2022-09-10T18:52:53","modified_gmt":"2022-09-10T15:52:53","slug":"esine-karsi-kumanda-firlatan-es","status":"publish","type":"page","link":"https:\/\/kurcaloglu.com\/fr\/esine-karsi-kumanda-firlatan-es\/","title":{"rendered":"E\u015fine Kar\u015f\u0131 Kumanda F\u0131rlatan E\u015f"},"content":{"rendered":"<div data-elementor-type=\"wp-page\" data-elementor-id=\"13690\" class=\"elementor elementor-13690\">\n\t\t\t\t\t\t<section class=\"elementor-section elementor-top-section elementor-element elementor-element-b437a91 elementor-section-boxed elementor-section-height-default elementor-section-height-default\" data-id=\"b437a91\" data-element_type=\"section\">\n\t\t\t\t\t\t<div class=\"elementor-container elementor-column-gap-default\">\n\t\t\t\t\t<div class=\"elementor-column elementor-col-100 elementor-top-column elementor-element elementor-element-f1ee91d\" data-id=\"f1ee91d\" data-element_type=\"column\">\n\t\t\t<div class=\"elementor-widget-wrap elementor-element-populated\">\n\t\t\t\t\t\t<div class=\"elementor-element elementor-element-ff956ce elementor-widget elementor-widget-spacer\" data-id=\"ff956ce\" data-element_type=\"widget\" data-widget_type=\"spacer.default\">\n\t\t\t\t<div class=\"elementor-widget-container\">\n\t\t\t\t\t<div class=\"elementor-spacer\">\n\t\t\t<div class=\"elementor-spacer-inner\"><\/div>\n\t\t<\/div>\n\t\t\t\t<\/div>\n\t\t\t\t<\/div>\n\t\t\t\t\t<\/div>\n\t\t<\/div>\n\t\t\t\t\t<\/div>\n\t\t<\/section>\n\t\t\t\t<section class=\"elementor-section elementor-top-section elementor-element elementor-element-709e2b9 elementor-section-boxed elementor-section-height-default elementor-section-height-default\" data-id=\"709e2b9\" data-element_type=\"section\">\n\t\t\t\t\t\t<div class=\"elementor-container elementor-column-gap-default\">\n\t\t\t\t\t<div class=\"elementor-column elementor-col-100 elementor-top-column elementor-element elementor-element-66d93ea\" data-id=\"66d93ea\" data-element_type=\"column\">\n\t\t\t<div class=\"elementor-widget-wrap elementor-element-populated\">\n\t\t\t\t\t\t<div class=\"elementor-element elementor-element-26701fa elementor-widget elementor-widget-image\" data-id=\"26701fa\" data-element_type=\"widget\" data-widget_type=\"image.default\">\n\t\t\t\t<div class=\"elementor-widget-container\">\n\t\t\t\t\t\t\t\t\t\t\t\t\t<img decoding=\"async\" src=\"https:\/\/kurcaloglu.com\/wp-content\/uploads\/2022\/09\/kumanda.jpeg\" title=\"\" alt=\"\" loading=\"lazy\" \/>\t\t\t\t\t\t\t\t\t\t\t\t\t<\/div>\n\t\t\t\t<\/div>\n\t\t\t\t\t<\/div>\n\t\t<\/div>\n\t\t\t\t\t<\/div>\n\t\t<\/section>\n\t\t\t\t<section class=\"elementor-section elementor-top-section elementor-element elementor-element-4ac46ad elementor-section-full_width elementor-section-height-default elementor-section-height-default\" data-id=\"4ac46ad\" data-element_type=\"section\">\n\t\t\t\t\t\t<div class=\"elementor-container elementor-column-gap-default\">\n\t\t\t\t\t<div class=\"elementor-column elementor-col-100 elementor-top-column elementor-element elementor-element-f0ff4b3\" data-id=\"f0ff4b3\" data-element_type=\"column\">\n\t\t\t<div class=\"elementor-widget-wrap elementor-element-populated\">\n\t\t\t\t\t\t<div class=\"elementor-element elementor-element-a8f0abf elementor-widget elementor-widget-heading\" data-id=\"a8f0abf\" data-element_type=\"widget\" data-widget_type=\"heading.default\">\n\t\t\t\t<div class=\"elementor-widget-container\">\n\t\t\t<h3 class=\"elementor-heading-title elementor-size-large\"><p style=\"color: rgb(0, 0, 0); line-height: 22px; margin-bottom: 0cm; direction: ltr; background: transparent; font-family: &quot;Arial&quot;, serif; font-size: 18pt; font-weight: 400; white-space: normal;\"><b style=\"background-color: transparent; font-family: &quot;Times New Roman&quot;, serif; font-size: 18pt;\">Yarg\u0131tay 1. CD., E.2021\/4730, K.2021\/5557;<\/b><br><\/p><\/h3>\t\t<\/div>\n\t\t\t\t<\/div>\n\t\t\t\t\t<\/div>\n\t\t<\/div>\n\t\t\t\t\t<\/div>\n\t\t<\/section>\n\t\t\t\t<section class=\"elementor-section elementor-top-section elementor-element elementor-element-0513fa5 elementor-section-full_width elementor-section-height-default elementor-section-height-default\" data-id=\"0513fa5\" data-element_type=\"section\">\n\t\t\t\t\t\t<div class=\"elementor-container elementor-column-gap-default\">\n\t\t\t\t\t<div class=\"elementor-column elementor-col-100 elementor-top-column elementor-element elementor-element-b74ed2a\" data-id=\"b74ed2a\" data-element_type=\"column\">\n\t\t\t<div class=\"elementor-widget-wrap elementor-element-populated\">\n\t\t\t\t\t\t<div class=\"elementor-element elementor-element-e643de6 elementor-widget elementor-widget-text-editor\" data-id=\"e643de6\" data-element_type=\"widget\" data-widget_type=\"text-editor.default\">\n\t\t\t\t<div class=\"elementor-widget-container\">\n\t\t\t\t\t\t\t<div class=\"page\" title=\"Page 1\"><div class=\"layoutArea\"><div class=\"column\"><div class=\"page\" title=\"Page 1\"><div class=\"layoutArea\"><div class=\"column\"><p>T.C. YARGITAY<\/p><p>1. Ceza Dairesi<br \/>Esas No: 2021\/4730 Karar No: 2021\/5557 Karar Tarihi: 30.03.2021<\/p><p>YARGITAY KARARI YARGITAY KARARI<\/p><p>MAHKEMESI\u0307 :Asliye Ceza Mahkemesi SUC\u0327: Kasten yaralama<\/p><p><br \/>HU\u0308KU\u0308M: Mahkumiyet<\/p><\/div><\/div><\/div><\/div><\/div><\/div>\t\t\t\t\t\t<\/div>\n\t\t\t\t<\/div>\n\t\t\t\t\t<\/div>\n\t\t<\/div>\n\t\t\t\t\t<\/div>\n\t\t<\/section>\n\t\t\t\t<section class=\"elementor-section elementor-top-section elementor-element elementor-element-42f7f7e elementor-section-boxed elementor-section-height-default elementor-section-height-default\" data-id=\"42f7f7e\" data-element_type=\"section\">\n\t\t\t\t\t\t<div class=\"elementor-container elementor-column-gap-default\">\n\t\t\t\t\t<div class=\"elementor-column elementor-col-100 elementor-top-column elementor-element elementor-element-2047f55\" data-id=\"2047f55\" data-element_type=\"column\">\n\t\t\t<div class=\"elementor-widget-wrap elementor-element-populated\">\n\t\t\t\t\t\t<div class=\"elementor-element elementor-element-95b33c7 elementor-widget elementor-widget-heading\" data-id=\"95b33c7\" data-element_type=\"widget\" data-widget_type=\"heading.default\">\n\t\t\t\t<div class=\"elementor-widget-container\">\n\t\t\t<h1 class=\"elementor-heading-title elementor-size-default\"><p style=\"color: rgb(0, 0, 0); line-height: 16px; margin-bottom: 0cm; direction: ltr; background: transparent; font-family: &quot;Times New Roman&quot;, serif; font-size: 18pt; white-space: normal;\"><b>YARGITAY KARARI<\/b><span style=\"font-family: Bitter, serif; font-size: 46px; white-space: pre-wrap;\"><\/span><\/p><\/h1>\t\t<\/div>\n\t\t\t\t<\/div>\n\t\t\t\t\t<\/div>\n\t\t<\/div>\n\t\t\t\t\t<\/div>\n\t\t<\/section>\n\t\t\t\t<section class=\"elementor-section elementor-top-section elementor-element elementor-element-26ed444 elementor-section-boxed elementor-section-height-default elementor-section-height-default\" data-id=\"26ed444\" data-element_type=\"section\">\n\t\t\t\t\t\t<div class=\"elementor-container elementor-column-gap-default\">\n\t\t\t\t\t<div class=\"elementor-column elementor-col-100 elementor-top-column elementor-element elementor-element-76ad986\" data-id=\"76ad986\" data-element_type=\"column\">\n\t\t\t<div class=\"elementor-widget-wrap elementor-element-populated\">\n\t\t\t\t\t\t<div class=\"elementor-element elementor-element-e944016 elementor-widget elementor-widget-text-editor\" data-id=\"e944016\" data-element_type=\"widget\" data-widget_type=\"text-editor.default\">\n\t\t\t\t<div class=\"elementor-widget-container\">\n\t\t\t\t\t\t\t<div class=\"page\" title=\"Page 1\"><div class=\"layoutArea\"><div class=\"column\"><h5>MAHKEMESI\u0307 :Asliye Ceza Mahkemesi SUC\u0327: Kasten yaralama<\/h5><p>HU\u0308KU\u0308M: Mahkumiyet<\/p><p>Mahalli mahkemece verilen hu\u0308ku\u0308m temyiz edilmekle evrak okunarak; Gereg\u0306i go\u0308ru\u0308s\u0327u\u0308lu\u0308p du\u0308s\u0327u\u0308nu\u0308ldu\u0308:<\/p><p>1)San\u0131g\u0306\u0131n u\u0308zerine at\u0131l\u0131 suc\u0327u es\u0327ine kars\u0327\u0131 silahtan say\u0131lan televizyon kumandas\u0131 ve sert mus\u0327ambayla is\u0327ledig\u0306i olayda, san\u0131k hakk\u0131nda hu\u0308ku\u0308m kurulurken TCK&#8217;nin 86\/3-e maddesinin de uygulama maddesi olarak go\u0308sterilmemesi,<\/p><p>2)San\u0131g\u0306\u0131n yarg\u0131lama konusu eyleminin, 5237 say\u0131l\u0131 TCK\u2019nin 86\/2. maddesi kapsam\u0131nda yer alan \u201cBasit Kasten Yaralama\u201d suc\u0327una ilis\u0327kin oldug\u0306u, bahse konu eylem yo\u0308nu\u0308nden o\u0308ngo\u0308ru\u0308len ceza miktar\u0131n\u0131n \u201cdo\u0308rt aydan bir y\u0131la kadar hapis veya adli para cezas\u0131\u201dna ilis\u0327kin oldug\u0306u anlas\u0327\u0131lmakla; 17\/10\/2019 tarih ve 7188 say\u0131l\u0131 Kanun\u2019un 24. maddesi ile yeniden du\u0308zenlenen 5271 say\u0131l\u0131 CMK\u2019nin 251\/1. maddesine go\u0308re, \u201cAsliye ceza mahkemesince, iddianamenin kabulu\u0308nden sonra adli para cezas\u0131n\u0131 ve\/veya u\u0308st s\u0131n\u0131r\u0131 iki y\u0131l veya daha az su\u0308reli hapis cezas\u0131n\u0131 gerektiren suc\u0327larda basit yarg\u0131lama usulu\u0308nu\u0308n uygulanmas\u0131na karar verilebilir.\u201d s\u0327eklindeki hu\u0308kme, 7188 say\u0131l\u0131 Kanun\u2019un 31. maddesinde yer alan gec\u0327ici 5\/1-d. maddesi ile \u201c01\/01\/2020 tarihi itibariyle kovus\u0327turma evresine gec\u0327ilmis\u0327, hu\u0308kme bag\u0306lanm\u0131s\u0327 veya kesinles\u0327mis\u0327 dosyalarda seri muhakeme usulu\u0308 ile basit yarg\u0131lama usulu\u0308 uygulanmaz.\u201d s\u0327eklinde s\u0131n\u0131rlama getirilmis\u0327 ise de, Anayasa Mahkemesinin, 19\/08\/2020 tarih ve 31218 say\u0131l\u0131 Resmi Gazete\u2019de yay\u0131mlanan, 25\/06\/2020 tarihli, 2020\/16 Esas ve 2020\/33 Karar say\u0131l\u0131 iptal karar\u0131 ile \u201c&#8230;kovus\u0327turma evresine gec\u0327ilmis\u0327&#8230;\u201d ibaresine ilis\u0327kin esas incelemenin ayn\u0131 bentte yer alan \u201c&#8230;basit yarg\u0131lama usulu\u0308&#8230;\u201d yo\u0308nu\u0308nden Anayasa&#8217;ya ayk\u0131r\u0131 oldug\u0306una ve iptaline karar verildig\u0306i, bo\u0308ylece \u201ckovus\u0327turma evresine gec\u0327ilmis\u0327 basit yarg\u0131lama usulu\u0308 uygulanabilecek dosyalar yo\u0308nu\u0308nden iptal karar\u0131\u201d verildig\u0306i anlas\u0327\u0131lmakla; her ne kadar Anayasa Mahkemesi kararlar\u0131 geriye yu\u0308ru\u0308mez ise de, CMK\u2019de yap\u0131lan deg\u0306is\u0327ikliklerin derhal uygulanmas\u0131 ilkesi gec\u0327erli olsa da, iptal karar\u0131n\u0131n sonuc\u0327lar\u0131 itibariyle Maddi Ceza Hukukuna ilis\u0327kin oldug\u0306u, zira CMK\u2019nin 251\/3. maddesinde \u201cBasit yarg\u0131lama usulu\u0308 uygulanan dosyalarda sonuc\u0327 ceza do\u0308rtte bir oran\u0131nda indirilir\u201d s\u0327eklindeki du\u0308zenleme gereg\u0306i maddi ceza hukuku anlam\u0131nda san\u0131k lehine sonuc\u0327 dog\u0306urmaya elveris\u0327li oldug\u0306undan, Avrupa I\u0307nsan Haklar\u0131 Mahkemesi Bu\u0308yu\u0308k Dairesinin (Scoppola v I\u0307talya (No: 3 \u2013 GC), No: 126\/05, 22 May\u0131s 2012) karar\u0131nda belirtildig\u0306i u\u0308zere, Avrupa I\u0307nsan Haklar\u0131 So\u0308zles\u0327mesinin \u201cKanunsuz ceza olmaz\u201d bas\u0327l\u0131kl\u0131 7. maddesi, Tu\u0308rkiye Cumhuriyeti Anayasas\u0131&#8217;n\u0131n \u201cSuc\u0327 ve cezalara ilis\u0327kin esaslar\u201d bas\u0327l\u0131kl\u0131 38. maddesi ile 5237 say\u0131l\u0131 TCK&#8217;nin 7. ve 5271 say\u0131l\u0131 CMK\u2019nin 251. maddeleri uyar\u0131nca dosyan\u0131n \u201cBasit Yarg\u0131lama Usulu\u0308\u201d yo\u0308nu\u0308nden deg\u0306erlendirilmesinde zorunluluk bulunmas\u0131,<\/p><p>Bozmay\u0131 gerektirmis\u0327, san\u0131g\u0306\u0131n temyiz sebepleri bu itibarla yerinde go\u0308ru\u0308lmu\u0308s\u0327 oldug\u0306undan, hu\u0308kmu\u0308n bu<\/p><\/div><\/div><div class=\"layoutArea\"><div class=\"column\"><p>Sinerji Mevzuat ve I\u0307c\u0327tihat Program\u0131<\/p><\/div><div class=\"column\"><p>Sayfa 1 \/2<\/p><\/div><\/div><\/div><div class=\"page\" title=\"Page 2\"><div class=\"layoutArea\"><div class=\"column\"><p>sebeplerden 6723 say\u0131l\u0131 Kanun&#8217;un 33. maddesi ile deg\u0306is\u0327ik 5320 say\u0131l\u0131 Kanun&#8217;un 8\/1. maddesi ile yu\u0308ru\u0308rlu\u0308kte bulunan 1412 say\u0131l\u0131 CMUK\u2019un 321. maddesi uyar\u0131nca BOZULMASINA, 30.03.2021 gu\u0308nu\u0308nde oy birlig\u0306iyle karar verildi.<\/p><\/div><\/div><\/div>\t\t\t\t\t\t<\/div>\n\t\t\t\t<\/div>\n\t\t\t\t\t<\/div>\n\t\t<\/div>\n\t\t\t\t\t<\/div>\n\t\t<\/section>\n\t\t\t\t<section class=\"elementor-section elementor-top-section elementor-element elementor-element-e821106 elementor-section-boxed elementor-section-height-default elementor-section-height-default\" data-id=\"e821106\" data-element_type=\"section\">\n\t\t\t\t\t\t<div class=\"elementor-container elementor-column-gap-default\">\n\t\t\t\t\t<div class=\"elementor-column elementor-col-100 elementor-top-column elementor-element elementor-element-b1d6aad\" data-id=\"b1d6aad\" data-element_type=\"column\">\n\t\t\t<div class=\"elementor-widget-wrap elementor-element-populated\">\n\t\t\t\t\t\t<div class=\"elementor-element elementor-element-4c1d7f5 elementor-widget elementor-widget-text-editor\" data-id=\"4c1d7f5\" data-element_type=\"widget\" data-widget_type=\"text-editor.default\">\n\t\t\t\t<div class=\"elementor-widget-container\">\n\t\t\t\t\t\t\t<h1 class=\"western\" style=\"margin-bottom: 0cm; font-family: 'Times New Roman', serif; font-weight: 400; line-height: 24px; font-size: 16pt; background: transparent; direction: ltr;\"><u><span style=\"font-weight: bold;\">F) Sonu\u00e7:\u00a0<\/span><\/u>Temyiz olunan karar\u0131n, yukar\u0131da yaz\u0131l\u0131 sebeplerden dolay\u0131 <strong>BOZULMASINA<\/strong>, pe\u015fin al\u0131nan temyiz harc\u0131n\u0131n istek halinde ilgiliye iadesine 01.07.2020 tarihinde oybirli\u011fiyle karar verildi.<\/h1>\t\t\t\t\t\t<\/div>\n\t\t\t\t<\/div>\n\t\t\t\t\t<\/div>\n\t\t<\/div>\n\t\t\t\t\t<\/div>\n\t\t<\/section>\n\t\t\t\t<\/div>","protected":false},"excerpt":{"rendered":"<p>Yarg\u0131tay 1. CD., E.2021\/4730, K.2021\/5557; T.C. YARGITAY 1. Ceza DairesiEsas No: 2021\/4730 Karar No: 2021\/5557 Karar Tarihi: 30.03.2021 YARGITAY KARARI YARGITAY KARARI MAHKEMESI\u0307 :Asliye Ceza Mahkemesi SUC\u0327: Kasten yaralama HU\u0308KU\u0308M: Mahkumiyet YARGITAY KARARI MAHKEMESI\u0307 :Asliye Ceza Mahkemesi SUC\u0327: Kasten yaralama HU\u0308KU\u0308M: Mahkumiyet Mahalli mahkemece verilen hu\u0308ku\u0308m temyiz edilmekle evrak okunarak; Gereg\u0306i go\u0308ru\u0308s\u0327u\u0308lu\u0308p du\u0308s\u0327u\u0308nu\u0308ldu\u0308: 1)San\u0131g\u0306\u0131n u\u0308zerine&#8230;<\/p>","protected":false},"author":1,"featured_media":0,"parent":0,"menu_order":0,"comment_status":"closed","ping_status":"closed","template":"","meta":{"footnotes":""},"yoast_head":"<!-- This site is optimized with the Yoast SEO plugin v22.8 - https:\/\/yoast.com\/wordpress\/plugins\/seo\/ -->\n<title>Kur&ccedil;alo\u011flu Hukuk &amp; Partners- E\u015fine Kar\u015f\u0131 Kumanda F\u0131rlatan E\u015f<\/title>\n<meta name=\"robots\" content=\"index, follow, max-snippet:-1, max-image-preview:large, max-video-preview:-1\" \/>\n<link rel=\"canonical\" href=\"https:\/\/kurcaloglu.com\/fr\/esine-karsi-kumanda-firlatan-es\/\" \/>\n<meta property=\"og:locale\" content=\"fr_FR\" \/>\n<meta property=\"og:type\" content=\"article\" \/>\n<meta property=\"og:title\" content=\"Kur&ccedil;alo\u011flu Hukuk &amp; Partners- E\u015fine Kar\u015f\u0131 Kumanda F\u0131rlatan E\u015f\" \/>\n<meta property=\"og:description\" content=\"Yarg\u0131tay 1. CD., E.2021\/4730, K.2021\/5557; T.C. YARGITAY 1. Ceza DairesiEsas No: 2021\/4730 Karar No: 2021\/5557 Karar Tarihi: 30.03.2021 YARGITAY KARARI YARGITAY KARARI MAHKEMESI\u0307 :Asliye Ceza Mahkemesi SUC\u0327: Kasten yaralama HU\u0308KU\u0308M: Mahkumiyet YARGITAY KARARI MAHKEMESI\u0307 :Asliye Ceza Mahkemesi SUC\u0327: Kasten yaralama HU\u0308KU\u0308M: Mahkumiyet Mahalli mahkemece verilen hu\u0308ku\u0308m temyiz edilmekle evrak okunarak; Gereg\u0306i go\u0308ru\u0308s\u0327u\u0308lu\u0308p du\u0308s\u0327u\u0308nu\u0308ldu\u0308: 1)San\u0131g\u0306\u0131n u\u0308zerine...\" \/>\n<meta property=\"og:url\" content=\"https:\/\/kurcaloglu.com\/fr\/esine-karsi-kumanda-firlatan-es\/\" \/>\n<meta property=\"og:site_name\" content=\"Kur&ccedil;alo\u011flu Hukuk &amp; Partners\" \/>\n<meta property=\"article:publisher\" content=\"https:\/\/www.facebook.com\/profile.php?id=100090344741598\" \/>\n<meta property=\"article:modified_time\" content=\"2022-09-10T15:52:53+00:00\" \/>\n<meta property=\"og:image\" content=\"https:\/\/kurcaloglu.com\/wp-content\/uploads\/2022\/09\/kumanda-768x434.jpeg\" \/>\n<meta name=\"twitter:card\" content=\"summary_large_image\" \/>\n<meta name=\"twitter:site\" content=\"@KurcalogluHukuk\" \/>\n<meta name=\"twitter:label1\" content=\"Dur\u00e9e de lecture estim\u00e9e\" \/>\n\t<meta name=\"twitter:data1\" content=\"3 minutes\" \/>\n<script type=\"application\/ld+json\" class=\"yoast-schema-graph\">{\"@context\":\"https:\/\/schema.org\",\"@graph\":[{\"@type\":\"WebPage\",\"@id\":\"https:\/\/kurcaloglu.com\/esine-karsi-kumanda-firlatan-es\/\",\"url\":\"https:\/\/kurcaloglu.com\/esine-karsi-kumanda-firlatan-es\/\",\"name\":\"Kur&ccedil;alo\u011flu Hukuk &amp; Partners- E\u015fine Kar\u015f\u0131 Kumanda F\u0131rlatan E\u015f\",\"isPartOf\":{\"@id\":\"https:\/\/kurcaloglu.com\/#website\"},\"primaryImageOfPage\":{\"@id\":\"https:\/\/kurcaloglu.com\/esine-karsi-kumanda-firlatan-es\/#primaryimage\"},\"image\":{\"@id\":\"https:\/\/kurcaloglu.com\/esine-karsi-kumanda-firlatan-es\/#primaryimage\"},\"thumbnailUrl\":\"https:\/\/kurcaloglu.com\/wp-content\/uploads\/2022\/09\/kumanda-768x434.jpeg\",\"datePublished\":\"2022-09-10T15:37:39+00:00\",\"dateModified\":\"2022-09-10T15:52:53+00:00\",\"breadcrumb\":{\"@id\":\"https:\/\/kurcaloglu.com\/esine-karsi-kumanda-firlatan-es\/#breadcrumb\"},\"inLanguage\":\"fr-FR\",\"potentialAction\":[{\"@type\":\"ReadAction\",\"target\":[\"https:\/\/kurcaloglu.com\/esine-karsi-kumanda-firlatan-es\/\"]}]},{\"@type\":\"ImageObject\",\"inLanguage\":\"fr-FR\",\"@id\":\"https:\/\/kurcaloglu.com\/esine-karsi-kumanda-firlatan-es\/#primaryimage\",\"url\":\"https:\/\/kurcaloglu.com\/wp-content\/uploads\/2022\/09\/kumanda-768x434.jpeg\",\"contentUrl\":\"https:\/\/kurcaloglu.com\/wp-content\/uploads\/2022\/09\/kumanda-768x434.jpeg\"},{\"@type\":\"BreadcrumbList\",\"@id\":\"https:\/\/kurcaloglu.com\/esine-karsi-kumanda-firlatan-es\/#breadcrumb\",\"itemListElement\":[{\"@type\":\"ListItem\",\"position\":1,\"name\":\"Anasayfa\",\"item\":\"https:\/\/kurcaloglu.com\/\"},{\"@type\":\"ListItem\",\"position\":2,\"name\":\"E\u015fine Kar\u015f\u0131 Kumanda F\u0131rlatan E\u015f\"}]},{\"@type\":\"WebSite\",\"@id\":\"https:\/\/kurcaloglu.com\/#website\",\"url\":\"https:\/\/kurcaloglu.com\/\",\"name\":\"Kur\u00e7alo\u011flu Hukuk & Partners\",\"description\":\"Ceza hukuku- \u0130cra iflas hukuku, Miras hukuku, Bo\u015fanma hukuk, \u0130\u015f hukuku\",\"publisher\":{\"@id\":\"https:\/\/kurcaloglu.com\/#organization\"},\"alternateName\":\"Kur\u00e7alo\u011flu Hukuk & Partners\",\"potentialAction\":[{\"@type\":\"SearchAction\",\"target\":{\"@type\":\"EntryPoint\",\"urlTemplate\":\"https:\/\/kurcaloglu.com\/?s={search_term_string}\"},\"query-input\":\"required name=search_term_string\"}],\"inLanguage\":\"fr-FR\"},{\"@type\":\"Organization\",\"@id\":\"https:\/\/kurcaloglu.com\/#organization\",\"name\":\"Kur\u00e7alo\u011flu Hukuk & Partners\",\"alternateName\":\"Kur\u00e7alo\u011flu Hukuk & Partners\",\"url\":\"https:\/\/kurcaloglu.com\/\",\"logo\":{\"@type\":\"ImageObject\",\"inLanguage\":\"fr-FR\",\"@id\":\"https:\/\/kurcaloglu.com\/#\/schema\/logo\/image\/\",\"url\":\"https:\/\/kurcaloglu.com\/wp-content\/uploads\/2022\/04\/cropped-cropped-cropped-Adsiz-tasarim-1-2-1.png\",\"contentUrl\":\"https:\/\/kurcaloglu.com\/wp-content\/uploads\/2022\/04\/cropped-cropped-cropped-Adsiz-tasarim-1-2-1.png\",\"width\":245,\"height\":65,\"caption\":\"Kur\u00e7alo\u011flu Hukuk & Partners\"},\"image\":{\"@id\":\"https:\/\/kurcaloglu.com\/#\/schema\/logo\/image\/\"},\"sameAs\":[\"https:\/\/www.facebook.com\/profile.php?id=100090344741598\",\"https:\/\/x.com\/KurcalogluHukuk\",\"https:\/\/www.facebook.com\/kurcalogluhukuk&partners\",\"https:\/\/www.instagram.com\/kurcalogluhukuk&Partners\/?hl=tr\"]}]}<\/script>\n<!-- \/ Yoast SEO plugin. -->","yoast_head_json":{"title":"Kur&ccedil;alo\u011flu Hukuk &amp; Partners- E\u015fine Kar\u015f\u0131 Kumanda F\u0131rlatan E\u015f","robots":{"index":"index","follow":"follow","max-snippet":"max-snippet:-1","max-image-preview":"max-image-preview:large","max-video-preview":"max-video-preview:-1"},"canonical":"https:\/\/kurcaloglu.com\/fr\/esine-karsi-kumanda-firlatan-es\/","og_locale":"fr_FR","og_type":"article","og_title":"Kur&ccedil;alo\u011flu Hukuk &amp; Partners- E\u015fine Kar\u015f\u0131 Kumanda F\u0131rlatan E\u015f","og_description":"Yarg\u0131tay 1. CD., E.2021\/4730, K.2021\/5557; T.C. YARGITAY 1. Ceza DairesiEsas No: 2021\/4730 Karar No: 2021\/5557 Karar Tarihi: 30.03.2021 YARGITAY KARARI YARGITAY KARARI MAHKEMESI\u0307 :Asliye Ceza Mahkemesi SUC\u0327: Kasten yaralama HU\u0308KU\u0308M: Mahkumiyet YARGITAY KARARI MAHKEMESI\u0307 :Asliye Ceza Mahkemesi SUC\u0327: Kasten yaralama HU\u0308KU\u0308M: Mahkumiyet Mahalli mahkemece verilen hu\u0308ku\u0308m temyiz edilmekle evrak okunarak; Gereg\u0306i go\u0308ru\u0308s\u0327u\u0308lu\u0308p du\u0308s\u0327u\u0308nu\u0308ldu\u0308: 1)San\u0131g\u0306\u0131n u\u0308zerine...","og_url":"https:\/\/kurcaloglu.com\/fr\/esine-karsi-kumanda-firlatan-es\/","og_site_name":"Kur&ccedil;alo\u011flu Hukuk &amp; Partners","article_publisher":"https:\/\/www.facebook.com\/profile.php?id=100090344741598","article_modified_time":"2022-09-10T15:52:53+00:00","og_image":[{"url":"https:\/\/kurcaloglu.com\/wp-content\/uploads\/2022\/09\/kumanda-768x434.jpeg"}],"twitter_card":"summary_large_image","twitter_site":"@KurcalogluHukuk","twitter_misc":{"Dur\u00e9e de lecture estim\u00e9e":"3 minutes"},"schema":{"@context":"https:\/\/schema.org","@graph":[{"@type":"WebPage","@id":"https:\/\/kurcaloglu.com\/esine-karsi-kumanda-firlatan-es\/","url":"https:\/\/kurcaloglu.com\/esine-karsi-kumanda-firlatan-es\/","name":"Kur&ccedil;alo\u011flu Hukuk &amp; Partners- E\u015fine Kar\u015f\u0131 Kumanda F\u0131rlatan E\u015f","isPartOf":{"@id":"https:\/\/kurcaloglu.com\/#website"},"primaryImageOfPage":{"@id":"https:\/\/kurcaloglu.com\/esine-karsi-kumanda-firlatan-es\/#primaryimage"},"image":{"@id":"https:\/\/kurcaloglu.com\/esine-karsi-kumanda-firlatan-es\/#primaryimage"},"thumbnailUrl":"https:\/\/kurcaloglu.com\/wp-content\/uploads\/2022\/09\/kumanda-768x434.jpeg","datePublished":"2022-09-10T15:37:39+00:00","dateModified":"2022-09-10T15:52:53+00:00","breadcrumb":{"@id":"https:\/\/kurcaloglu.com\/esine-karsi-kumanda-firlatan-es\/#breadcrumb"},"inLanguage":"fr-FR","potentialAction":[{"@type":"ReadAction","target":["https:\/\/kurcaloglu.com\/esine-karsi-kumanda-firlatan-es\/"]}]},{"@type":"ImageObject","inLanguage":"fr-FR","@id":"https:\/\/kurcaloglu.com\/esine-karsi-kumanda-firlatan-es\/#primaryimage","url":"https:\/\/kurcaloglu.com\/wp-content\/uploads\/2022\/09\/kumanda-768x434.jpeg","contentUrl":"https:\/\/kurcaloglu.com\/wp-content\/uploads\/2022\/09\/kumanda-768x434.jpeg"},{"@type":"BreadcrumbList","@id":"https:\/\/kurcaloglu.com\/esine-karsi-kumanda-firlatan-es\/#breadcrumb","itemListElement":[{"@type":"ListItem","position":1,"name":"Anasayfa","item":"https:\/\/kurcaloglu.com\/"},{"@type":"ListItem","position":2,"name":"E\u015fine Kar\u015f\u0131 Kumanda F\u0131rlatan E\u015f"}]},{"@type":"WebSite","@id":"https:\/\/kurcaloglu.com\/#website","url":"https:\/\/kurcaloglu.com\/","name":"Kur\u00e7alo\u011flu Hukuk & Partners","description":"Ceza hukuku- \u0130cra iflas hukuku, Miras hukuku, Bo\u015fanma hukuk, \u0130\u015f hukuku","publisher":{"@id":"https:\/\/kurcaloglu.com\/#organization"},"alternateName":"Kur\u00e7alo\u011flu Hukuk & Partners","potentialAction":[{"@type":"SearchAction","target":{"@type":"EntryPoint","urlTemplate":"https:\/\/kurcaloglu.com\/?s={search_term_string}"},"query-input":"required name=search_term_string"}],"inLanguage":"fr-FR"},{"@type":"Organization","@id":"https:\/\/kurcaloglu.com\/#organization","name":"Kur\u00e7alo\u011flu Hukuk & Partners","alternateName":"Kur\u00e7alo\u011flu Hukuk & Partners","url":"https:\/\/kurcaloglu.com\/","logo":{"@type":"ImageObject","inLanguage":"fr-FR","@id":"https:\/\/kurcaloglu.com\/#\/schema\/logo\/image\/","url":"https:\/\/kurcaloglu.com\/wp-content\/uploads\/2022\/04\/cropped-cropped-cropped-Adsiz-tasarim-1-2-1.png","contentUrl":"https:\/\/kurcaloglu.com\/wp-content\/uploads\/2022\/04\/cropped-cropped-cropped-Adsiz-tasarim-1-2-1.png","width":245,"height":65,"caption":"Kur\u00e7alo\u011flu Hukuk & Partners"},"image":{"@id":"https:\/\/kurcaloglu.com\/#\/schema\/logo\/image\/"},"sameAs":["https:\/\/www.facebook.com\/profile.php?id=100090344741598","https:\/\/x.com\/KurcalogluHukuk","https:\/\/www.facebook.com\/kurcalogluhukuk&partners","https:\/\/www.instagram.com\/kurcalogluhukuk&Partners\/?hl=tr"]}]}},"_links":{"self":[{"href":"https:\/\/kurcaloglu.com\/fr\/wp-json\/wp\/v2\/pages\/13690"}],"collection":[{"href":"https:\/\/kurcaloglu.com\/fr\/wp-json\/wp\/v2\/pages"}],"about":[{"href":"https:\/\/kurcaloglu.com\/fr\/wp-json\/wp\/v2\/types\/page"}],"author":[{"embeddable":true,"href":"https:\/\/kurcaloglu.com\/fr\/wp-json\/wp\/v2\/users\/1"}],"replies":[{"embeddable":true,"href":"https:\/\/kurcaloglu.com\/fr\/wp-json\/wp\/v2\/comments?post=13690"}],"version-history":[{"count":8,"href":"https:\/\/kurcaloglu.com\/fr\/wp-json\/wp\/v2\/pages\/13690\/revisions"}],"predecessor-version":[{"id":13719,"href":"https:\/\/kurcaloglu.com\/fr\/wp-json\/wp\/v2\/pages\/13690\/revisions\/13719"}],"wp:attachment":[{"href":"https:\/\/kurcaloglu.com\/fr\/wp-json\/wp\/v2\/media?parent=13690"}],"curies":[{"name":"wp","href":"https:\/\/api.w.org\/{rel}","templated":true}]}}